{"id":17602,"date":"2025-06-12T07:51:29","date_gmt":"2025-06-12T10:51:29","guid":{"rendered":"https:\/\/rms-enlinea.com.ar\/tienda\/producto\/bafle-pasivo-10-120w-rms-105db-ampro-tecshow-bam-1000\/"},"modified":"2026-04-02T19:20:11","modified_gmt":"2026-04-02T22:20:11","slug":"bafle-pasivo-10-120w-rms-105db-ampro-tecshow-bam-1000","status":"publish","type":"product","link":"https:\/\/rms-enlinea.com.ar\/tienda\/producto\/bafle-pasivo-10-120w-rms-105db-ampro-tecshow-bam-1000\/","title":{"rendered":"Bafle Pasivo 10 120w Rms 105db Ampro Tecshow Bam-1000"},"content":{"rendered":"<p>BAM 10 ES UN ALTAVOZ PASIVO DE 2 V\u00cdAS QUE CUENTA CON UN PARLANTE DE 10&#8243; Y UN DRIVER DE 1&#8243;, CON UNA DISPERSI\u00d3N 90\u00baX45\u00ba. CON UNA POTENCIA NOMINAL DE 120W RMS, EL ALTAVOZ POSEE UNA RESPUESTA DE FRECUENCIA DE 65HZ A 18KHZ, ALCANZANDO UN SPL M\u00c1XIMO DE 105 DB.BAM 10, EN LO QUE SE REFIERE A SU DISE\u00d1O, TIENE UN GABINETE DE COPOL\u00cdMERO DE ALTO IMPACTO, IDEAL PARA APLICACIONES M\u00d3VILES O COMERCIALES COMO CONFERENCIAS DE PRENSA, BARES, AUDITORIOS Y GIMNASIOS.<\/p>\n<p>ESPECIFICACIONESCOMPONENTES<br \/>\nLF: ALTAVOZ DE 10&#8243;, CON BOBINA DE 1,5&#8243;<br \/>\nHF: DRIVER DE 1&#8243;<\/p>\n<p>CARACTER\u00cdSTICAS<br \/>\nPOTENCIA NOMINAL: 120W RMS<br \/>\nIMPEDANCIA NOMINAL: 8-OHM<br \/>\nRESPUESTA DE FRECUENCIA (-10DB): 65HZ-18KHZ<br \/>\nFRECUENCIA DE CORTE: 3000HZ<br \/>\nSENSIBILIDAD: 95DB \/W\/M<br \/>\nPICO SPL @ 1M: 105 DB<br \/>\nDISPERSI\u00d3N NOMINAL (HXV): 90\u00baX45\u00ba<\/p>\n<p>F\u00cdSICO<br \/>\nDIMENSIONES: 360X295X540 MM. \/ 14X11.6X21 PULG.<br \/>\nPESO: 5 KG. \/ 11 LBS.<\/p>\n","protected":false},"excerpt":{"rendered":"<p>BAM 10 ES UN ALTAVOZ PASIVO DE 2 V\u00cdAS QUE CUENTA CON UN PARLANTE DE 10&#8243; Y UN DRIVER DE 1&#8243;, CON UNA DISPERSI\u00d3N 90\u00baX45\u00ba. CON UNA POTENCIA NOMINAL DE 120W RMS, EL ALTAVOZ POSEE UNA RESPUESTA DE FRECUENCIA DE 65HZ A 18KHZ, ALCANZANDO UN SPL M\u00c1XIMO DE 105 DB.BAM 10, EN LO QUE SE [&hellip;]<\/p>\n","protected":false},"featured_media":17603,"comment_status":"open","ping_status":"closed","template":"","meta":{"_uag_custom_page_level_css":""},"product_brand":[],"product_cat":[36],"product_tag":[],"class_list":{"0":"post-17602","1":"product","2":"type-product","3":"status-publish","4":"has-post-thumbnail","6":"product_cat-bafles","8":"first","9":"outofstock","10":"sale","11":"taxable","12":"shipping-taxable","13":"purchasable","14":"product-type-simple"},"uagb_featured_image_src":{"full":["https:\/\/rms-enlinea.com.ar\/wp-content\/uploads\/2025\/06\/D_814787-MLA49635527982_042022-F.jpg",343,521,false],"thumbnail":["https:\/\/rms-enlinea.com.ar\/wp-content\/uploads\/2025\/06\/D_814787-MLA49635527982_042022-F-150x150.jpg",150,150,true],"medium":["https:\/\/rms-enlinea.com.ar\/wp-content\/uploads\/2025\/06\/D_814787-MLA49635527982_042022-F-198x300.jpg",198,300,true],"medium_large":["https:\/\/rms-enlinea.com.ar\/wp-content\/uploads\/2025\/06\/D_814787-MLA49635527982_042022-F.jpg",343,521,false],"large":["https:\/\/rms-enlinea.com.ar\/wp-content\/uploads\/2025\/06\/D_814787-MLA49635527982_042022-F.jpg",343,521,false],"1536x1536":["https:\/\/rms-enlinea.com.ar\/wp-content\/uploads\/2025\/06\/D_814787-MLA49635527982_042022-F.jpg",343,521,false],"2048x2048":["https:\/\/rms-enlinea.com.ar\/wp-content\/uploads\/2025\/06\/D_814787-MLA49635527982_042022-F.jpg",343,521,false],"woocommerce_thumbnail":["https:\/\/rms-enlinea.com.ar\/wp-content\/uploads\/2025\/06\/D_814787-MLA49635527982_042022-F-343x450.jpg",343,450,true],"woocommerce_single":["https:\/\/rms-enlinea.com.ar\/wp-content\/uploads\/2025\/06\/D_814787-MLA49635527982_042022-F.jpg",343,521,false],"woocommerce_gallery_thumbnail":["https:\/\/rms-enlinea.com.ar\/wp-content\/uploads\/2025\/06\/D_814787-MLA49635527982_042022-F-100x100.jpg",100,100,true]},"uagb_author_info":{"display_name":"l0071054","author_link":"https:\/\/rms-enlinea.com.ar\/tienda\/author\/"},"uagb_comment_info":0,"uagb_excerpt":"BAM 10 ES UN ALTAVOZ PASIVO DE 2 V\u00cdAS QUE CUENTA CON UN PARLANTE DE 10&#8243; Y UN DRIVER DE 1&#8243;, CON UNA DISPERSI\u00d3N 90\u00baX45\u00ba. CON UNA POTENCIA NOMINAL DE 120W RMS, EL ALTAVOZ POSEE UNA RESPUESTA DE FRECUENCIA DE 65HZ A 18KHZ, ALCANZANDO UN SPL M\u00c1XIMO DE 105 DB.BAM 10, EN LO QUE SE&hellip;","_links":{"self":[{"href":"https:\/\/rms-enlinea.com.ar\/tienda\/wp-json\/wp\/v2\/product\/17602","targetHints":{"allow":["GET"]}}],"collection":[{"href":"https:\/\/rms-enlinea.com.ar\/tienda\/wp-json\/wp\/v2\/product"}],"about":[{"href":"https:\/\/rms-enlinea.com.ar\/tienda\/wp-json\/wp\/v2\/types\/product"}],"replies":[{"embeddable":true,"href":"https:\/\/rms-enlinea.com.ar\/tienda\/wp-json\/wp\/v2\/comments?post=17602"}],"wp:featuredmedia":[{"embeddable":true,"href":"https:\/\/rms-enlinea.com.ar\/tienda\/wp-json\/wp\/v2\/media\/17603"}],"wp:attachment":[{"href":"https:\/\/rms-enlinea.com.ar\/tienda\/wp-json\/wp\/v2\/media?parent=17602"}],"wp:term":[{"taxonomy":"product_brand","embeddable":true,"href":"https:\/\/rms-enlinea.com.ar\/tienda\/wp-json\/wp\/v2\/product_brand?post=17602"},{"taxonomy":"product_cat","embeddable":true,"href":"https:\/\/rms-enlinea.com.ar\/tienda\/wp-json\/wp\/v2\/product_cat?post=17602"},{"taxonomy":"product_tag","embeddable":true,"href":"https:\/\/rms-enlinea.com.ar\/tienda\/wp-json\/wp\/v2\/product_tag?post=17602"}],"curies":[{"name":"wp","href":"https:\/\/api.w.org\/{rel}","templated":true}]}}