{"id":17606,"date":"2025-06-12T07:51:33","date_gmt":"2025-06-12T10:51:33","guid":{"rendered":"https:\/\/rms-enlinea.com.ar\/tienda\/producto\/bafle-pasivo-8-100w-rms-105db-ampro-tecshow-bam-800\/"},"modified":"2026-04-06T11:55:16","modified_gmt":"2026-04-06T14:55:16","slug":"bafle-pasivo-8-100w-rms-105db-ampro-tecshow-bam-800","status":"publish","type":"product","link":"https:\/\/rms-enlinea.com.ar\/tienda\/producto\/bafle-pasivo-8-100w-rms-105db-ampro-tecshow-bam-800\/","title":{"rendered":"Bafle Pasivo 8 100w Rms 105db Ampro Tecshow Bam-800"},"content":{"rendered":"<p>BAM 8 ES UN ALTAVOZ PASIVO DE 2 V\u00cdAS QUE CUENTA CON UN PARLANTE DE 8&#8243; Y UN DRIVER DE 1&#8243;, CON UNA DISPERSI\u00d3N 90\u00baX45\u00ba. CON UNA POTENCIA NOMINAL DE 100W RMS, EL ALTAVOZ POSEE UNA RESPUESTA DE FRECUENCIA DE 70HZ A 18KHZ, ALCANZANDO UN SPL M\u00c1XIMO DE 105 DB.BAM 8, EN LO QUE SE REFIERE A SU DISE\u00d1O, TIENE UN GABINETE DE COPOL\u00cdMERO DE ALTO IMPACTO, IDEAL PARA APLICACIONES M\u00d3VILES O COMERCIALES COMO CONFERENCIAS DE PRENSA, BARES, AUDITORIOS Y GIMNASIOS.<\/p>\n<p>ESPECIFICACIONESCOMPONENTES<br \/>\nLF: ALTAVOZ DE 8&#8243;<br \/>\nHF: DRIVER DE 1&#8243;<\/p>\n<p>CARACTER\u00cdSTICAS<br \/>\nPOTENCIA NOMINAL: 100W RMS<br \/>\nIMPEDANCIA NOMINAL: 8-OHM<br \/>\nRESPUESTA DE FRECUENCIA (-10DB): 70HZ-18KHZ<br \/>\nFRECUENCIA DE CORTE: 3000HZ<br \/>\nSENSIBILIDAD: 95DB \/W\/M<br \/>\nPICO SPL @ 1M: 105 DB<br \/>\nDISPERSI\u00d3N NOMINAL (HXV): 90\u00baX45\u00ba<\/p>\n<p>F\u00cdSICO<br \/>\nDIMENSIONES: 295X245X440 MM. \/ 11.6X9.6X17.3 PULG.<br \/>\nPESO: 4 KG. \/ 8.8 LBS.<\/p>\n","protected":false},"excerpt":{"rendered":"<p>BAM 8 ES UN ALTAVOZ PASIVO DE 2 V\u00cdAS QUE CUENTA CON UN PARLANTE DE 8&#8243; Y UN DRIVER DE 1&#8243;, CON UNA DISPERSI\u00d3N 90\u00baX45\u00ba. CON UNA POTENCIA NOMINAL DE 100W RMS, EL ALTAVOZ POSEE UNA RESPUESTA DE FRECUENCIA DE 70HZ A 18KHZ, ALCANZANDO UN SPL M\u00c1XIMO DE 105 DB.BAM 8, EN LO QUE SE [&hellip;]<\/p>\n","protected":false},"featured_media":17607,"comment_status":"open","ping_status":"closed","template":"","meta":{"_uag_custom_page_level_css":""},"product_brand":[],"product_cat":[36],"product_tag":[],"class_list":{"0":"post-17606","1":"product","2":"type-product","3":"status-publish","4":"has-post-thumbnail","6":"product_cat-bafles","8":"first","9":"outofstock","10":"sale","11":"taxable","12":"shipping-taxable","13":"purchasable","14":"product-type-simple"},"uagb_featured_image_src":{"full":["https:\/\/rms-enlinea.com.ar\/wp-content\/uploads\/2025\/06\/D_932144-MLA49634346595_042022-F.jpg",454,688,false],"thumbnail":["https:\/\/rms-enlinea.com.ar\/wp-content\/uploads\/2025\/06\/D_932144-MLA49634346595_042022-F-150x150.jpg",150,150,true],"medium":["https:\/\/rms-enlinea.com.ar\/wp-content\/uploads\/2025\/06\/D_932144-MLA49634346595_042022-F-198x300.jpg",198,300,true],"medium_large":["https:\/\/rms-enlinea.com.ar\/wp-content\/uploads\/2025\/06\/D_932144-MLA49634346595_042022-F.jpg",454,688,false],"large":["https:\/\/rms-enlinea.com.ar\/wp-content\/uploads\/2025\/06\/D_932144-MLA49634346595_042022-F.jpg",454,688,false],"1536x1536":["https:\/\/rms-enlinea.com.ar\/wp-content\/uploads\/2025\/06\/D_932144-MLA49634346595_042022-F.jpg",454,688,false],"2048x2048":["https:\/\/rms-enlinea.com.ar\/wp-content\/uploads\/2025\/06\/D_932144-MLA49634346595_042022-F.jpg",454,688,false],"woocommerce_thumbnail":["https:\/\/rms-enlinea.com.ar\/wp-content\/uploads\/2025\/06\/D_932144-MLA49634346595_042022-F-450x450.jpg",450,450,true],"woocommerce_single":["https:\/\/rms-enlinea.com.ar\/wp-content\/uploads\/2025\/06\/D_932144-MLA49634346595_042022-F.jpg",454,688,false],"woocommerce_gallery_thumbnail":["https:\/\/rms-enlinea.com.ar\/wp-content\/uploads\/2025\/06\/D_932144-MLA49634346595_042022-F-100x100.jpg",100,100,true]},"uagb_author_info":{"display_name":"l0071054","author_link":"https:\/\/rms-enlinea.com.ar\/tienda\/author\/"},"uagb_comment_info":0,"uagb_excerpt":"BAM 8 ES UN ALTAVOZ PASIVO DE 2 V\u00cdAS QUE CUENTA CON UN PARLANTE DE 8&#8243; Y UN DRIVER DE 1&#8243;, CON UNA DISPERSI\u00d3N 90\u00baX45\u00ba. CON UNA POTENCIA NOMINAL DE 100W RMS, EL ALTAVOZ POSEE UNA RESPUESTA DE FRECUENCIA DE 70HZ A 18KHZ, ALCANZANDO UN SPL M\u00c1XIMO DE 105 DB.BAM 8, EN LO QUE SE&hellip;","_links":{"self":[{"href":"https:\/\/rms-enlinea.com.ar\/tienda\/wp-json\/wp\/v2\/product\/17606","targetHints":{"allow":["GET"]}}],"collection":[{"href":"https:\/\/rms-enlinea.com.ar\/tienda\/wp-json\/wp\/v2\/product"}],"about":[{"href":"https:\/\/rms-enlinea.com.ar\/tienda\/wp-json\/wp\/v2\/types\/product"}],"replies":[{"embeddable":true,"href":"https:\/\/rms-enlinea.com.ar\/tienda\/wp-json\/wp\/v2\/comments?post=17606"}],"wp:featuredmedia":[{"embeddable":true,"href":"https:\/\/rms-enlinea.com.ar\/tienda\/wp-json\/wp\/v2\/media\/17607"}],"wp:attachment":[{"href":"https:\/\/rms-enlinea.com.ar\/tienda\/wp-json\/wp\/v2\/media?parent=17606"}],"wp:term":[{"taxonomy":"product_brand","embeddable":true,"href":"https:\/\/rms-enlinea.com.ar\/tienda\/wp-json\/wp\/v2\/product_brand?post=17606"},{"taxonomy":"product_cat","embeddable":true,"href":"https:\/\/rms-enlinea.com.ar\/tienda\/wp-json\/wp\/v2\/product_cat?post=17606"},{"taxonomy":"product_tag","embeddable":true,"href":"https:\/\/rms-enlinea.com.ar\/tienda\/wp-json\/wp\/v2\/product_tag?post=17606"}],"curies":[{"name":"wp","href":"https:\/\/api.w.org\/{rel}","templated":true}]}}