{"id":17615,"date":"2025-06-12T07:51:44","date_gmt":"2025-06-12T10:51:44","guid":{"rendered":"https:\/\/rms-enlinea.com.ar\/tienda\/producto\/fuente-gamer-thermaltake-tr2-500w-500w-atx-pc-tr2-500nl2nc\/"},"modified":"2026-04-02T16:42:20","modified_gmt":"2026-04-02T19:42:20","slug":"fuente-gamer-thermaltake-tr2-500w-500w-atx-pc-tr2-500nl2nc","status":"publish","type":"product","link":"https:\/\/rms-enlinea.com.ar\/tienda\/producto\/fuente-gamer-thermaltake-tr2-500w-500w-atx-pc-tr2-500nl2nc\/","title":{"rendered":"Fuente Gamer Thermaltake Tr2-500w 500w Atx Pc Tr2-500nl2nc"},"content":{"rendered":"<p>Marca de la fuente<\/p>\n<p>Thermaltake<br \/>EAN<\/p>\n<p>0012303824467<br \/>C\u00f3digo universal de producto<\/p>\n<p>0012303824467<br \/>Incluye protecci\u00f3n de bajo voltaje<\/p>\n<p>S\u00ed<br \/>Modelo de la fuente<\/p>\n<p>TR2-500NL2NC<br \/>Cantidad de conectores HDD<\/p>\n<p>5<br \/>Cantidad de conectores SATA<\/p>\n<p>5<br \/>Potencia<\/p>\n<p>500 W<br \/>Tipo de fuente<\/p>\n<p>ATX<br \/>Voltaje<\/p>\n<p>220V<br \/>Marca de la fuente<\/p>\n<p>Thermaltake<br \/>Incluye protecci\u00f3n de bajo voltaje<\/p>\n<p>S\u00ed<br \/>L\u00ednea<\/p>\n<p>TR2<br \/>Modelo de la fuente<\/p>\n<p>TR2-500NL2NC<br \/>Cantidad de conectores HDD<\/p>\n<p>6<br \/>Cantidad de conectores SATA<\/p>\n<p>5<br \/>Potencia<\/p>\n<p>500 W<br \/>Tipo de fuente<\/p>\n<p>ATX<\/p>\n","protected":false},"excerpt":{"rendered":"<p>Marca de la fuente ThermaltakeEAN 0012303824467C\u00f3digo universal de producto 0012303824467Incluye protecci\u00f3n de bajo voltaje S\u00edModelo de la fuente TR2-500NL2NCCantidad de conectores HDD 5Cantidad de conectores SATA 5Potencia 500 WTipo de fuente ATXVoltaje 220VMarca de la fuente ThermaltakeIncluye protecci\u00f3n de bajo voltaje S\u00edL\u00ednea TR2Modelo de la fuente TR2-500NL2NCCantidad de conectores HDD 6Cantidad de conectores SATA 5Potencia [&hellip;]<\/p>\n","protected":false},"featured_media":17616,"comment_status":"open","ping_status":"closed","template":"","meta":{"_uag_custom_page_level_css":""},"product_brand":[561],"product_cat":[108],"product_tag":[],"class_list":{"0":"post-17615","1":"product","2":"type-product","3":"status-publish","4":"has-post-thumbnail","6":"product_brand-thermaltake","7":"product_cat-fuentes-y-cargadores","9":"first","10":"instock","11":"sale","12":"taxable","13":"shipping-taxable","14":"purchasable","15":"product-type-simple"},"uagb_featured_image_src":{"full":["https:\/\/rms-enlinea.com.ar\/wp-content\/uploads\/2025\/06\/D_783452-MLA41799860609_052020-F.jpg",888,871,false],"thumbnail":["https:\/\/rms-enlinea.com.ar\/wp-content\/uploads\/2025\/06\/D_783452-MLA41799860609_052020-F-150x150.jpg",150,150,true],"medium":["https:\/\/rms-enlinea.com.ar\/wp-content\/uploads\/2025\/06\/D_783452-MLA41799860609_052020-F-300x294.jpg",300,294,true],"medium_large":["https:\/\/rms-enlinea.com.ar\/wp-content\/uploads\/2025\/06\/D_783452-MLA41799860609_052020-F-768x753.jpg",768,753,true],"large":["https:\/\/rms-enlinea.com.ar\/wp-content\/uploads\/2025\/06\/D_783452-MLA41799860609_052020-F.jpg",888,871,false],"1536x1536":["https:\/\/rms-enlinea.com.ar\/wp-content\/uploads\/2025\/06\/D_783452-MLA41799860609_052020-F.jpg",888,871,false],"2048x2048":["https:\/\/rms-enlinea.com.ar\/wp-content\/uploads\/2025\/06\/D_783452-MLA41799860609_052020-F.jpg",888,871,false],"woocommerce_thumbnail":["https:\/\/rms-enlinea.com.ar\/wp-content\/uploads\/2025\/06\/D_783452-MLA41799860609_052020-F-450x450.jpg",450,450,true],"woocommerce_single":["https:\/\/rms-enlinea.com.ar\/wp-content\/uploads\/2025\/06\/D_783452-MLA41799860609_052020-F-600x589.jpg",600,589,true],"woocommerce_gallery_thumbnail":["https:\/\/rms-enlinea.com.ar\/wp-content\/uploads\/2025\/06\/D_783452-MLA41799860609_052020-F-100x100.jpg",100,100,true]},"uagb_author_info":{"display_name":"l0071054","author_link":"https:\/\/rms-enlinea.com.ar\/tienda\/author\/"},"uagb_comment_info":0,"uagb_excerpt":"Marca de la fuente ThermaltakeEAN 0012303824467C\u00f3digo universal de producto 0012303824467Incluye protecci\u00f3n de bajo voltaje S\u00edModelo de la fuente TR2-500NL2NCCantidad de conectores HDD 5Cantidad de conectores SATA 5Potencia 500 WTipo de fuente ATXVoltaje 220VMarca de la fuente ThermaltakeIncluye protecci\u00f3n de bajo voltaje S\u00edL\u00ednea TR2Modelo de la fuente TR2-500NL2NCCantidad de conectores HDD 6Cantidad de conectores SATA 5Potencia&hellip;","_links":{"self":[{"href":"https:\/\/rms-enlinea.com.ar\/tienda\/wp-json\/wp\/v2\/product\/17615","targetHints":{"allow":["GET"]}}],"collection":[{"href":"https:\/\/rms-enlinea.com.ar\/tienda\/wp-json\/wp\/v2\/product"}],"about":[{"href":"https:\/\/rms-enlinea.com.ar\/tienda\/wp-json\/wp\/v2\/types\/product"}],"replies":[{"embeddable":true,"href":"https:\/\/rms-enlinea.com.ar\/tienda\/wp-json\/wp\/v2\/comments?post=17615"}],"wp:featuredmedia":[{"embeddable":true,"href":"https:\/\/rms-enlinea.com.ar\/tienda\/wp-json\/wp\/v2\/media\/17616"}],"wp:attachment":[{"href":"https:\/\/rms-enlinea.com.ar\/tienda\/wp-json\/wp\/v2\/media?parent=17615"}],"wp:term":[{"taxonomy":"product_brand","embeddable":true,"href":"https:\/\/rms-enlinea.com.ar\/tienda\/wp-json\/wp\/v2\/product_brand?post=17615"},{"taxonomy":"product_cat","embeddable":true,"href":"https:\/\/rms-enlinea.com.ar\/tienda\/wp-json\/wp\/v2\/product_cat?post=17615"},{"taxonomy":"product_tag","embeddable":true,"href":"https:\/\/rms-enlinea.com.ar\/tienda\/wp-json\/wp\/v2\/product_tag?post=17615"}],"curies":[{"name":"wp","href":"https:\/\/api.w.org\/{rel}","templated":true}]}}