{"id":17766,"date":"2025-06-12T07:55:32","date_gmt":"2025-06-12T10:55:32","guid":{"rendered":"https:\/\/rms-enlinea.com.ar\/tienda\/producto\/tripode-con-malacate-3-30m-100kg-acero-zincado-jk4-jp705m\/"},"modified":"2026-04-06T12:10:21","modified_gmt":"2026-04-06T15:10:21","slug":"tripode-con-malacate-3-30m-100kg-acero-zincado-jk4-jp705m","status":"publish","type":"product","link":"https:\/\/rms-enlinea.com.ar\/tienda\/producto\/tripode-con-malacate-3-30m-100kg-acero-zincado-jk4-jp705m\/","title":{"rendered":"Tripode Con Malacate 3.30m 100kg Acero Zincado Jk4 Jp705m"},"content":{"rendered":"<p>TIPO DE PRODUCTO: TR\u00cdPODE <br \/>TIPO: LINEA PESADA CON MALACATE5<br \/>FABRICADO EN ACERO<br \/>SOPORTA HASTA 100KG DE CARGA<br \/>ALTURA M\u00c1XIMA: 3,30 M<br \/>ALTURA M\u00cdNIMA: 1,80 M<br \/>LARGO CERRADO: 1,60 M<br \/>DI\u00c1METRO DE BASE DESPLEGADA: 1,75 M<br \/>PESO: 17KG<br \/>TRATAMIENTO ZINCADO<\/p>\n<p>IMPORTANTE: <\/p>\n<p>\/\/\/ MERCADO ENVIOS. EL M\u00c1XIMO PERMITIDO EN ENVIOS ES DE 1.5m. ESTE PRODUCTO NO PUEDE VIAJAR POR MERCADO ENVIOS !!!. <\/p>\n<p>\/\/\/ TENDR\u00c1 QUE RETIRAR O USAR TRANSPORTES HABILITADOS PARA ESTAS CARGAS.<\/p>\n","protected":false},"excerpt":{"rendered":"<p>TIPO DE PRODUCTO: TR\u00cdPODE TIPO: LINEA PESADA CON MALACATE5FABRICADO EN ACEROSOPORTA HASTA 100KG DE CARGAALTURA M\u00c1XIMA: 3,30 MALTURA M\u00cdNIMA: 1,80 MLARGO CERRADO: 1,60 MDI\u00c1METRO DE BASE DESPLEGADA: 1,75 MPESO: 17KGTRATAMIENTO ZINCADO IMPORTANTE: \/\/\/ MERCADO ENVIOS. EL M\u00c1XIMO PERMITIDO EN ENVIOS ES DE 1.5m. ESTE PRODUCTO NO PUEDE VIAJAR POR MERCADO ENVIOS !!!. \/\/\/ TENDR\u00c1 QUE [&hellip;]<\/p>\n","protected":false},"featured_media":17767,"comment_status":"open","ping_status":"closed","template":"","meta":{"_uag_custom_page_level_css":""},"product_brand":[],"product_cat":[81,96],"product_tag":[],"class_list":{"0":"post-17766","1":"product","2":"type-product","3":"status-publish","4":"has-post-thumbnail","6":"product_cat-tripodes-y-soportes","7":"product_cat-tripodes-y-soportes-iluminacion-profesional","9":"first","10":"instock","11":"sale","12":"taxable","13":"shipping-taxable","14":"purchasable","15":"product-type-simple"},"uagb_featured_image_src":{"full":["https:\/\/rms-enlinea.com.ar\/wp-content\/uploads\/2025\/06\/D_888610-MLA31497561955_072019-F.jpg",408,821,false],"thumbnail":["https:\/\/rms-enlinea.com.ar\/wp-content\/uploads\/2025\/06\/D_888610-MLA31497561955_072019-F-150x150.jpg",150,150,true],"medium":["https:\/\/rms-enlinea.com.ar\/wp-content\/uploads\/2025\/06\/D_888610-MLA31497561955_072019-F-149x300.jpg",149,300,true],"medium_large":["https:\/\/rms-enlinea.com.ar\/wp-content\/uploads\/2025\/06\/D_888610-MLA31497561955_072019-F.jpg",408,821,false],"large":["https:\/\/rms-enlinea.com.ar\/wp-content\/uploads\/2025\/06\/D_888610-MLA31497561955_072019-F.jpg",408,821,false],"1536x1536":["https:\/\/rms-enlinea.com.ar\/wp-content\/uploads\/2025\/06\/D_888610-MLA31497561955_072019-F.jpg",408,821,false],"2048x2048":["https:\/\/rms-enlinea.com.ar\/wp-content\/uploads\/2025\/06\/D_888610-MLA31497561955_072019-F.jpg",408,821,false],"woocommerce_thumbnail":["https:\/\/rms-enlinea.com.ar\/wp-content\/uploads\/2025\/06\/D_888610-MLA31497561955_072019-F-408x450.jpg",408,450,true],"woocommerce_single":["https:\/\/rms-enlinea.com.ar\/wp-content\/uploads\/2025\/06\/D_888610-MLA31497561955_072019-F.jpg",408,821,false],"woocommerce_gallery_thumbnail":["https:\/\/rms-enlinea.com.ar\/wp-content\/uploads\/2025\/06\/D_888610-MLA31497561955_072019-F-100x100.jpg",100,100,true]},"uagb_author_info":{"display_name":"l0071054","author_link":"https:\/\/rms-enlinea.com.ar\/tienda\/author\/"},"uagb_comment_info":0,"uagb_excerpt":"TIPO DE PRODUCTO: TR\u00cdPODE TIPO: LINEA PESADA CON MALACATE5FABRICADO EN ACEROSOPORTA HASTA 100KG DE CARGAALTURA M\u00c1XIMA: 3,30 MALTURA M\u00cdNIMA: 1,80 MLARGO CERRADO: 1,60 MDI\u00c1METRO DE BASE DESPLEGADA: 1,75 MPESO: 17KGTRATAMIENTO ZINCADO IMPORTANTE: \/\/\/ MERCADO ENVIOS. EL M\u00c1XIMO PERMITIDO EN ENVIOS ES DE 1.5m. ESTE PRODUCTO NO PUEDE VIAJAR POR MERCADO ENVIOS !!!. \/\/\/ TENDR\u00c1 QUE&hellip;","_links":{"self":[{"href":"https:\/\/rms-enlinea.com.ar\/tienda\/wp-json\/wp\/v2\/product\/17766","targetHints":{"allow":["GET"]}}],"collection":[{"href":"https:\/\/rms-enlinea.com.ar\/tienda\/wp-json\/wp\/v2\/product"}],"about":[{"href":"https:\/\/rms-enlinea.com.ar\/tienda\/wp-json\/wp\/v2\/types\/product"}],"replies":[{"embeddable":true,"href":"https:\/\/rms-enlinea.com.ar\/tienda\/wp-json\/wp\/v2\/comments?post=17766"}],"wp:featuredmedia":[{"embeddable":true,"href":"https:\/\/rms-enlinea.com.ar\/tienda\/wp-json\/wp\/v2\/media\/17767"}],"wp:attachment":[{"href":"https:\/\/rms-enlinea.com.ar\/tienda\/wp-json\/wp\/v2\/media?parent=17766"}],"wp:term":[{"taxonomy":"product_brand","embeddable":true,"href":"https:\/\/rms-enlinea.com.ar\/tienda\/wp-json\/wp\/v2\/product_brand?post=17766"},{"taxonomy":"product_cat","embeddable":true,"href":"https:\/\/rms-enlinea.com.ar\/tienda\/wp-json\/wp\/v2\/product_cat?post=17766"},{"taxonomy":"product_tag","embeddable":true,"href":"https:\/\/rms-enlinea.com.ar\/tienda\/wp-json\/wp\/v2\/product_tag?post=17766"}],"curies":[{"name":"wp","href":"https:\/\/api.w.org\/{rel}","templated":true}]}}