{"id":17797,"date":"2025-06-12T07:56:07","date_gmt":"2025-06-12T10:56:07","guid":{"rendered":"https:\/\/rms-enlinea.com.ar\/tienda\/producto\/monitor-de-estudio-5-100w-rms-rcf-ayra-pro-5-x-unidad\/"},"modified":"2026-05-04T09:36:29","modified_gmt":"2026-05-04T12:36:29","slug":"monitor-de-estudio-5-100w-rms-rcf-ayra-pro-5-x-unidad","status":"publish","type":"product","link":"https:\/\/rms-enlinea.com.ar\/tienda\/producto\/monitor-de-estudio-5-100w-rms-rcf-ayra-pro-5-x-unidad\/","title":{"rendered":"Monitor De Estudio 5 100w Rms Rcf Ayra Pro 5 X Unidad"},"content":{"rendered":"<p>ESPECIFICACIONES ACUSTICAS<br \/>RESPUESTA EN FRECUENCIA: 50 HZ \u00f7 20000 HZ<br \/>SPL M\u00c1X. A 1 M: 110 DB<br \/>\u00c1NGULO DE COBERTURA HORIZONTAL: 110\u00b0<br \/>\u00c1NGULO DE COBERTURA VERTICAL: 70\u00b0<\/p>\n<p>TRANSDUCTORES <br \/>TWEETER DE DOMO: 1.0&#8221; NEO, 1.0&#8221; V.C<br \/>ALTAVOZ DE BAJOS: 5.0&#8221;, 1.0&#8221; V.C<\/p>\n<p>SECCI\u00d3N DE ENTRADA\/SECCI\u00d3N DE SALIDA<br \/>SE\u00d1AL DE ENTRADA: BAL\/UNBAL<br \/>CONECTORES DE ENTRADA: XLR, JACK, RCA<br \/>SENSIBILIDAD DE ENTRADA: -2 DBU\/+4 DBU<\/p>\n<p>SECCI\u00d3N DE PROCESO<br \/>FRECUENCIAS DE CRUCE: 2000HZ<br \/>LIMITADOR: SOFT LIMITER<\/p>\n<p>SECCI\u00d3N DE POTENCIA<br \/>POTENCIA TOTAL: 200 W PEAK, 100 W RMS<br \/>AGUDOS: 50 W PEAK, 25 W RMS<br \/>BAJAS FRECUENCIAS: 150 W PEAK, 75 W RMS<br \/>CONEXIONES: XLR, JACK, RCA<br \/>CUMPLIMIENTO EST\u00c1NDAR<br \/>CERTIFICADO CE: YES<br \/>ESPECIFICACIONES F\u00cdSICAS<br \/>MATERIAL DEL GABINETE\/DE LA CAJA: MDF<br \/>COLOR: BLACK &#8211; RAL 9005<\/p>\n<p>TAMA\u00d1O <br \/>ALTURA: 300 MM \/ 11.81 INCHES<br \/>ANCHO: 185 MM \/ 7.28 INCHES<br \/>PROFUNDIDAD: 243 MM \/ 9.57 INCHES<br \/>PESO: 4.3 KG \/ 9.48 LBS<\/p>\n<p>INFORMACIONES DE ENV\u00cdO<br \/>ALTURA DE PAQUETE: 400 MM \/ 15.75 INCHES<br \/>ANCHURA DE PAQUETE: 339 MM \/ 13.35 INCHES<br \/>PROFUNDIDAD DE PAQUETE: 261 MM \/ 10.28 INCHES<br \/>PESO DE PAQUETE: 6 KG \/ 13.23 LBS<\/p>\n","protected":false},"excerpt":{"rendered":"<p>ESPECIFICACIONES ACUSTICASRESPUESTA EN FRECUENCIA: 50 HZ \u00f7 20000 HZSPL M\u00c1X. A 1 M: 110 DB\u00c1NGULO DE COBERTURA HORIZONTAL: 110\u00b0\u00c1NGULO DE COBERTURA VERTICAL: 70\u00b0 TRANSDUCTORES TWEETER DE DOMO: 1.0&#8221; NEO, 1.0&#8221; V.CALTAVOZ DE BAJOS: 5.0&#8221;, 1.0&#8221; V.C SECCI\u00d3N DE ENTRADA\/SECCI\u00d3N DE SALIDASE\u00d1AL DE ENTRADA: BAL\/UNBALCONECTORES DE ENTRADA: XLR, JACK, RCASENSIBILIDAD DE ENTRADA: -2 DBU\/+4 DBU SECCI\u00d3N [&hellip;]<\/p>\n","protected":false},"featured_media":17798,"comment_status":"open","ping_status":"closed","template":"","meta":{"_uag_custom_page_level_css":""},"product_brand":[],"product_cat":[76],"product_tag":[],"class_list":{"0":"post-17797","1":"product","2":"type-product","3":"status-publish","4":"has-post-thumbnail","6":"product_cat-monitores-de-estudio","8":"first","9":"outofstock","10":"sale","11":"taxable","12":"shipping-taxable","13":"purchasable","14":"product-type-simple"},"uagb_featured_image_src":{"full":["https:\/\/rms-enlinea.com.ar\/wp-content\/uploads\/2025\/06\/D_678245-MLA51169098731_082022-F.jpg",512,577,false],"thumbnail":["https:\/\/rms-enlinea.com.ar\/wp-content\/uploads\/2025\/06\/D_678245-MLA51169098731_082022-F-150x150.jpg",150,150,true],"medium":["https:\/\/rms-enlinea.com.ar\/wp-content\/uploads\/2025\/06\/D_678245-MLA51169098731_082022-F-266x300.jpg",266,300,true],"medium_large":["https:\/\/rms-enlinea.com.ar\/wp-content\/uploads\/2025\/06\/D_678245-MLA51169098731_082022-F.jpg",512,577,false],"large":["https:\/\/rms-enlinea.com.ar\/wp-content\/uploads\/2025\/06\/D_678245-MLA51169098731_082022-F.jpg",512,577,false],"1536x1536":["https:\/\/rms-enlinea.com.ar\/wp-content\/uploads\/2025\/06\/D_678245-MLA51169098731_082022-F.jpg",512,577,false],"2048x2048":["https:\/\/rms-enlinea.com.ar\/wp-content\/uploads\/2025\/06\/D_678245-MLA51169098731_082022-F.jpg",512,577,false],"woocommerce_thumbnail":["https:\/\/rms-enlinea.com.ar\/wp-content\/uploads\/2025\/06\/D_678245-MLA51169098731_082022-F-450x450.jpg",450,450,true],"woocommerce_single":["https:\/\/rms-enlinea.com.ar\/wp-content\/uploads\/2025\/06\/D_678245-MLA51169098731_082022-F.jpg",512,577,false],"woocommerce_gallery_thumbnail":["https:\/\/rms-enlinea.com.ar\/wp-content\/uploads\/2025\/06\/D_678245-MLA51169098731_082022-F-100x100.jpg",100,100,true]},"uagb_author_info":{"display_name":"l0071054","author_link":"https:\/\/rms-enlinea.com.ar\/tienda\/author\/"},"uagb_comment_info":0,"uagb_excerpt":"ESPECIFICACIONES ACUSTICASRESPUESTA EN FRECUENCIA: 50 HZ \u00f7 20000 HZSPL M\u00c1X. A 1 M: 110 DB\u00c1NGULO DE COBERTURA HORIZONTAL: 110\u00b0\u00c1NGULO DE COBERTURA VERTICAL: 70\u00b0 TRANSDUCTORES TWEETER DE DOMO: 1.0&#8221; NEO, 1.0&#8221; V.CALTAVOZ DE BAJOS: 5.0&#8221;, 1.0&#8221; V.C SECCI\u00d3N DE ENTRADA\/SECCI\u00d3N DE SALIDASE\u00d1AL DE ENTRADA: BAL\/UNBALCONECTORES DE ENTRADA: XLR, JACK, RCASENSIBILIDAD DE ENTRADA: -2 DBU\/+4 DBU SECCI\u00d3N&hellip;","_links":{"self":[{"href":"https:\/\/rms-enlinea.com.ar\/tienda\/wp-json\/wp\/v2\/product\/17797","targetHints":{"allow":["GET"]}}],"collection":[{"href":"https:\/\/rms-enlinea.com.ar\/tienda\/wp-json\/wp\/v2\/product"}],"about":[{"href":"https:\/\/rms-enlinea.com.ar\/tienda\/wp-json\/wp\/v2\/types\/product"}],"replies":[{"embeddable":true,"href":"https:\/\/rms-enlinea.com.ar\/tienda\/wp-json\/wp\/v2\/comments?post=17797"}],"wp:featuredmedia":[{"embeddable":true,"href":"https:\/\/rms-enlinea.com.ar\/tienda\/wp-json\/wp\/v2\/media\/17798"}],"wp:attachment":[{"href":"https:\/\/rms-enlinea.com.ar\/tienda\/wp-json\/wp\/v2\/media?parent=17797"}],"wp:term":[{"taxonomy":"product_brand","embeddable":true,"href":"https:\/\/rms-enlinea.com.ar\/tienda\/wp-json\/wp\/v2\/product_brand?post=17797"},{"taxonomy":"product_cat","embeddable":true,"href":"https:\/\/rms-enlinea.com.ar\/tienda\/wp-json\/wp\/v2\/product_cat?post=17797"},{"taxonomy":"product_tag","embeddable":true,"href":"https:\/\/rms-enlinea.com.ar\/tienda\/wp-json\/wp\/v2\/product_tag?post=17797"}],"curies":[{"name":"wp","href":"https:\/\/api.w.org\/{rel}","templated":true}]}}