{"id":17831,"date":"2025-06-12T07:56:49","date_gmt":"2025-06-12T10:56:49","guid":{"rendered":"https:\/\/rms-enlinea.com.ar\/tienda\/producto\/stream-deck-elgato-8-teclas-lcd-4-diales-usb-2-0-blanco\/"},"modified":"2026-03-31T20:17:51","modified_gmt":"2026-03-31T23:17:51","slug":"stream-deck-elgato-8-teclas-lcd-4-diales-usb-2-0-blanco","status":"publish","type":"product","link":"https:\/\/rms-enlinea.com.ar\/tienda\/producto\/stream-deck-elgato-8-teclas-lcd-4-diales-usb-2-0-blanco\/","title":{"rendered":"Stream Deck + Elgato 8 Teclas Lcd 4 Diales Usb 2.0 Blanco"},"content":{"rendered":"<p>Teclas: 8 teclas LCD personalizables.<\/p>\n<p>Diales Multifunci\u00f3n: 4 codificadores de 360\u00b0 pulsables.<\/p>\n<p>Panel Lcd T\u00e1ctil: 108 \u00d7 14 cm \/ 4,2 \u00d7 0,5 pulgadas.<\/p>\n<p>Interfaz: USB 2.0.<\/p>\n<p>Dimensiones: 140 \u00d7 138 \u00d7 110 mm \/ 5,5 \u00d7 5,4 \u00d7 4,3 pulgadas.<\/p>\n<p>Peso: 465 g \/ 1 lbs.<\/p>\n","protected":false},"excerpt":{"rendered":"<p>Teclas: 8 teclas LCD personalizables. Diales Multifunci\u00f3n: 4 codificadores de 360\u00b0 pulsables. Panel Lcd T\u00e1ctil: 108 \u00d7 14 cm \/ 4,2 \u00d7 0,5 pulgadas. Interfaz: USB 2.0. Dimensiones: 140 \u00d7 138 \u00d7 110 mm \/ 5,5 \u00d7 5,4 \u00d7 4,3 pulgadas. Peso: 465 g \/ 1 lbs.<\/p>\n","protected":false},"featured_media":17832,"comment_status":"open","ping_status":"closed","template":"","meta":{"_uag_custom_page_level_css":""},"product_brand":[],"product_cat":[125],"product_tag":[],"class_list":{"0":"post-17831","1":"product","2":"type-product","3":"status-publish","4":"has-post-thumbnail","6":"product_cat-teclados-y-mouses","8":"first","9":"outofstock","10":"sale","11":"taxable","12":"shipping-taxable","13":"purchasable","14":"product-type-simple"},"uagb_featured_image_src":{"full":["https:\/\/rms-enlinea.com.ar\/wp-content\/uploads\/2025\/06\/D_603983-MLA81650414090_012025-F.jpg",883,851,false],"thumbnail":["https:\/\/rms-enlinea.com.ar\/wp-content\/uploads\/2025\/06\/D_603983-MLA81650414090_012025-F-150x150.jpg",150,150,true],"medium":["https:\/\/rms-enlinea.com.ar\/wp-content\/uploads\/2025\/06\/D_603983-MLA81650414090_012025-F-300x289.jpg",300,289,true],"medium_large":["https:\/\/rms-enlinea.com.ar\/wp-content\/uploads\/2025\/06\/D_603983-MLA81650414090_012025-F-768x740.jpg",768,740,true],"large":["https:\/\/rms-enlinea.com.ar\/wp-content\/uploads\/2025\/06\/D_603983-MLA81650414090_012025-F.jpg",883,851,false],"1536x1536":["https:\/\/rms-enlinea.com.ar\/wp-content\/uploads\/2025\/06\/D_603983-MLA81650414090_012025-F.jpg",883,851,false],"2048x2048":["https:\/\/rms-enlinea.com.ar\/wp-content\/uploads\/2025\/06\/D_603983-MLA81650414090_012025-F.jpg",883,851,false],"woocommerce_thumbnail":["https:\/\/rms-enlinea.com.ar\/wp-content\/uploads\/2025\/06\/D_603983-MLA81650414090_012025-F-450x450.jpg",450,450,true],"woocommerce_single":["https:\/\/rms-enlinea.com.ar\/wp-content\/uploads\/2025\/06\/D_603983-MLA81650414090_012025-F-600x578.jpg",600,578,true],"woocommerce_gallery_thumbnail":["https:\/\/rms-enlinea.com.ar\/wp-content\/uploads\/2025\/06\/D_603983-MLA81650414090_012025-F-100x100.jpg",100,100,true]},"uagb_author_info":{"display_name":"l0071054","author_link":"https:\/\/rms-enlinea.com.ar\/tienda\/author\/"},"uagb_comment_info":0,"uagb_excerpt":"Teclas: 8 teclas LCD personalizables. Diales Multifunci\u00f3n: 4 codificadores de 360\u00b0 pulsables. Panel Lcd T\u00e1ctil: 108 \u00d7 14 cm \/ 4,2 \u00d7 0,5 pulgadas. Interfaz: USB 2.0. Dimensiones: 140 \u00d7 138 \u00d7 110 mm \/ 5,5 \u00d7 5,4 \u00d7 4,3 pulgadas. Peso: 465 g \/ 1 lbs.","_links":{"self":[{"href":"https:\/\/rms-enlinea.com.ar\/tienda\/wp-json\/wp\/v2\/product\/17831","targetHints":{"allow":["GET"]}}],"collection":[{"href":"https:\/\/rms-enlinea.com.ar\/tienda\/wp-json\/wp\/v2\/product"}],"about":[{"href":"https:\/\/rms-enlinea.com.ar\/tienda\/wp-json\/wp\/v2\/types\/product"}],"replies":[{"embeddable":true,"href":"https:\/\/rms-enlinea.com.ar\/tienda\/wp-json\/wp\/v2\/comments?post=17831"}],"wp:featuredmedia":[{"embeddable":true,"href":"https:\/\/rms-enlinea.com.ar\/tienda\/wp-json\/wp\/v2\/media\/17832"}],"wp:attachment":[{"href":"https:\/\/rms-enlinea.com.ar\/tienda\/wp-json\/wp\/v2\/media?parent=17831"}],"wp:term":[{"taxonomy":"product_brand","embeddable":true,"href":"https:\/\/rms-enlinea.com.ar\/tienda\/wp-json\/wp\/v2\/product_brand?post=17831"},{"taxonomy":"product_cat","embeddable":true,"href":"https:\/\/rms-enlinea.com.ar\/tienda\/wp-json\/wp\/v2\/product_cat?post=17831"},{"taxonomy":"product_tag","embeddable":true,"href":"https:\/\/rms-enlinea.com.ar\/tienda\/wp-json\/wp\/v2\/product_tag?post=17831"}],"curies":[{"name":"wp","href":"https:\/\/api.w.org\/{rel}","templated":true}]}}