{"id":17846,"date":"2025-06-12T07:57:02","date_gmt":"2025-06-12T10:57:02","guid":{"rendered":"https:\/\/rms-enlinea.com.ar\/tienda\/producto\/microfono-logitech-yeticaster-988-000514-brazo-articulado\/"},"modified":"2026-04-06T13:54:35","modified_gmt":"2026-04-06T16:54:35","slug":"microfono-logitech-yeticaster-988-000514-brazo-articulado","status":"publish","type":"product","link":"https:\/\/rms-enlinea.com.ar\/tienda\/producto\/microfono-logitech-yeticaster-988-000514-brazo-articulado\/","title":{"rendered":"Microfono Logitech Yeticaster 988-000514 Brazo Articulado"},"content":{"rendered":"<p>Convierte tu escritorio en un estudio de difusi\u00f3n con Yeticaster de Blue dotado de Yeti, el micr\u00f3fono USB n\u00famero 1 del mundo, suspensi\u00f3n antivibraciones y brazo articulado para difusi\u00f3n Compass<br \/>\nMicr\u00f3fono USB Yeti<br \/>\nBrazo articulado para difusi\u00f3n premium Compass<br \/>\nSuspensi\u00f3n antivibraciones personalizada Radius III<br \/>\nSonido con legendaria calidad de difusi\u00f3n de Blue<br \/>\nCuatro patrones de captaci\u00f3n<br \/>\nControles de audio integrados<br \/>\nPlug and Play en Mac\/PC.<\/p>\n","protected":false},"excerpt":{"rendered":"<p>Convierte tu escritorio en un estudio de difusi\u00f3n con Yeticaster de Blue dotado de Yeti, el micr\u00f3fono USB n\u00famero 1 del mundo, suspensi\u00f3n antivibraciones y brazo articulado para difusi\u00f3n Compass Micr\u00f3fono USB Yeti Brazo articulado para difusi\u00f3n premium Compass Suspensi\u00f3n antivibraciones personalizada Radius III Sonido con legendaria calidad de difusi\u00f3n de Blue Cuatro patrones de [&hellip;]<\/p>\n","protected":false},"featured_media":17847,"comment_status":"open","ping_status":"closed","template":"","meta":{"_uag_custom_page_level_css":""},"product_brand":[549],"product_cat":[75],"product_tag":[],"class_list":{"0":"post-17846","1":"product","2":"type-product","3":"status-publish","4":"has-post-thumbnail","6":"product_brand-logitech","7":"product_cat-microfonos","9":"first","10":"outofstock","11":"sale","12":"taxable","13":"shipping-taxable","14":"purchasable","15":"product-type-simple"},"uagb_featured_image_src":{"full":["https:\/\/rms-enlinea.com.ar\/wp-content\/uploads\/2025\/06\/D_708350-MLA81636775194_012025-F.jpg",681,1200,false],"thumbnail":["https:\/\/rms-enlinea.com.ar\/wp-content\/uploads\/2025\/06\/D_708350-MLA81636775194_012025-F-150x150.jpg",150,150,true],"medium":["https:\/\/rms-enlinea.com.ar\/wp-content\/uploads\/2025\/06\/D_708350-MLA81636775194_012025-F-170x300.jpg",170,300,true],"medium_large":["https:\/\/rms-enlinea.com.ar\/wp-content\/uploads\/2025\/06\/D_708350-MLA81636775194_012025-F.jpg",681,1200,false],"large":["https:\/\/rms-enlinea.com.ar\/wp-content\/uploads\/2025\/06\/D_708350-MLA81636775194_012025-F-581x1024.jpg",581,1024,true],"1536x1536":["https:\/\/rms-enlinea.com.ar\/wp-content\/uploads\/2025\/06\/D_708350-MLA81636775194_012025-F.jpg",681,1200,false],"2048x2048":["https:\/\/rms-enlinea.com.ar\/wp-content\/uploads\/2025\/06\/D_708350-MLA81636775194_012025-F.jpg",681,1200,false],"woocommerce_thumbnail":["https:\/\/rms-enlinea.com.ar\/wp-content\/uploads\/2025\/06\/D_708350-MLA81636775194_012025-F-450x450.jpg",450,450,true],"woocommerce_single":["https:\/\/rms-enlinea.com.ar\/wp-content\/uploads\/2025\/06\/D_708350-MLA81636775194_012025-F-600x1057.jpg",600,1057,true],"woocommerce_gallery_thumbnail":["https:\/\/rms-enlinea.com.ar\/wp-content\/uploads\/2025\/06\/D_708350-MLA81636775194_012025-F-100x100.jpg",100,100,true]},"uagb_author_info":{"display_name":"l0071054","author_link":"https:\/\/rms-enlinea.com.ar\/tienda\/author\/"},"uagb_comment_info":0,"uagb_excerpt":"Convierte tu escritorio en un estudio de difusi\u00f3n con Yeticaster de Blue dotado de Yeti, el micr\u00f3fono USB n\u00famero 1 del mundo, suspensi\u00f3n antivibraciones y brazo articulado para difusi\u00f3n Compass Micr\u00f3fono USB Yeti Brazo articulado para difusi\u00f3n premium Compass Suspensi\u00f3n antivibraciones personalizada Radius III Sonido con legendaria calidad de difusi\u00f3n de Blue Cuatro patrones de&hellip;","_links":{"self":[{"href":"https:\/\/rms-enlinea.com.ar\/tienda\/wp-json\/wp\/v2\/product\/17846","targetHints":{"allow":["GET"]}}],"collection":[{"href":"https:\/\/rms-enlinea.com.ar\/tienda\/wp-json\/wp\/v2\/product"}],"about":[{"href":"https:\/\/rms-enlinea.com.ar\/tienda\/wp-json\/wp\/v2\/types\/product"}],"replies":[{"embeddable":true,"href":"https:\/\/rms-enlinea.com.ar\/tienda\/wp-json\/wp\/v2\/comments?post=17846"}],"wp:featuredmedia":[{"embeddable":true,"href":"https:\/\/rms-enlinea.com.ar\/tienda\/wp-json\/wp\/v2\/media\/17847"}],"wp:attachment":[{"href":"https:\/\/rms-enlinea.com.ar\/tienda\/wp-json\/wp\/v2\/media?parent=17846"}],"wp:term":[{"taxonomy":"product_brand","embeddable":true,"href":"https:\/\/rms-enlinea.com.ar\/tienda\/wp-json\/wp\/v2\/product_brand?post=17846"},{"taxonomy":"product_cat","embeddable":true,"href":"https:\/\/rms-enlinea.com.ar\/tienda\/wp-json\/wp\/v2\/product_cat?post=17846"},{"taxonomy":"product_tag","embeddable":true,"href":"https:\/\/rms-enlinea.com.ar\/tienda\/wp-json\/wp\/v2\/product_tag?post=17846"}],"curies":[{"name":"wp","href":"https:\/\/api.w.org\/{rel}","templated":true}]}}