{"id":17880,"date":"2025-06-12T07:57:39","date_gmt":"2025-06-12T10:57:39","guid":{"rendered":"https:\/\/rms-enlinea.com.ar\/tienda\/producto\/mouse-gamer-inalambrico-logitech-g502-x-plus-rgb-25600-dpi\/"},"modified":"2026-04-06T14:23:46","modified_gmt":"2026-04-06T17:23:46","slug":"mouse-gamer-inalambrico-logitech-g502-x-plus-rgb-25600-dpi","status":"publish","type":"product","link":"https:\/\/rms-enlinea.com.ar\/tienda\/producto\/mouse-gamer-inalambrico-logitech-g502-x-plus-rgb-25600-dpi\/","title":{"rendered":"Mouse Gamer Inal\u00e1mbrico Logitech G502 X Plus Rgb 25600 Dpi"},"content":{"rendered":"<p>Dimensiones<br \/>Especificaciones principales<br \/>Carga USB-C<br \/>106 gramos<br \/>Pies de PTFE de baja fricci\u00f3n<br \/>ESPECIFICACIONES F\u00cdSICAS<br \/>Peso: 106 g<br \/>Altura: 131,4 mm<br \/>Ancho: 41,1 mm<br \/>Profundidad: 79,2 mm<br \/>Especificaciones t\u00e9cnicas<br \/>Tecnolog\u00eda inal\u00e1mbrica LIGHTSPEED<br \/>Hasta 5 perfiles de memoria integrada 1Dos perfiles predeterminados, cinco usando el software Logitech G HUB disponible para descargar en logitechg.com\/ghub<br \/>Pies de PTFE<br \/>13 controles programables<br \/>Iluminaci\u00f3n RGB de 8 zonas<br \/>Puerto de carga USB-C<br \/>Duraci\u00f3n de la bater\u00eda 2La duraci\u00f3n de las bater\u00edas depende del uso y de los dispositivos<br \/>Movimiento constante 130 horas (37 horas con RGB activado)<\/p>\n","protected":false},"excerpt":{"rendered":"<p>DimensionesEspecificaciones principalesCarga USB-C106 gramosPies de PTFE de baja fricci\u00f3nESPECIFICACIONES F\u00cdSICASPeso: 106 gAltura: 131,4 mmAncho: 41,1 mmProfundidad: 79,2 mmEspecificaciones t\u00e9cnicasTecnolog\u00eda inal\u00e1mbrica LIGHTSPEEDHasta 5 perfiles de memoria integrada 1Dos perfiles predeterminados, cinco usando el software Logitech G HUB disponible para descargar en logitechg.com\/ghubPies de PTFE13 controles programablesIluminaci\u00f3n RGB de 8 zonasPuerto de carga USB-CDuraci\u00f3n de la bater\u00eda [&hellip;]<\/p>\n","protected":false},"featured_media":17881,"comment_status":"open","ping_status":"closed","template":"","meta":{"_uag_custom_page_level_css":""},"product_brand":[549],"product_cat":[125],"product_tag":[],"class_list":{"0":"post-17880","1":"product","2":"type-product","3":"status-publish","4":"has-post-thumbnail","6":"product_brand-logitech","7":"product_cat-teclados-y-mouses","9":"first","10":"outofstock","11":"sale","12":"taxable","13":"shipping-taxable","14":"purchasable","15":"product-type-simple"},"uagb_featured_image_src":{"full":["https:\/\/rms-enlinea.com.ar\/wp-content\/uploads\/2025\/06\/D_992106-MLA81903162651_012025-F.jpg",261,441,false],"thumbnail":["https:\/\/rms-enlinea.com.ar\/wp-content\/uploads\/2025\/06\/D_992106-MLA81903162651_012025-F-150x150.jpg",150,150,true],"medium":["https:\/\/rms-enlinea.com.ar\/wp-content\/uploads\/2025\/06\/D_992106-MLA81903162651_012025-F-178x300.jpg",178,300,true],"medium_large":["https:\/\/rms-enlinea.com.ar\/wp-content\/uploads\/2025\/06\/D_992106-MLA81903162651_012025-F.jpg",261,441,false],"large":["https:\/\/rms-enlinea.com.ar\/wp-content\/uploads\/2025\/06\/D_992106-MLA81903162651_012025-F.jpg",261,441,false],"1536x1536":["https:\/\/rms-enlinea.com.ar\/wp-content\/uploads\/2025\/06\/D_992106-MLA81903162651_012025-F.jpg",261,441,false],"2048x2048":["https:\/\/rms-enlinea.com.ar\/wp-content\/uploads\/2025\/06\/D_992106-MLA81903162651_012025-F.jpg",261,441,false],"woocommerce_thumbnail":["https:\/\/rms-enlinea.com.ar\/wp-content\/uploads\/2025\/06\/D_992106-MLA81903162651_012025-F.jpg",261,441,false],"woocommerce_single":["https:\/\/rms-enlinea.com.ar\/wp-content\/uploads\/2025\/06\/D_992106-MLA81903162651_012025-F.jpg",261,441,false],"woocommerce_gallery_thumbnail":["https:\/\/rms-enlinea.com.ar\/wp-content\/uploads\/2025\/06\/D_992106-MLA81903162651_012025-F-100x100.jpg",100,100,true]},"uagb_author_info":{"display_name":"l0071054","author_link":"https:\/\/rms-enlinea.com.ar\/tienda\/author\/"},"uagb_comment_info":0,"uagb_excerpt":"DimensionesEspecificaciones principalesCarga USB-C106 gramosPies de PTFE de baja fricci\u00f3nESPECIFICACIONES F\u00cdSICASPeso: 106 gAltura: 131,4 mmAncho: 41,1 mmProfundidad: 79,2 mmEspecificaciones t\u00e9cnicasTecnolog\u00eda inal\u00e1mbrica LIGHTSPEEDHasta 5 perfiles de memoria integrada 1Dos perfiles predeterminados, cinco usando el software Logitech G HUB disponible para descargar en logitechg.com\/ghubPies de PTFE13 controles programablesIluminaci\u00f3n RGB de 8 zonasPuerto de carga USB-CDuraci\u00f3n de la bater\u00eda&hellip;","_links":{"self":[{"href":"https:\/\/rms-enlinea.com.ar\/tienda\/wp-json\/wp\/v2\/product\/17880","targetHints":{"allow":["GET"]}}],"collection":[{"href":"https:\/\/rms-enlinea.com.ar\/tienda\/wp-json\/wp\/v2\/product"}],"about":[{"href":"https:\/\/rms-enlinea.com.ar\/tienda\/wp-json\/wp\/v2\/types\/product"}],"replies":[{"embeddable":true,"href":"https:\/\/rms-enlinea.com.ar\/tienda\/wp-json\/wp\/v2\/comments?post=17880"}],"wp:featuredmedia":[{"embeddable":true,"href":"https:\/\/rms-enlinea.com.ar\/tienda\/wp-json\/wp\/v2\/media\/17881"}],"wp:attachment":[{"href":"https:\/\/rms-enlinea.com.ar\/tienda\/wp-json\/wp\/v2\/media?parent=17880"}],"wp:term":[{"taxonomy":"product_brand","embeddable":true,"href":"https:\/\/rms-enlinea.com.ar\/tienda\/wp-json\/wp\/v2\/product_brand?post=17880"},{"taxonomy":"product_cat","embeddable":true,"href":"https:\/\/rms-enlinea.com.ar\/tienda\/wp-json\/wp\/v2\/product_cat?post=17880"},{"taxonomy":"product_tag","embeddable":true,"href":"https:\/\/rms-enlinea.com.ar\/tienda\/wp-json\/wp\/v2\/product_tag?post=17880"}],"curies":[{"name":"wp","href":"https:\/\/api.w.org\/{rel}","templated":true}]}}