{"id":17887,"date":"2025-06-12T07:57:45","date_gmt":"2025-06-12T10:57:45","guid":{"rendered":"https:\/\/rms-enlinea.com.ar\/tienda\/producto\/teclado-logitech-g515-tkl-white-mechanical-us-bateria\/"},"modified":"2026-04-21T04:21:42","modified_gmt":"2026-04-21T07:21:42","slug":"teclado-logitech-g515-tkl-white-mechanical-us-bateria","status":"publish","type":"product","link":"https:\/\/rms-enlinea.com.ar\/tienda\/producto\/teclado-logitech-g515-tkl-white-mechanical-us-bateria\/","title":{"rendered":"Teclado Logitech G515 Tkl White Mechanical Us Bateria"},"content":{"rendered":"<p>El teclado inal\u00e1mbrico para juegos Logitech G515 LIGHTSPEED TKL ofrece un alto rendimiento y una est\u00e9tica de perfil bajo. Ll\u00e9valo al siguiente nivel con un equipo dise\u00f1ado para resistir los momentos m\u00e1s intensos del juego y concebido para una experiencia de juego afinada.<\/p>\n<p>Especificaciones f\u00edsicas<br \/>Longitud: 368 mm<br \/>Ancho: 150 mm<br \/>Altura: 22 mm<br \/>Peso sin cable: 880 g<br \/>Longitud del cable: 1.8 m<br \/>Especificaciones t\u00e9cnicas<br \/>Punto de accionamiento del interruptor de llave de perfil bajo: 1,3 mm<br \/>Fuerza de actuaci\u00f3n: 43 g (Lineal) T\u00e1ctil (45 g)<br \/>Recorrido total: 3,2 mm<br \/>Bater\u00eda recargable de pol\u00edmero de litio<br \/>Duraci\u00f3n de la bater\u00eda: Hasta 36 horas<\/p>\n","protected":false},"excerpt":{"rendered":"<p>El teclado inal\u00e1mbrico para juegos Logitech G515 LIGHTSPEED TKL ofrece un alto rendimiento y una est\u00e9tica de perfil bajo. Ll\u00e9valo al siguiente nivel con un equipo dise\u00f1ado para resistir los momentos m\u00e1s intensos del juego y concebido para una experiencia de juego afinada. Especificaciones f\u00edsicasLongitud: 368 mmAncho: 150 mmAltura: 22 mmPeso sin cable: 880 gLongitud [&hellip;]<\/p>\n","protected":false},"featured_media":17888,"comment_status":"open","ping_status":"closed","template":"","meta":{"_uag_custom_page_level_css":""},"product_brand":[549],"product_cat":[125],"product_tag":[],"class_list":{"0":"post-17887","1":"product","2":"type-product","3":"status-publish","4":"has-post-thumbnail","6":"product_brand-logitech","7":"product_cat-teclados-y-mouses","9":"first","10":"outofstock","11":"sale","12":"taxable","13":"shipping-taxable","14":"purchasable","15":"product-type-simple"},"uagb_featured_image_src":{"full":["https:\/\/rms-enlinea.com.ar\/wp-content\/uploads\/2025\/06\/D_718191-MLA81903217607_012025-F.jpg",664,268,false],"thumbnail":["https:\/\/rms-enlinea.com.ar\/wp-content\/uploads\/2025\/06\/D_718191-MLA81903217607_012025-F-150x150.jpg",150,150,true],"medium":["https:\/\/rms-enlinea.com.ar\/wp-content\/uploads\/2025\/06\/D_718191-MLA81903217607_012025-F-300x121.jpg",300,121,true],"medium_large":["https:\/\/rms-enlinea.com.ar\/wp-content\/uploads\/2025\/06\/D_718191-MLA81903217607_012025-F.jpg",664,268,false],"large":["https:\/\/rms-enlinea.com.ar\/wp-content\/uploads\/2025\/06\/D_718191-MLA81903217607_012025-F.jpg",664,268,false],"1536x1536":["https:\/\/rms-enlinea.com.ar\/wp-content\/uploads\/2025\/06\/D_718191-MLA81903217607_012025-F.jpg",664,268,false],"2048x2048":["https:\/\/rms-enlinea.com.ar\/wp-content\/uploads\/2025\/06\/D_718191-MLA81903217607_012025-F.jpg",664,268,false],"woocommerce_thumbnail":["https:\/\/rms-enlinea.com.ar\/wp-content\/uploads\/2025\/06\/D_718191-MLA81903217607_012025-F-450x268.jpg",450,268,true],"woocommerce_single":["https:\/\/rms-enlinea.com.ar\/wp-content\/uploads\/2025\/06\/D_718191-MLA81903217607_012025-F-600x242.jpg",600,242,true],"woocommerce_gallery_thumbnail":["https:\/\/rms-enlinea.com.ar\/wp-content\/uploads\/2025\/06\/D_718191-MLA81903217607_012025-F-100x100.jpg",100,100,true]},"uagb_author_info":{"display_name":"l0071054","author_link":"https:\/\/rms-enlinea.com.ar\/tienda\/author\/"},"uagb_comment_info":0,"uagb_excerpt":"El teclado inal\u00e1mbrico para juegos Logitech G515 LIGHTSPEED TKL ofrece un alto rendimiento y una est\u00e9tica de perfil bajo. Ll\u00e9valo al siguiente nivel con un equipo dise\u00f1ado para resistir los momentos m\u00e1s intensos del juego y concebido para una experiencia de juego afinada. Especificaciones f\u00edsicasLongitud: 368 mmAncho: 150 mmAltura: 22 mmPeso sin cable: 880 gLongitud&hellip;","_links":{"self":[{"href":"https:\/\/rms-enlinea.com.ar\/tienda\/wp-json\/wp\/v2\/product\/17887","targetHints":{"allow":["GET"]}}],"collection":[{"href":"https:\/\/rms-enlinea.com.ar\/tienda\/wp-json\/wp\/v2\/product"}],"about":[{"href":"https:\/\/rms-enlinea.com.ar\/tienda\/wp-json\/wp\/v2\/types\/product"}],"replies":[{"embeddable":true,"href":"https:\/\/rms-enlinea.com.ar\/tienda\/wp-json\/wp\/v2\/comments?post=17887"}],"wp:featuredmedia":[{"embeddable":true,"href":"https:\/\/rms-enlinea.com.ar\/tienda\/wp-json\/wp\/v2\/media\/17888"}],"wp:attachment":[{"href":"https:\/\/rms-enlinea.com.ar\/tienda\/wp-json\/wp\/v2\/media?parent=17887"}],"wp:term":[{"taxonomy":"product_brand","embeddable":true,"href":"https:\/\/rms-enlinea.com.ar\/tienda\/wp-json\/wp\/v2\/product_brand?post=17887"},{"taxonomy":"product_cat","embeddable":true,"href":"https:\/\/rms-enlinea.com.ar\/tienda\/wp-json\/wp\/v2\/product_cat?post=17887"},{"taxonomy":"product_tag","embeddable":true,"href":"https:\/\/rms-enlinea.com.ar\/tienda\/wp-json\/wp\/v2\/product_tag?post=17887"}],"curies":[{"name":"wp","href":"https:\/\/api.w.org\/{rel}","templated":true}]}}