{"id":18151,"date":"2025-06-12T08:03:35","date_gmt":"2025-06-12T11:03:35","guid":{"rendered":"https:\/\/rms-enlinea.com.ar\/tienda\/producto\/divisor-de-frecuencia-edl-2300l2k-wo-y-dr-tw-2-0khz-x-600w\/"},"modified":"2026-04-06T12:44:45","modified_gmt":"2026-04-06T15:44:45","slug":"divisor-de-frecuencia-edl-2300l2k-wo-y-dr-tw-2-0khz-x-600w","status":"publish","type":"product","link":"https:\/\/rms-enlinea.com.ar\/tienda\/producto\/divisor-de-frecuencia-edl-2300l2k-wo-y-dr-tw-2-0khz-x-600w\/","title":{"rendered":"Divisor De Frecuencia Edl 2300l2k Wo Y Dr, Tw 2.0khz X 600w"},"content":{"rendered":"<p>TIPO DE PRODUCTO: DIVISOR DE FRECUENCIA<br \/>MODELO: 2300L2K<br \/>VIAS: 2 VIAS<br \/>OHMS: 8 OHMS<br \/>POTENCIA DE ENTRADA MAXIMA: 300W RMS \/ 600W MUSIC PROG<br \/>APLICACION: DRIVER Y WOOFER<br \/>CORTE DE FRECUENCIA: 2000 HZ<\/p>\n<p>IMPORTANTE: <\/p>\n<p>1- SE HACEN TRABAJOS ESPECIALES A PEDIDO.<br \/>2- LAS FOTOS SON ILUSTRATIVAS, EL DISE\u00d1O, TAMA\u00d1OS, COLOR DE LAS PLACAS Y COMPONENTES PUEDEN VARIAR, SEG\u00daN CRITERIO DEL FABRICANTE SIN VARIAR LA CALIDAD DEL PRODUCTO.<\/p>\n","protected":false},"excerpt":{"rendered":"<p>TIPO DE PRODUCTO: DIVISOR DE FRECUENCIAMODELO: 2300L2KVIAS: 2 VIASOHMS: 8 OHMSPOTENCIA DE ENTRADA MAXIMA: 300W RMS \/ 600W MUSIC PROGAPLICACION: DRIVER Y WOOFERCORTE DE FRECUENCIA: 2000 HZ IMPORTANTE: 1- SE HACEN TRABAJOS ESPECIALES A PEDIDO.2- LAS FOTOS SON ILUSTRATIVAS, EL DISE\u00d1O, TAMA\u00d1OS, COLOR DE LAS PLACAS Y COMPONENTES PUEDEN VARIAR, SEG\u00daN CRITERIO DEL FABRICANTE SIN [&hellip;]<\/p>\n","protected":false},"featured_media":18152,"comment_status":"open","ping_status":"closed","template":"","meta":{"_uag_custom_page_level_css":""},"product_brand":[478],"product_cat":[61],"product_tag":[],"class_list":{"0":"post-18151","1":"product","2":"type-product","3":"status-publish","4":"has-post-thumbnail","6":"product_brand-edl","7":"product_cat-divisores-de-frecuencia","9":"first","10":"instock","11":"sale","12":"taxable","13":"shipping-taxable","14":"purchasable","15":"product-type-simple"},"uagb_featured_image_src":{"full":["https:\/\/rms-enlinea.com.ar\/wp-content\/uploads\/2025\/06\/D_886613-MLA31051875064_062019-F.jpg",660,668,false],"thumbnail":["https:\/\/rms-enlinea.com.ar\/wp-content\/uploads\/2025\/06\/D_886613-MLA31051875064_062019-F-150x150.jpg",150,150,true],"medium":["https:\/\/rms-enlinea.com.ar\/wp-content\/uploads\/2025\/06\/D_886613-MLA31051875064_062019-F-296x300.jpg",296,300,true],"medium_large":["https:\/\/rms-enlinea.com.ar\/wp-content\/uploads\/2025\/06\/D_886613-MLA31051875064_062019-F.jpg",660,668,false],"large":["https:\/\/rms-enlinea.com.ar\/wp-content\/uploads\/2025\/06\/D_886613-MLA31051875064_062019-F.jpg",660,668,false],"1536x1536":["https:\/\/rms-enlinea.com.ar\/wp-content\/uploads\/2025\/06\/D_886613-MLA31051875064_062019-F.jpg",660,668,false],"2048x2048":["https:\/\/rms-enlinea.com.ar\/wp-content\/uploads\/2025\/06\/D_886613-MLA31051875064_062019-F.jpg",660,668,false],"woocommerce_thumbnail":["https:\/\/rms-enlinea.com.ar\/wp-content\/uploads\/2025\/06\/D_886613-MLA31051875064_062019-F-450x450.jpg",450,450,true],"woocommerce_single":["https:\/\/rms-enlinea.com.ar\/wp-content\/uploads\/2025\/06\/D_886613-MLA31051875064_062019-F-600x607.jpg",600,607,true],"woocommerce_gallery_thumbnail":["https:\/\/rms-enlinea.com.ar\/wp-content\/uploads\/2025\/06\/D_886613-MLA31051875064_062019-F-100x100.jpg",100,100,true]},"uagb_author_info":{"display_name":"l0071054","author_link":"https:\/\/rms-enlinea.com.ar\/tienda\/author\/"},"uagb_comment_info":0,"uagb_excerpt":"TIPO DE PRODUCTO: DIVISOR DE FRECUENCIAMODELO: 2300L2KVIAS: 2 VIASOHMS: 8 OHMSPOTENCIA DE ENTRADA MAXIMA: 300W RMS \/ 600W MUSIC PROGAPLICACION: DRIVER Y WOOFERCORTE DE FRECUENCIA: 2000 HZ IMPORTANTE: 1- SE HACEN TRABAJOS ESPECIALES A PEDIDO.2- LAS FOTOS SON ILUSTRATIVAS, EL DISE\u00d1O, TAMA\u00d1OS, COLOR DE LAS PLACAS Y COMPONENTES PUEDEN VARIAR, SEG\u00daN CRITERIO DEL FABRICANTE SIN&hellip;","_links":{"self":[{"href":"https:\/\/rms-enlinea.com.ar\/tienda\/wp-json\/wp\/v2\/product\/18151","targetHints":{"allow":["GET"]}}],"collection":[{"href":"https:\/\/rms-enlinea.com.ar\/tienda\/wp-json\/wp\/v2\/product"}],"about":[{"href":"https:\/\/rms-enlinea.com.ar\/tienda\/wp-json\/wp\/v2\/types\/product"}],"replies":[{"embeddable":true,"href":"https:\/\/rms-enlinea.com.ar\/tienda\/wp-json\/wp\/v2\/comments?post=18151"}],"wp:featuredmedia":[{"embeddable":true,"href":"https:\/\/rms-enlinea.com.ar\/tienda\/wp-json\/wp\/v2\/media\/18152"}],"wp:attachment":[{"href":"https:\/\/rms-enlinea.com.ar\/tienda\/wp-json\/wp\/v2\/media?parent=18151"}],"wp:term":[{"taxonomy":"product_brand","embeddable":true,"href":"https:\/\/rms-enlinea.com.ar\/tienda\/wp-json\/wp\/v2\/product_brand?post=18151"},{"taxonomy":"product_cat","embeddable":true,"href":"https:\/\/rms-enlinea.com.ar\/tienda\/wp-json\/wp\/v2\/product_cat?post=18151"},{"taxonomy":"product_tag","embeddable":true,"href":"https:\/\/rms-enlinea.com.ar\/tienda\/wp-json\/wp\/v2\/product_tag?post=18151"}],"curies":[{"name":"wp","href":"https:\/\/api.w.org\/{rel}","templated":true}]}}