{"id":18182,"date":"2025-06-12T08:04:25","date_gmt":"2025-06-12T11:04:25","guid":{"rendered":"https:\/\/rms-enlinea.com.ar\/tienda\/producto\/procesador-intel-core-7-ultra-265k-20-nucleos-1851\/"},"modified":"2026-04-21T05:21:41","modified_gmt":"2026-04-21T08:21:41","slug":"procesador-intel-core-7-ultra-265k-20-nucleos-1851","status":"publish","type":"product","link":"https:\/\/rms-enlinea.com.ar\/tienda\/producto\/procesador-intel-core-7-ultra-265k-20-nucleos-1851\/","title":{"rendered":"Procesador Intel Core 7 Ultra 265k 20 Nucleos 1851"},"content":{"rendered":"<p>Cantidad de n\u00facleos de CPU<\/p>\n<p>20<br \/>\nFrecuencia m\u00ednima de reloj<\/p>\n<p>4.6 GHz<br \/>\nTipos de memoria RAM soportadas<\/p>\n<p>DDR5<br \/>\nZ\u00f3calos compatibles<\/p>\n<p>1851<br \/>\nCach\u00e9<\/p>\n<p>30 MB<br \/>\nModelo alfanum\u00e9rico<\/p>\n<p>BX80768265K<br \/>\nMarca<\/p>\n<p>Intel<br \/>\nProcessors Type<\/p>\n<p>Desktop<br \/>\nL\u00ednea<\/p>\n<p>Ultra 7<br \/>\nGeneraci\u00f3n<\/p>\n<p>ULTRA 7<br \/>\nModel<\/p>\n<p>BX80768256K<br \/>\nProcesador gr\u00e1fico<\/p>\n<p>Intel\u00ae Graphics<br \/>\nName<\/p>\n<p>Core Ultra 7 256K<br \/>\nArquitectura<\/p>\n<p>x86-64<br \/>\nFrecuencia m\u00e1xima de reloj<\/p>\n<p>5.5 GHz<\/p>\n","protected":false},"excerpt":{"rendered":"<p>Cantidad de n\u00facleos de CPU 20 Frecuencia m\u00ednima de reloj 4.6 GHz Tipos de memoria RAM soportadas DDR5 Z\u00f3calos compatibles 1851 Cach\u00e9 30 MB Modelo alfanum\u00e9rico BX80768265K Marca Intel Processors Type Desktop L\u00ednea Ultra 7 Generaci\u00f3n ULTRA 7 Model BX80768256K Procesador gr\u00e1fico Intel\u00ae Graphics Name Core Ultra 7 256K Arquitectura x86-64 Frecuencia m\u00e1xima de reloj [&hellip;]<\/p>\n","protected":false},"featured_media":18169,"comment_status":"open","ping_status":"closed","template":"","meta":{"_uag_custom_page_level_css":""},"product_brand":[],"product_cat":[121],"product_tag":[],"class_list":{"0":"post-18182","1":"product","2":"type-product","3":"status-publish","4":"has-post-thumbnail","6":"product_cat-procesadores-computacion","8":"first","9":"outofstock","10":"sale","11":"taxable","12":"shipping-taxable","13":"purchasable","14":"product-type-simple"},"uagb_featured_image_src":{"full":["https:\/\/rms-enlinea.com.ar\/wp-content\/uploads\/2025\/06\/D_949324-MLA80356274813_102024-F.jpg",627,759,false],"thumbnail":["https:\/\/rms-enlinea.com.ar\/wp-content\/uploads\/2025\/06\/D_949324-MLA80356274813_102024-F-150x150.jpg",150,150,true],"medium":["https:\/\/rms-enlinea.com.ar\/wp-content\/uploads\/2025\/06\/D_949324-MLA80356274813_102024-F-248x300.jpg",248,300,true],"medium_large":["https:\/\/rms-enlinea.com.ar\/wp-content\/uploads\/2025\/06\/D_949324-MLA80356274813_102024-F.jpg",627,759,false],"large":["https:\/\/rms-enlinea.com.ar\/wp-content\/uploads\/2025\/06\/D_949324-MLA80356274813_102024-F.jpg",627,759,false],"1536x1536":["https:\/\/rms-enlinea.com.ar\/wp-content\/uploads\/2025\/06\/D_949324-MLA80356274813_102024-F.jpg",627,759,false],"2048x2048":["https:\/\/rms-enlinea.com.ar\/wp-content\/uploads\/2025\/06\/D_949324-MLA80356274813_102024-F.jpg",627,759,false],"woocommerce_thumbnail":["https:\/\/rms-enlinea.com.ar\/wp-content\/uploads\/2025\/06\/D_949324-MLA80356274813_102024-F-450x450.jpg",450,450,true],"woocommerce_single":["https:\/\/rms-enlinea.com.ar\/wp-content\/uploads\/2025\/06\/D_949324-MLA80356274813_102024-F-600x726.jpg",600,726,true],"woocommerce_gallery_thumbnail":["https:\/\/rms-enlinea.com.ar\/wp-content\/uploads\/2025\/06\/D_949324-MLA80356274813_102024-F-100x100.jpg",100,100,true]},"uagb_author_info":{"display_name":"l0071054","author_link":"https:\/\/rms-enlinea.com.ar\/tienda\/author\/"},"uagb_comment_info":0,"uagb_excerpt":"Cantidad de n\u00facleos de CPU 20 Frecuencia m\u00ednima de reloj 4.6 GHz Tipos de memoria RAM soportadas DDR5 Z\u00f3calos compatibles 1851 Cach\u00e9 30 MB Modelo alfanum\u00e9rico BX80768265K Marca Intel Processors Type Desktop L\u00ednea Ultra 7 Generaci\u00f3n ULTRA 7 Model BX80768256K Procesador gr\u00e1fico Intel\u00ae Graphics Name Core Ultra 7 256K Arquitectura x86-64 Frecuencia m\u00e1xima de reloj&hellip;","_links":{"self":[{"href":"https:\/\/rms-enlinea.com.ar\/tienda\/wp-json\/wp\/v2\/product\/18182","targetHints":{"allow":["GET"]}}],"collection":[{"href":"https:\/\/rms-enlinea.com.ar\/tienda\/wp-json\/wp\/v2\/product"}],"about":[{"href":"https:\/\/rms-enlinea.com.ar\/tienda\/wp-json\/wp\/v2\/types\/product"}],"replies":[{"embeddable":true,"href":"https:\/\/rms-enlinea.com.ar\/tienda\/wp-json\/wp\/v2\/comments?post=18182"}],"wp:featuredmedia":[{"embeddable":true,"href":"https:\/\/rms-enlinea.com.ar\/tienda\/wp-json\/wp\/v2\/media\/18169"}],"wp:attachment":[{"href":"https:\/\/rms-enlinea.com.ar\/tienda\/wp-json\/wp\/v2\/media?parent=18182"}],"wp:term":[{"taxonomy":"product_brand","embeddable":true,"href":"https:\/\/rms-enlinea.com.ar\/tienda\/wp-json\/wp\/v2\/product_brand?post=18182"},{"taxonomy":"product_cat","embeddable":true,"href":"https:\/\/rms-enlinea.com.ar\/tienda\/wp-json\/wp\/v2\/product_cat?post=18182"},{"taxonomy":"product_tag","embeddable":true,"href":"https:\/\/rms-enlinea.com.ar\/tienda\/wp-json\/wp\/v2\/product_tag?post=18182"}],"curies":[{"name":"wp","href":"https:\/\/api.w.org\/{rel}","templated":true}]}}