{"id":18200,"date":"2025-06-12T08:04:45","date_gmt":"2025-06-12T11:04:45","guid":{"rendered":"https:\/\/rms-enlinea.com.ar\/tienda\/producto\/mouse-gamer-zowie-ec1-3200dpi-1000hz-esports-pixart-3360\/"},"modified":"2026-04-07T19:11:29","modified_gmt":"2026-04-07T22:11:29","slug":"mouse-gamer-zowie-ec1-3200dpi-1000hz-esports-pixart-3360","status":"publish","type":"product","link":"https:\/\/rms-enlinea.com.ar\/tienda\/producto\/mouse-gamer-zowie-ec1-3200dpi-1000hz-esports-pixart-3360\/","title":{"rendered":"Mouse Gamer Zowie Ec1 3200dpi 1000hz Esports Pixart 3360"},"content":{"rendered":"<p>Marca benq<br \/>EAN 4718755080623<br \/>c\u00f3digo de producto  9H.N24BB.A2E<br \/>Modelo EC1<br \/>Resoluci\u00f3n del rat\u00f3n 3200<br \/>N\u00famero de botones 5<br \/>Peso del Producto 97<br \/>Color negro<br \/>Interfaz USB<\/p>\n","protected":false},"excerpt":{"rendered":"<p>Marca benqEAN 4718755080623c\u00f3digo de producto 9H.N24BB.A2EModelo EC1Resoluci\u00f3n del rat\u00f3n 3200N\u00famero de botones 5Peso del Producto 97Color negroInterfaz USB<\/p>\n","protected":false},"featured_media":18201,"comment_status":"open","ping_status":"closed","template":"","meta":{"_uag_custom_page_level_css":""},"product_brand":[584],"product_cat":[125],"product_tag":[],"class_list":{"0":"post-18200","1":"product","2":"type-product","3":"status-publish","4":"has-post-thumbnail","6":"product_brand-benq","7":"product_cat-teclados-y-mouses","9":"first","10":"outofstock","11":"sale","12":"taxable","13":"shipping-taxable","14":"purchasable","15":"product-type-simple"},"uagb_featured_image_src":{"full":["https:\/\/rms-enlinea.com.ar\/wp-content\/uploads\/2025\/06\/D_774434-MLA76349938061_052024-F.jpg",1200,1038,false],"thumbnail":["https:\/\/rms-enlinea.com.ar\/wp-content\/uploads\/2025\/06\/D_774434-MLA76349938061_052024-F-150x150.jpg",150,150,true],"medium":["https:\/\/rms-enlinea.com.ar\/wp-content\/uploads\/2025\/06\/D_774434-MLA76349938061_052024-F-300x260.jpg",300,260,true],"medium_large":["https:\/\/rms-enlinea.com.ar\/wp-content\/uploads\/2025\/06\/D_774434-MLA76349938061_052024-F-768x664.jpg",768,664,true],"large":["https:\/\/rms-enlinea.com.ar\/wp-content\/uploads\/2025\/06\/D_774434-MLA76349938061_052024-F-1024x886.jpg",1024,886,true],"1536x1536":["https:\/\/rms-enlinea.com.ar\/wp-content\/uploads\/2025\/06\/D_774434-MLA76349938061_052024-F.jpg",1200,1038,false],"2048x2048":["https:\/\/rms-enlinea.com.ar\/wp-content\/uploads\/2025\/06\/D_774434-MLA76349938061_052024-F.jpg",1200,1038,false],"woocommerce_thumbnail":["https:\/\/rms-enlinea.com.ar\/wp-content\/uploads\/2025\/06\/D_774434-MLA76349938061_052024-F-450x450.jpg",450,450,true],"woocommerce_single":["https:\/\/rms-enlinea.com.ar\/wp-content\/uploads\/2025\/06\/D_774434-MLA76349938061_052024-F-600x519.jpg",600,519,true],"woocommerce_gallery_thumbnail":["https:\/\/rms-enlinea.com.ar\/wp-content\/uploads\/2025\/06\/D_774434-MLA76349938061_052024-F-100x100.jpg",100,100,true]},"uagb_author_info":{"display_name":"l0071054","author_link":"https:\/\/rms-enlinea.com.ar\/tienda\/author\/"},"uagb_comment_info":0,"uagb_excerpt":"Marca benqEAN 4718755080623c\u00f3digo de producto 9H.N24BB.A2EModelo EC1Resoluci\u00f3n del rat\u00f3n 3200N\u00famero de botones 5Peso del Producto 97Color negroInterfaz USB","_links":{"self":[{"href":"https:\/\/rms-enlinea.com.ar\/tienda\/wp-json\/wp\/v2\/product\/18200","targetHints":{"allow":["GET"]}}],"collection":[{"href":"https:\/\/rms-enlinea.com.ar\/tienda\/wp-json\/wp\/v2\/product"}],"about":[{"href":"https:\/\/rms-enlinea.com.ar\/tienda\/wp-json\/wp\/v2\/types\/product"}],"replies":[{"embeddable":true,"href":"https:\/\/rms-enlinea.com.ar\/tienda\/wp-json\/wp\/v2\/comments?post=18200"}],"wp:featuredmedia":[{"embeddable":true,"href":"https:\/\/rms-enlinea.com.ar\/tienda\/wp-json\/wp\/v2\/media\/18201"}],"wp:attachment":[{"href":"https:\/\/rms-enlinea.com.ar\/tienda\/wp-json\/wp\/v2\/media?parent=18200"}],"wp:term":[{"taxonomy":"product_brand","embeddable":true,"href":"https:\/\/rms-enlinea.com.ar\/tienda\/wp-json\/wp\/v2\/product_brand?post=18200"},{"taxonomy":"product_cat","embeddable":true,"href":"https:\/\/rms-enlinea.com.ar\/tienda\/wp-json\/wp\/v2\/product_cat?post=18200"},{"taxonomy":"product_tag","embeddable":true,"href":"https:\/\/rms-enlinea.com.ar\/tienda\/wp-json\/wp\/v2\/product_tag?post=18200"}],"curies":[{"name":"wp","href":"https:\/\/api.w.org\/{rel}","templated":true}]}}