{"id":18260,"date":"2025-06-12T08:05:58","date_gmt":"2025-06-12T11:05:58","guid":{"rendered":"https:\/\/rms-enlinea.com.ar\/tienda\/producto\/teclado-gamer-rgb-rainbow-trust-ziva-led-pc-retroiluminado\/"},"modified":"2026-04-21T05:30:22","modified_gmt":"2026-04-21T08:30:22","slug":"teclado-gamer-rgb-rainbow-trust-ziva-led-pc-retroiluminado","status":"publish","type":"product","link":"https:\/\/rms-enlinea.com.ar\/tienda\/producto\/teclado-gamer-rgb-rainbow-trust-ziva-led-pc-retroiluminado\/","title":{"rendered":"Teclado Gamer Rgb Rainbow Trust Ziva Led Pc Retroiluminado"},"content":{"rendered":"<p>Marca<\/p>\n<p>Trust<br \/>Tipo de conector<\/p>\n<p>USB 1.1<br \/>C\u00f3digo universal de producto<\/p>\n<p>8713439240986<br \/>Es ergon\u00f3mica<\/p>\n<p>No<br \/>Es gamer<\/p>\n<p>S\u00ed<br \/>Es resistente a salpicaduras<\/p>\n<p>S\u00ed<br \/>Profundidad del teclado<\/p>\n<p>163 mm<br \/>Altura del teclado<\/p>\n<p>32 mm<br \/>Ancho del teclado<\/p>\n<p>439 mm<br \/>Modelo<\/p>\n<p>Ziva Gaming Rainbow LED<br \/>Arquitectura<\/p>\n<p>Membrana<br \/>Con Bluetooth<\/p>\n<p>No<br \/>Con interfaz USB<\/p>\n<p>S\u00ed<br \/>Con cable removible<\/p>\n<p>No<br \/>Con retroiluminaci\u00f3n<\/p>\n<p>S\u00ed<br \/>Con recepci\u00f3n inal\u00e1mbrica<\/p>\n<p>No<\/p>\n","protected":false},"excerpt":{"rendered":"<p>Marca TrustTipo de conector USB 1.1C\u00f3digo universal de producto 8713439240986Es ergon\u00f3mica NoEs gamer S\u00edEs resistente a salpicaduras S\u00edProfundidad del teclado 163 mmAltura del teclado 32 mmAncho del teclado 439 mmModelo Ziva Gaming Rainbow LEDArquitectura MembranaCon Bluetooth NoCon interfaz USB S\u00edCon cable removible NoCon retroiluminaci\u00f3n S\u00edCon recepci\u00f3n inal\u00e1mbrica No<\/p>\n","protected":false},"featured_media":18261,"comment_status":"open","ping_status":"closed","template":"","meta":{"_uag_custom_page_level_css":""},"product_brand":[542],"product_cat":[125],"product_tag":[],"class_list":{"0":"post-18260","1":"product","2":"type-product","3":"status-publish","4":"has-post-thumbnail","6":"product_brand-trustgaming","7":"product_cat-teclados-y-mouses","9":"first","10":"outofstock","11":"sale","12":"taxable","13":"shipping-taxable","14":"purchasable","15":"product-type-simple"},"uagb_featured_image_src":{"full":["https:\/\/rms-enlinea.com.ar\/wp-content\/uploads\/2025\/06\/D_823770-MLA75996417352_052024-F.jpg",1200,537,false],"thumbnail":["https:\/\/rms-enlinea.com.ar\/wp-content\/uploads\/2025\/06\/D_823770-MLA75996417352_052024-F-150x150.jpg",150,150,true],"medium":["https:\/\/rms-enlinea.com.ar\/wp-content\/uploads\/2025\/06\/D_823770-MLA75996417352_052024-F-300x134.jpg",300,134,true],"medium_large":["https:\/\/rms-enlinea.com.ar\/wp-content\/uploads\/2025\/06\/D_823770-MLA75996417352_052024-F-768x344.jpg",768,344,true],"large":["https:\/\/rms-enlinea.com.ar\/wp-content\/uploads\/2025\/06\/D_823770-MLA75996417352_052024-F-1024x458.jpg",1024,458,true],"1536x1536":["https:\/\/rms-enlinea.com.ar\/wp-content\/uploads\/2025\/06\/D_823770-MLA75996417352_052024-F.jpg",1200,537,false],"2048x2048":["https:\/\/rms-enlinea.com.ar\/wp-content\/uploads\/2025\/06\/D_823770-MLA75996417352_052024-F.jpg",1200,537,false],"woocommerce_thumbnail":["https:\/\/rms-enlinea.com.ar\/wp-content\/uploads\/2025\/06\/D_823770-MLA75996417352_052024-F-450x450.jpg",450,450,true],"woocommerce_single":["https:\/\/rms-enlinea.com.ar\/wp-content\/uploads\/2025\/06\/D_823770-MLA75996417352_052024-F-600x269.jpg",600,269,true],"woocommerce_gallery_thumbnail":["https:\/\/rms-enlinea.com.ar\/wp-content\/uploads\/2025\/06\/D_823770-MLA75996417352_052024-F-100x100.jpg",100,100,true]},"uagb_author_info":{"display_name":"l0071054","author_link":"https:\/\/rms-enlinea.com.ar\/tienda\/author\/"},"uagb_comment_info":0,"uagb_excerpt":"Marca TrustTipo de conector USB 1.1C\u00f3digo universal de producto 8713439240986Es ergon\u00f3mica NoEs gamer S\u00edEs resistente a salpicaduras S\u00edProfundidad del teclado 163 mmAltura del teclado 32 mmAncho del teclado 439 mmModelo Ziva Gaming Rainbow LEDArquitectura MembranaCon Bluetooth NoCon interfaz USB S\u00edCon cable removible NoCon retroiluminaci\u00f3n S\u00edCon recepci\u00f3n inal\u00e1mbrica No","_links":{"self":[{"href":"https:\/\/rms-enlinea.com.ar\/tienda\/wp-json\/wp\/v2\/product\/18260","targetHints":{"allow":["GET"]}}],"collection":[{"href":"https:\/\/rms-enlinea.com.ar\/tienda\/wp-json\/wp\/v2\/product"}],"about":[{"href":"https:\/\/rms-enlinea.com.ar\/tienda\/wp-json\/wp\/v2\/types\/product"}],"replies":[{"embeddable":true,"href":"https:\/\/rms-enlinea.com.ar\/tienda\/wp-json\/wp\/v2\/comments?post=18260"}],"wp:featuredmedia":[{"embeddable":true,"href":"https:\/\/rms-enlinea.com.ar\/tienda\/wp-json\/wp\/v2\/media\/18261"}],"wp:attachment":[{"href":"https:\/\/rms-enlinea.com.ar\/tienda\/wp-json\/wp\/v2\/media?parent=18260"}],"wp:term":[{"taxonomy":"product_brand","embeddable":true,"href":"https:\/\/rms-enlinea.com.ar\/tienda\/wp-json\/wp\/v2\/product_brand?post=18260"},{"taxonomy":"product_cat","embeddable":true,"href":"https:\/\/rms-enlinea.com.ar\/tienda\/wp-json\/wp\/v2\/product_cat?post=18260"},{"taxonomy":"product_tag","embeddable":true,"href":"https:\/\/rms-enlinea.com.ar\/tienda\/wp-json\/wp\/v2\/product_tag?post=18260"}],"curies":[{"name":"wp","href":"https:\/\/api.w.org\/{rel}","templated":true}]}}