{"id":18317,"date":"2025-06-12T08:07:03","date_gmt":"2025-06-12T11:07:03","guid":{"rendered":"https:\/\/rms-enlinea.com.ar\/tienda\/producto\/teclado-numerico-ultradelgado-trust-xalas-usb-pc-laptop-2\/"},"modified":"2026-04-21T05:29:39","modified_gmt":"2026-04-21T08:29:39","slug":"teclado-numerico-ultradelgado-trust-xalas-usb-pc-laptop-2","status":"publish","type":"product","link":"https:\/\/rms-enlinea.com.ar\/tienda\/producto\/teclado-numerico-ultradelgado-trust-xalas-usb-pc-laptop-2\/","title":{"rendered":"Teclado Num\u00e9rico Ultradelgado Trust Xalas Usb Pc Laptop"},"content":{"rendered":"<p>Marca Trust<br \/>Tipo de conector USB<br \/>C\u00f3digo universal de producto 8713439222210<br \/>Es ergon\u00f3mica No<br \/>Es gamer No<br \/>Es resistente a salpicaduras No<br \/>Profundidad del teclado 21 mm<br \/>Altura del teclado 148 mm<br \/>Ancho del teclado 90 mm<br \/>Layout QWERTY<br \/>Modelo Xalas<br \/>Con Bluetooth No<br \/>Con pantalla No<br \/>Con interfaz USB S\u00ed<br \/>Con cable removible No<br \/>Con retroiluminaci\u00f3n No<br \/>Con recepci\u00f3n inal\u00e1mbrica No<\/p>\n","protected":false},"excerpt":{"rendered":"<p>Marca TrustTipo de conector USBC\u00f3digo universal de producto 8713439222210Es ergon\u00f3mica NoEs gamer NoEs resistente a salpicaduras NoProfundidad del teclado 21 mmAltura del teclado 148 mmAncho del teclado 90 mmLayout QWERTYModelo XalasCon Bluetooth NoCon pantalla NoCon interfaz USB S\u00edCon cable removible NoCon retroiluminaci\u00f3n NoCon recepci\u00f3n inal\u00e1mbrica No<\/p>\n","protected":false},"featured_media":18313,"comment_status":"open","ping_status":"closed","template":"","meta":{"_uag_custom_page_level_css":""},"product_brand":[542],"product_cat":[125],"product_tag":[],"class_list":{"0":"post-18317","1":"product","2":"type-product","3":"status-publish","4":"has-post-thumbnail","6":"product_brand-trustgaming","7":"product_cat-teclados-y-mouses","9":"first","10":"outofstock","11":"sale","12":"taxable","13":"shipping-taxable","14":"purchasable","15":"product-type-simple"},"uagb_featured_image_src":{"full":["https:\/\/rms-enlinea.com.ar\/wp-content\/uploads\/2025\/06\/D_618763-MLA49154554665_022022-F.jpg",1050,675,false],"thumbnail":["https:\/\/rms-enlinea.com.ar\/wp-content\/uploads\/2025\/06\/D_618763-MLA49154554665_022022-F-150x150.jpg",150,150,true],"medium":["https:\/\/rms-enlinea.com.ar\/wp-content\/uploads\/2025\/06\/D_618763-MLA49154554665_022022-F-300x193.jpg",300,193,true],"medium_large":["https:\/\/rms-enlinea.com.ar\/wp-content\/uploads\/2025\/06\/D_618763-MLA49154554665_022022-F-768x494.jpg",768,494,true],"large":["https:\/\/rms-enlinea.com.ar\/wp-content\/uploads\/2025\/06\/D_618763-MLA49154554665_022022-F-1024x658.jpg",1024,658,true],"1536x1536":["https:\/\/rms-enlinea.com.ar\/wp-content\/uploads\/2025\/06\/D_618763-MLA49154554665_022022-F.jpg",1050,675,false],"2048x2048":["https:\/\/rms-enlinea.com.ar\/wp-content\/uploads\/2025\/06\/D_618763-MLA49154554665_022022-F.jpg",1050,675,false],"woocommerce_thumbnail":["https:\/\/rms-enlinea.com.ar\/wp-content\/uploads\/2025\/06\/D_618763-MLA49154554665_022022-F-450x450.jpg",450,450,true],"woocommerce_single":["https:\/\/rms-enlinea.com.ar\/wp-content\/uploads\/2025\/06\/D_618763-MLA49154554665_022022-F-600x386.jpg",600,386,true],"woocommerce_gallery_thumbnail":["https:\/\/rms-enlinea.com.ar\/wp-content\/uploads\/2025\/06\/D_618763-MLA49154554665_022022-F-100x100.jpg",100,100,true]},"uagb_author_info":{"display_name":"l0071054","author_link":"https:\/\/rms-enlinea.com.ar\/tienda\/author\/"},"uagb_comment_info":0,"uagb_excerpt":"Marca TrustTipo de conector USBC\u00f3digo universal de producto 8713439222210Es ergon\u00f3mica NoEs gamer NoEs resistente a salpicaduras NoProfundidad del teclado 21 mmAltura del teclado 148 mmAncho del teclado 90 mmLayout QWERTYModelo XalasCon Bluetooth NoCon pantalla NoCon interfaz USB S\u00edCon cable removible NoCon retroiluminaci\u00f3n NoCon recepci\u00f3n inal\u00e1mbrica No","_links":{"self":[{"href":"https:\/\/rms-enlinea.com.ar\/tienda\/wp-json\/wp\/v2\/product\/18317","targetHints":{"allow":["GET"]}}],"collection":[{"href":"https:\/\/rms-enlinea.com.ar\/tienda\/wp-json\/wp\/v2\/product"}],"about":[{"href":"https:\/\/rms-enlinea.com.ar\/tienda\/wp-json\/wp\/v2\/types\/product"}],"replies":[{"embeddable":true,"href":"https:\/\/rms-enlinea.com.ar\/tienda\/wp-json\/wp\/v2\/comments?post=18317"}],"wp:featuredmedia":[{"embeddable":true,"href":"https:\/\/rms-enlinea.com.ar\/tienda\/wp-json\/wp\/v2\/media\/18313"}],"wp:attachment":[{"href":"https:\/\/rms-enlinea.com.ar\/tienda\/wp-json\/wp\/v2\/media?parent=18317"}],"wp:term":[{"taxonomy":"product_brand","embeddable":true,"href":"https:\/\/rms-enlinea.com.ar\/tienda\/wp-json\/wp\/v2\/product_brand?post=18317"},{"taxonomy":"product_cat","embeddable":true,"href":"https:\/\/rms-enlinea.com.ar\/tienda\/wp-json\/wp\/v2\/product_cat?post=18317"},{"taxonomy":"product_tag","embeddable":true,"href":"https:\/\/rms-enlinea.com.ar\/tienda\/wp-json\/wp\/v2\/product_tag?post=18317"}],"curies":[{"name":"wp","href":"https:\/\/api.w.org\/{rel}","templated":true}]}}