{"id":18323,"date":"2025-06-12T08:07:13","date_gmt":"2025-06-12T11:07:13","guid":{"rendered":"https:\/\/rms-enlinea.com.ar\/tienda\/producto\/genius-graphic-tablet-mousepen-modelo-i608x-con-mouse\/"},"modified":"2026-04-11T13:40:17","modified_gmt":"2026-04-11T16:40:17","slug":"genius-graphic-tablet-mousepen-modelo-i608x-con-mouse","status":"publish","type":"product","link":"https:\/\/rms-enlinea.com.ar\/tienda\/producto\/genius-graphic-tablet-mousepen-modelo-i608x-con-mouse\/","title":{"rendered":"Genius Graphic Tablet Mousepen Modelo I608x Con Mouse"},"content":{"rendered":"<p>Dimensiones del \u00e1rea de trabajo<\/p>\n<p>20 cm<br \/>Dimensiones del \u00e1rea de trabajo<\/p>\n<p>7 cm<br \/>Compatibilidad<\/p>\n<p>Windows<br \/>Marca<\/p>\n<p>Genius<br \/>C\u00f3digo universal de producto<\/p>\n<p>4710268236870<br \/>Incluye l\u00e1piz<\/p>\n<p>S\u00ed<br \/>Es multi-touch<\/p>\n<p>No<br \/>L\u00ednea<\/p>\n<p>EasyPen<br \/>Modelo<\/p>\n<p>I608X<br \/>Niveles de sensibilidad de presi\u00f3n<\/p>\n<p>1024<br \/>Con USB<\/p>\n<p>S\u00ed<br \/>Dimensiones del \u00e1rea de trabajo<\/p>\n<p>152.4 mm<br \/>Compatibilidad<\/p>\n<p>Windows<br \/>Marca<\/p>\n<p>Genius<br \/>EAN<\/p>\n<p>4710268236870<br \/>C\u00f3digo universal de producto<\/p>\n<p>4710268236870<br \/>Incluye l\u00e1piz<\/p>\n<p>S\u00ed<br \/>Es multi-touch<\/p>\n<p>No<br \/>L\u00ednea<\/p>\n<p>MousePen<br \/>Modelo<\/p>\n<p>I608X<br \/>Niveles de sensibilidad de presi\u00f3n<\/p>\n<p>1024<br \/>Con USB<\/p>\n<p>S\u00ed<br \/>Compatibilidad<\/p>\n<p>Windows<br \/>Marca<\/p>\n<p>Genius<br \/>EAN<\/p>\n<p>4710268236870<br \/>C\u00f3digo universal de producto<\/p>\n<p>4710268236870<br \/>Incluye l\u00e1piz<\/p>\n<p>S\u00ed<br \/>L\u00ednea<\/p>\n<p>MousePen<br \/>Modelo<\/p>\n<p>I608X<br \/>Niveles de sensibilidad de presi\u00f3n<\/p>\n<p>1024<br \/>Con USB<\/p>\n<p>S\u00ed<\/p>\n","protected":false},"excerpt":{"rendered":"<p>Dimensiones del \u00e1rea de trabajo 20 cmDimensiones del \u00e1rea de trabajo 7 cmCompatibilidad WindowsMarca GeniusC\u00f3digo universal de producto 4710268236870Incluye l\u00e1piz S\u00edEs multi-touch NoL\u00ednea EasyPenModelo I608XNiveles de sensibilidad de presi\u00f3n 1024Con USB S\u00edDimensiones del \u00e1rea de trabajo 152.4 mmCompatibilidad WindowsMarca GeniusEAN 4710268236870C\u00f3digo universal de producto 4710268236870Incluye l\u00e1piz S\u00edEs multi-touch NoL\u00ednea MousePenModelo I608XNiveles de sensibilidad de presi\u00f3n [&hellip;]<\/p>\n","protected":false},"featured_media":18324,"comment_status":"open","ping_status":"closed","template":"","meta":{"_uag_custom_page_level_css":""},"product_brand":[550],"product_cat":[116],"product_tag":[],"class_list":{"0":"post-18323","1":"product","2":"type-product","3":"status-publish","4":"has-post-thumbnail","6":"product_brand-genius","7":"product_cat-notebooks-y-tablet","9":"first","10":"instock","11":"sale","12":"taxable","13":"shipping-taxable","14":"purchasable","15":"product-type-simple"},"uagb_featured_image_src":{"full":["https:\/\/rms-enlinea.com.ar\/wp-content\/uploads\/2025\/06\/D_729965-MLA76172973623_052024-F.jpg",1200,972,false],"thumbnail":["https:\/\/rms-enlinea.com.ar\/wp-content\/uploads\/2025\/06\/D_729965-MLA76172973623_052024-F-150x150.jpg",150,150,true],"medium":["https:\/\/rms-enlinea.com.ar\/wp-content\/uploads\/2025\/06\/D_729965-MLA76172973623_052024-F-300x243.jpg",300,243,true],"medium_large":["https:\/\/rms-enlinea.com.ar\/wp-content\/uploads\/2025\/06\/D_729965-MLA76172973623_052024-F-768x622.jpg",768,622,true],"large":["https:\/\/rms-enlinea.com.ar\/wp-content\/uploads\/2025\/06\/D_729965-MLA76172973623_052024-F-1024x829.jpg",1024,829,true],"1536x1536":["https:\/\/rms-enlinea.com.ar\/wp-content\/uploads\/2025\/06\/D_729965-MLA76172973623_052024-F.jpg",1200,972,false],"2048x2048":["https:\/\/rms-enlinea.com.ar\/wp-content\/uploads\/2025\/06\/D_729965-MLA76172973623_052024-F.jpg",1200,972,false],"woocommerce_thumbnail":["https:\/\/rms-enlinea.com.ar\/wp-content\/uploads\/2025\/06\/D_729965-MLA76172973623_052024-F-450x450.jpg",450,450,true],"woocommerce_single":["https:\/\/rms-enlinea.com.ar\/wp-content\/uploads\/2025\/06\/D_729965-MLA76172973623_052024-F-600x486.jpg",600,486,true],"woocommerce_gallery_thumbnail":["https:\/\/rms-enlinea.com.ar\/wp-content\/uploads\/2025\/06\/D_729965-MLA76172973623_052024-F-100x100.jpg",100,100,true]},"uagb_author_info":{"display_name":"l0071054","author_link":"https:\/\/rms-enlinea.com.ar\/tienda\/author\/"},"uagb_comment_info":0,"uagb_excerpt":"Dimensiones del \u00e1rea de trabajo 20 cmDimensiones del \u00e1rea de trabajo 7 cmCompatibilidad WindowsMarca GeniusC\u00f3digo universal de producto 4710268236870Incluye l\u00e1piz S\u00edEs multi-touch NoL\u00ednea EasyPenModelo I608XNiveles de sensibilidad de presi\u00f3n 1024Con USB S\u00edDimensiones del \u00e1rea de trabajo 152.4 mmCompatibilidad WindowsMarca GeniusEAN 4710268236870C\u00f3digo universal de producto 4710268236870Incluye l\u00e1piz S\u00edEs multi-touch NoL\u00ednea MousePenModelo I608XNiveles de sensibilidad de presi\u00f3n&hellip;","_links":{"self":[{"href":"https:\/\/rms-enlinea.com.ar\/tienda\/wp-json\/wp\/v2\/product\/18323","targetHints":{"allow":["GET"]}}],"collection":[{"href":"https:\/\/rms-enlinea.com.ar\/tienda\/wp-json\/wp\/v2\/product"}],"about":[{"href":"https:\/\/rms-enlinea.com.ar\/tienda\/wp-json\/wp\/v2\/types\/product"}],"replies":[{"embeddable":true,"href":"https:\/\/rms-enlinea.com.ar\/tienda\/wp-json\/wp\/v2\/comments?post=18323"}],"wp:featuredmedia":[{"embeddable":true,"href":"https:\/\/rms-enlinea.com.ar\/tienda\/wp-json\/wp\/v2\/media\/18324"}],"wp:attachment":[{"href":"https:\/\/rms-enlinea.com.ar\/tienda\/wp-json\/wp\/v2\/media?parent=18323"}],"wp:term":[{"taxonomy":"product_brand","embeddable":true,"href":"https:\/\/rms-enlinea.com.ar\/tienda\/wp-json\/wp\/v2\/product_brand?post=18323"},{"taxonomy":"product_cat","embeddable":true,"href":"https:\/\/rms-enlinea.com.ar\/tienda\/wp-json\/wp\/v2\/product_cat?post=18323"},{"taxonomy":"product_tag","embeddable":true,"href":"https:\/\/rms-enlinea.com.ar\/tienda\/wp-json\/wp\/v2\/product_tag?post=18323"}],"curies":[{"name":"wp","href":"https:\/\/api.w.org\/{rel}","templated":true}]}}