{"id":18329,"date":"2025-06-12T08:07:20","date_gmt":"2025-06-12T11:07:20","guid":{"rendered":"https:\/\/rms-enlinea.com.ar\/tienda\/producto\/tableta-grafica-genius-easypen-i405x-sensibilidad-1024-4\/"},"modified":"2026-03-31T20:06:01","modified_gmt":"2026-03-31T23:06:01","slug":"tableta-grafica-genius-easypen-i405x-sensibilidad-1024-4","status":"publish","type":"product","link":"https:\/\/rms-enlinea.com.ar\/tienda\/producto\/tableta-grafica-genius-easypen-i405x-sensibilidad-1024-4\/","title":{"rendered":"Tableta Grafica Genius Easypen I405x Sensibilidad 1024 4"},"content":{"rendered":"<p>Atributos<br \/>Largo del \u00e1rea de trabajo<\/p>\n<p>5.5 &#8220;<br \/>Ancho del \u00e1rea de trabajo<\/p>\n<p>4 &#8220;<br \/>Marca<\/p>\n<p>Genius<br \/>Resoluci\u00f3n de la imagen<\/p>\n<p>2540 lpi<br \/>Incluye l\u00e1piz<\/p>\n<p>S\u00ed<br \/>Incluye cable USB<\/p>\n<p>S\u00ed<br \/>L\u00ednea<\/p>\n<p>EasyPen<br \/>Modelo<\/p>\n<p>i405X<br \/>Niveles de sensibilidad de presi\u00f3n<\/p>\n<p>1024<br \/>Velocidad de lectura<\/p>\n<p>100 rps<br \/>Largo de la tableta<\/p>\n<p>200 mm<br \/>Espesor de la tableta<\/p>\n<p>10 mm<br \/>Ancho de la tableta<\/p>\n<p>199 mm<br \/>Peso<\/p>\n<p>348 g<br \/>Con puerto USB<\/p>\n<p>S\u00ed<\/p>\n","protected":false},"excerpt":{"rendered":"<p>AtributosLargo del \u00e1rea de trabajo 5.5 &#8220;Ancho del \u00e1rea de trabajo 4 &#8220;Marca GeniusResoluci\u00f3n de la imagen 2540 lpiIncluye l\u00e1piz S\u00edIncluye cable USB S\u00edL\u00ednea EasyPenModelo i405XNiveles de sensibilidad de presi\u00f3n 1024Velocidad de lectura 100 rpsLargo de la tableta 200 mmEspesor de la tableta 10 mmAncho de la tableta 199 mmPeso 348 gCon puerto USB S\u00ed<\/p>\n","protected":false},"featured_media":10248,"comment_status":"open","ping_status":"closed","template":"","meta":{"_uag_custom_page_level_css":""},"product_brand":[550],"product_cat":[116],"product_tag":[],"class_list":{"0":"post-18329","1":"product","2":"type-product","3":"status-publish","4":"has-post-thumbnail","6":"product_brand-genius","7":"product_cat-notebooks-y-tablet","9":"first","10":"outofstock","11":"sale","12":"taxable","13":"shipping-taxable","14":"purchasable","15":"product-type-simple"},"uagb_featured_image_src":{"full":["https:\/\/rms-enlinea.com.ar\/wp-content\/uploads\/2025\/06\/D_663609-MLU69741885921_052023-F.jpg",500,403,false],"thumbnail":["https:\/\/rms-enlinea.com.ar\/wp-content\/uploads\/2025\/06\/D_663609-MLU69741885921_052023-F-150x150.jpg",150,150,true],"medium":["https:\/\/rms-enlinea.com.ar\/wp-content\/uploads\/2025\/06\/D_663609-MLU69741885921_052023-F-300x242.jpg",300,242,true],"medium_large":["https:\/\/rms-enlinea.com.ar\/wp-content\/uploads\/2025\/06\/D_663609-MLU69741885921_052023-F.jpg",500,403,false],"large":["https:\/\/rms-enlinea.com.ar\/wp-content\/uploads\/2025\/06\/D_663609-MLU69741885921_052023-F.jpg",500,403,false],"1536x1536":["https:\/\/rms-enlinea.com.ar\/wp-content\/uploads\/2025\/06\/D_663609-MLU69741885921_052023-F.jpg",500,403,false],"2048x2048":["https:\/\/rms-enlinea.com.ar\/wp-content\/uploads\/2025\/06\/D_663609-MLU69741885921_052023-F.jpg",500,403,false],"woocommerce_thumbnail":["https:\/\/rms-enlinea.com.ar\/wp-content\/uploads\/2025\/06\/D_663609-MLU69741885921_052023-F-450x403.jpg",450,403,true],"woocommerce_single":["https:\/\/rms-enlinea.com.ar\/wp-content\/uploads\/2025\/06\/D_663609-MLU69741885921_052023-F.jpg",500,403,false],"woocommerce_gallery_thumbnail":["https:\/\/rms-enlinea.com.ar\/wp-content\/uploads\/2025\/06\/D_663609-MLU69741885921_052023-F-100x100.jpg",100,100,true]},"uagb_author_info":{"display_name":"l0071054","author_link":"https:\/\/rms-enlinea.com.ar\/tienda\/author\/"},"uagb_comment_info":0,"uagb_excerpt":"AtributosLargo del \u00e1rea de trabajo 5.5 &#8220;Ancho del \u00e1rea de trabajo 4 &#8220;Marca GeniusResoluci\u00f3n de la imagen 2540 lpiIncluye l\u00e1piz S\u00edIncluye cable USB S\u00edL\u00ednea EasyPenModelo i405XNiveles de sensibilidad de presi\u00f3n 1024Velocidad de lectura 100 rpsLargo de la tableta 200 mmEspesor de la tableta 10 mmAncho de la tableta 199 mmPeso 348 gCon puerto USB S\u00ed","_links":{"self":[{"href":"https:\/\/rms-enlinea.com.ar\/tienda\/wp-json\/wp\/v2\/product\/18329","targetHints":{"allow":["GET"]}}],"collection":[{"href":"https:\/\/rms-enlinea.com.ar\/tienda\/wp-json\/wp\/v2\/product"}],"about":[{"href":"https:\/\/rms-enlinea.com.ar\/tienda\/wp-json\/wp\/v2\/types\/product"}],"replies":[{"embeddable":true,"href":"https:\/\/rms-enlinea.com.ar\/tienda\/wp-json\/wp\/v2\/comments?post=18329"}],"wp:featuredmedia":[{"embeddable":true,"href":"https:\/\/rms-enlinea.com.ar\/tienda\/wp-json\/wp\/v2\/media\/10248"}],"wp:attachment":[{"href":"https:\/\/rms-enlinea.com.ar\/tienda\/wp-json\/wp\/v2\/media?parent=18329"}],"wp:term":[{"taxonomy":"product_brand","embeddable":true,"href":"https:\/\/rms-enlinea.com.ar\/tienda\/wp-json\/wp\/v2\/product_brand?post=18329"},{"taxonomy":"product_cat","embeddable":true,"href":"https:\/\/rms-enlinea.com.ar\/tienda\/wp-json\/wp\/v2\/product_cat?post=18329"},{"taxonomy":"product_tag","embeddable":true,"href":"https:\/\/rms-enlinea.com.ar\/tienda\/wp-json\/wp\/v2\/product_tag?post=18329"}],"curies":[{"name":"wp","href":"https:\/\/api.w.org\/{rel}","templated":true}]}}