{"id":18349,"date":"2025-06-12T08:07:48","date_gmt":"2025-06-12T11:07:48","guid":{"rendered":"https:\/\/rms-enlinea.com.ar\/tienda\/producto\/microfono-para-bateria-y-percusion-condenser-jts-cx-505\/"},"modified":"2026-04-06T14:07:37","modified_gmt":"2026-04-06T17:07:37","slug":"microfono-para-bateria-y-percusion-condenser-jts-cx-505","status":"publish","type":"product","link":"https:\/\/rms-enlinea.com.ar\/tienda\/producto\/microfono-para-bateria-y-percusion-condenser-jts-cx-505\/","title":{"rendered":"Microfono Para Bateria Y Percusion Condenser Jts Cx-505"},"content":{"rendered":"<p>CARACTER\u00cdSTICAS T\u00c9CNICAS<br \/>TIPO: Electret Condensader <br \/>RESPUESTA EN FRECUENCIA: 50 18,000 Hz<br \/>PATR\u00d3N POLAR: cardioide <br \/>SENSIBILIDAD (A 1.000 HZ): -64dB(0,63 mV) a 1.000 Hz<br \/>FUENTE DE ALIMENTACI\u00d3N: Phantom de 9-52 V<\/p>\n<p>F\u00cdSICO<br \/>CONECTOR DE SALIDA: XLR macho de 3 pines Cuerpo de metal fundido a presi\u00f3n pintado con esmalte met\u00e1lico con rejilla de acero templado y acabado mate <\/p>\n<p>PESO NETO: 230 gramos<\/p>\n","protected":false},"excerpt":{"rendered":"<p>CARACTER\u00cdSTICAS T\u00c9CNICASTIPO: Electret Condensader RESPUESTA EN FRECUENCIA: 50 18,000 HzPATR\u00d3N POLAR: cardioide SENSIBILIDAD (A 1.000 HZ): -64dB(0,63 mV) a 1.000 HzFUENTE DE ALIMENTACI\u00d3N: Phantom de 9-52 V F\u00cdSICOCONECTOR DE SALIDA: XLR macho de 3 pines Cuerpo de metal fundido a presi\u00f3n pintado con esmalte met\u00e1lico con rejilla de acero templado y acabado mate PESO NETO: [&hellip;]<\/p>\n","protected":false},"featured_media":18350,"comment_status":"open","ping_status":"closed","template":"","meta":{"_uag_custom_page_level_css":""},"product_brand":[],"product_cat":[75],"product_tag":[],"class_list":{"0":"post-18349","1":"product","2":"type-product","3":"status-publish","4":"has-post-thumbnail","6":"product_cat-microfonos","8":"first","9":"outofstock","10":"sale","11":"taxable","12":"shipping-taxable","13":"purchasable","14":"product-type-simple"},"uagb_featured_image_src":{"full":["https:\/\/rms-enlinea.com.ar\/wp-content\/uploads\/2025\/06\/D_796778-MLA76117550003_042024-F.jpg",561,722,false],"thumbnail":["https:\/\/rms-enlinea.com.ar\/wp-content\/uploads\/2025\/06\/D_796778-MLA76117550003_042024-F-150x150.jpg",150,150,true],"medium":["https:\/\/rms-enlinea.com.ar\/wp-content\/uploads\/2025\/06\/D_796778-MLA76117550003_042024-F-233x300.jpg",233,300,true],"medium_large":["https:\/\/rms-enlinea.com.ar\/wp-content\/uploads\/2025\/06\/D_796778-MLA76117550003_042024-F.jpg",561,722,false],"large":["https:\/\/rms-enlinea.com.ar\/wp-content\/uploads\/2025\/06\/D_796778-MLA76117550003_042024-F.jpg",561,722,false],"1536x1536":["https:\/\/rms-enlinea.com.ar\/wp-content\/uploads\/2025\/06\/D_796778-MLA76117550003_042024-F.jpg",561,722,false],"2048x2048":["https:\/\/rms-enlinea.com.ar\/wp-content\/uploads\/2025\/06\/D_796778-MLA76117550003_042024-F.jpg",561,722,false],"woocommerce_thumbnail":["https:\/\/rms-enlinea.com.ar\/wp-content\/uploads\/2025\/06\/D_796778-MLA76117550003_042024-F-450x450.jpg",450,450,true],"woocommerce_single":["https:\/\/rms-enlinea.com.ar\/wp-content\/uploads\/2025\/06\/D_796778-MLA76117550003_042024-F.jpg",561,722,false],"woocommerce_gallery_thumbnail":["https:\/\/rms-enlinea.com.ar\/wp-content\/uploads\/2025\/06\/D_796778-MLA76117550003_042024-F-100x100.jpg",100,100,true]},"uagb_author_info":{"display_name":"l0071054","author_link":"https:\/\/rms-enlinea.com.ar\/tienda\/author\/"},"uagb_comment_info":0,"uagb_excerpt":"CARACTER\u00cdSTICAS T\u00c9CNICASTIPO: Electret Condensader RESPUESTA EN FRECUENCIA: 50 18,000 HzPATR\u00d3N POLAR: cardioide SENSIBILIDAD (A 1.000 HZ): -64dB(0,63 mV) a 1.000 HzFUENTE DE ALIMENTACI\u00d3N: Phantom de 9-52 V F\u00cdSICOCONECTOR DE SALIDA: XLR macho de 3 pines Cuerpo de metal fundido a presi\u00f3n pintado con esmalte met\u00e1lico con rejilla de acero templado y acabado mate PESO NETO:&hellip;","_links":{"self":[{"href":"https:\/\/rms-enlinea.com.ar\/tienda\/wp-json\/wp\/v2\/product\/18349","targetHints":{"allow":["GET"]}}],"collection":[{"href":"https:\/\/rms-enlinea.com.ar\/tienda\/wp-json\/wp\/v2\/product"}],"about":[{"href":"https:\/\/rms-enlinea.com.ar\/tienda\/wp-json\/wp\/v2\/types\/product"}],"replies":[{"embeddable":true,"href":"https:\/\/rms-enlinea.com.ar\/tienda\/wp-json\/wp\/v2\/comments?post=18349"}],"wp:featuredmedia":[{"embeddable":true,"href":"https:\/\/rms-enlinea.com.ar\/tienda\/wp-json\/wp\/v2\/media\/18350"}],"wp:attachment":[{"href":"https:\/\/rms-enlinea.com.ar\/tienda\/wp-json\/wp\/v2\/media?parent=18349"}],"wp:term":[{"taxonomy":"product_brand","embeddable":true,"href":"https:\/\/rms-enlinea.com.ar\/tienda\/wp-json\/wp\/v2\/product_brand?post=18349"},{"taxonomy":"product_cat","embeddable":true,"href":"https:\/\/rms-enlinea.com.ar\/tienda\/wp-json\/wp\/v2\/product_cat?post=18349"},{"taxonomy":"product_tag","embeddable":true,"href":"https:\/\/rms-enlinea.com.ar\/tienda\/wp-json\/wp\/v2\/product_tag?post=18349"}],"curies":[{"name":"wp","href":"https:\/\/api.w.org\/{rel}","templated":true}]}}