{"id":18394,"date":"2025-06-12T08:08:58","date_gmt":"2025-06-12T11:08:58","guid":{"rendered":"https:\/\/rms-enlinea.com.ar\/tienda\/producto\/auricular-gamer-gx-gaming-genius-g710v-7-1-vibracion-mic\/"},"modified":"2026-04-09T18:30:48","modified_gmt":"2026-04-09T21:30:48","slug":"auricular-gamer-gx-gaming-genius-g710v-7-1-vibracion-mic","status":"publish","type":"product","link":"https:\/\/rms-enlinea.com.ar\/tienda\/producto\/auricular-gamer-gx-gaming-genius-g710v-7-1-vibracion-mic\/","title":{"rendered":"Auricular Gamer Gx Gaming Genius G710v 7.1 Vibracion Mic"},"content":{"rendered":"<p>Informaci\u00f3n adicional requerida<\/p>\n<p>Tiene n\u00famero de serie<br \/>Marca<\/p>\n<p>Genius<br \/>Largo del cable<\/p>\n<p>1800 mm<br \/>Formato del auricular<\/p>\n<p>Headset<br \/>Es gamer<\/p>\n<p>S\u00ed<br \/>Es inal\u00e1mbrico<\/p>\n<p>No<br \/>L\u00ednea<\/p>\n<p>GX Gaming<br \/>Modelo<\/p>\n<p>HS-G710V<br \/>Embalaje del env\u00edo<\/p>\n<p>Caja<br \/>Con Bluetooth<\/p>\n<p>No<br \/>Con luz LED<\/p>\n<p>No<br \/>Con micr\u00f3fono<\/p>\n<p>S\u00ed<\/p>\n","protected":false},"excerpt":{"rendered":"<p>Informaci\u00f3n adicional requerida Tiene n\u00famero de serieMarca GeniusLargo del cable 1800 mmFormato del auricular HeadsetEs gamer S\u00edEs inal\u00e1mbrico NoL\u00ednea GX GamingModelo HS-G710VEmbalaje del env\u00edo CajaCon Bluetooth NoCon luz LED NoCon micr\u00f3fono S\u00ed<\/p>\n","protected":false},"featured_media":18395,"comment_status":"open","ping_status":"closed","template":"","meta":{"_uag_custom_page_level_css":""},"product_brand":[550],"product_cat":[99],"product_tag":[],"class_list":{"0":"post-18394","1":"product","2":"type-product","3":"status-publish","4":"has-post-thumbnail","6":"product_brand-genius","7":"product_cat-auriculares-computacion","9":"first","10":"instock","11":"sale","12":"taxable","13":"shipping-taxable","14":"purchasable","15":"product-type-simple"},"uagb_featured_image_src":{"full":["https:\/\/rms-enlinea.com.ar\/wp-content\/uploads\/2025\/06\/D_802545-MLA75868859880_042024-F.jpg",1032,1200,false],"thumbnail":["https:\/\/rms-enlinea.com.ar\/wp-content\/uploads\/2025\/06\/D_802545-MLA75868859880_042024-F-150x150.jpg",150,150,true],"medium":["https:\/\/rms-enlinea.com.ar\/wp-content\/uploads\/2025\/06\/D_802545-MLA75868859880_042024-F-258x300.jpg",258,300,true],"medium_large":["https:\/\/rms-enlinea.com.ar\/wp-content\/uploads\/2025\/06\/D_802545-MLA75868859880_042024-F-768x893.jpg",768,893,true],"large":["https:\/\/rms-enlinea.com.ar\/wp-content\/uploads\/2025\/06\/D_802545-MLA75868859880_042024-F-881x1024.jpg",881,1024,true],"1536x1536":["https:\/\/rms-enlinea.com.ar\/wp-content\/uploads\/2025\/06\/D_802545-MLA75868859880_042024-F.jpg",1032,1200,false],"2048x2048":["https:\/\/rms-enlinea.com.ar\/wp-content\/uploads\/2025\/06\/D_802545-MLA75868859880_042024-F.jpg",1032,1200,false],"woocommerce_thumbnail":["https:\/\/rms-enlinea.com.ar\/wp-content\/uploads\/2025\/06\/D_802545-MLA75868859880_042024-F-450x450.jpg",450,450,true],"woocommerce_single":["https:\/\/rms-enlinea.com.ar\/wp-content\/uploads\/2025\/06\/D_802545-MLA75868859880_042024-F-600x698.jpg",600,698,true],"woocommerce_gallery_thumbnail":["https:\/\/rms-enlinea.com.ar\/wp-content\/uploads\/2025\/06\/D_802545-MLA75868859880_042024-F-100x100.jpg",100,100,true]},"uagb_author_info":{"display_name":"l0071054","author_link":"https:\/\/rms-enlinea.com.ar\/tienda\/author\/"},"uagb_comment_info":0,"uagb_excerpt":"Informaci\u00f3n adicional requerida Tiene n\u00famero de serieMarca GeniusLargo del cable 1800 mmFormato del auricular HeadsetEs gamer S\u00edEs inal\u00e1mbrico NoL\u00ednea GX GamingModelo HS-G710VEmbalaje del env\u00edo CajaCon Bluetooth NoCon luz LED NoCon micr\u00f3fono S\u00ed","_links":{"self":[{"href":"https:\/\/rms-enlinea.com.ar\/tienda\/wp-json\/wp\/v2\/product\/18394","targetHints":{"allow":["GET"]}}],"collection":[{"href":"https:\/\/rms-enlinea.com.ar\/tienda\/wp-json\/wp\/v2\/product"}],"about":[{"href":"https:\/\/rms-enlinea.com.ar\/tienda\/wp-json\/wp\/v2\/types\/product"}],"replies":[{"embeddable":true,"href":"https:\/\/rms-enlinea.com.ar\/tienda\/wp-json\/wp\/v2\/comments?post=18394"}],"wp:featuredmedia":[{"embeddable":true,"href":"https:\/\/rms-enlinea.com.ar\/tienda\/wp-json\/wp\/v2\/media\/18395"}],"wp:attachment":[{"href":"https:\/\/rms-enlinea.com.ar\/tienda\/wp-json\/wp\/v2\/media?parent=18394"}],"wp:term":[{"taxonomy":"product_brand","embeddable":true,"href":"https:\/\/rms-enlinea.com.ar\/tienda\/wp-json\/wp\/v2\/product_brand?post=18394"},{"taxonomy":"product_cat","embeddable":true,"href":"https:\/\/rms-enlinea.com.ar\/tienda\/wp-json\/wp\/v2\/product_cat?post=18394"},{"taxonomy":"product_tag","embeddable":true,"href":"https:\/\/rms-enlinea.com.ar\/tienda\/wp-json\/wp\/v2\/product_tag?post=18394"}],"curies":[{"name":"wp","href":"https:\/\/api.w.org\/{rel}","templated":true}]}}