{"id":18400,"date":"2025-06-12T08:09:04","date_gmt":"2025-06-12T11:09:04","guid":{"rendered":"https:\/\/rms-enlinea.com.ar\/tienda\/producto\/auricular-gamer-gx-gaming-genius-hs-610-red-mini-plug\/"},"modified":"2026-04-09T18:30:42","modified_gmt":"2026-04-09T21:30:42","slug":"auricular-gamer-gx-gaming-genius-hs-610-red-mini-plug","status":"publish","type":"product","link":"https:\/\/rms-enlinea.com.ar\/tienda\/producto\/auricular-gamer-gx-gaming-genius-hs-610-red-mini-plug\/","title":{"rendered":"Auricular Gamer Gx Gaming Genius Hs-610 Red Mini Plug"},"content":{"rendered":"<p>Marca<\/p>\n<p>Genius<br \/>Largo del cable<\/p>\n<p>1.5 m<br \/>C\u00f3digo universal de producto<\/p>\n<p>4710268255697<br \/>Formato del auricular<\/p>\n<p>Headset<br \/>Es gamer<\/p>\n<p>No<br \/>Es monoaural<\/p>\n<p>No<br \/>Es inal\u00e1mbrico<\/p>\n<p>No<br \/>L\u00ednea<\/p>\n<p>Vincha<br \/>Modelo<\/p>\n<p>HS-610<br \/>Con Bluetooth<\/p>\n<p>No<br \/>Con luz LED<\/p>\n<p>No<br \/>Con micr\u00f3fono<\/p>\n<p>S\u00ed<\/p>\n","protected":false},"excerpt":{"rendered":"<p>Marca GeniusLargo del cable 1.5 mC\u00f3digo universal de producto 4710268255697Formato del auricular HeadsetEs gamer NoEs monoaural NoEs inal\u00e1mbrico NoL\u00ednea VinchaModelo HS-610Con Bluetooth NoCon luz LED NoCon micr\u00f3fono S\u00ed<\/p>\n","protected":false},"featured_media":18401,"comment_status":"open","ping_status":"closed","template":"","meta":{"_uag_custom_page_level_css":""},"product_brand":[550],"product_cat":[99],"product_tag":[],"class_list":{"0":"post-18400","1":"product","2":"type-product","3":"status-publish","4":"has-post-thumbnail","6":"product_brand-genius","7":"product_cat-auriculares-computacion","9":"first","10":"instock","11":"sale","12":"taxable","13":"shipping-taxable","14":"purchasable","15":"product-type-simple"},"uagb_featured_image_src":{"full":["https:\/\/rms-enlinea.com.ar\/wp-content\/uploads\/2025\/06\/D_655706-MLA75875962986_042024-F.jpg",993,1200,false],"thumbnail":["https:\/\/rms-enlinea.com.ar\/wp-content\/uploads\/2025\/06\/D_655706-MLA75875962986_042024-F-150x150.jpg",150,150,true],"medium":["https:\/\/rms-enlinea.com.ar\/wp-content\/uploads\/2025\/06\/D_655706-MLA75875962986_042024-F-248x300.jpg",248,300,true],"medium_large":["https:\/\/rms-enlinea.com.ar\/wp-content\/uploads\/2025\/06\/D_655706-MLA75875962986_042024-F-768x928.jpg",768,928,true],"large":["https:\/\/rms-enlinea.com.ar\/wp-content\/uploads\/2025\/06\/D_655706-MLA75875962986_042024-F-847x1024.jpg",847,1024,true],"1536x1536":["https:\/\/rms-enlinea.com.ar\/wp-content\/uploads\/2025\/06\/D_655706-MLA75875962986_042024-F.jpg",993,1200,false],"2048x2048":["https:\/\/rms-enlinea.com.ar\/wp-content\/uploads\/2025\/06\/D_655706-MLA75875962986_042024-F.jpg",993,1200,false],"woocommerce_thumbnail":["https:\/\/rms-enlinea.com.ar\/wp-content\/uploads\/2025\/06\/D_655706-MLA75875962986_042024-F-450x450.jpg",450,450,true],"woocommerce_single":["https:\/\/rms-enlinea.com.ar\/wp-content\/uploads\/2025\/06\/D_655706-MLA75875962986_042024-F-600x725.jpg",600,725,true],"woocommerce_gallery_thumbnail":["https:\/\/rms-enlinea.com.ar\/wp-content\/uploads\/2025\/06\/D_655706-MLA75875962986_042024-F-100x100.jpg",100,100,true]},"uagb_author_info":{"display_name":"l0071054","author_link":"https:\/\/rms-enlinea.com.ar\/tienda\/author\/"},"uagb_comment_info":0,"uagb_excerpt":"Marca GeniusLargo del cable 1.5 mC\u00f3digo universal de producto 4710268255697Formato del auricular HeadsetEs gamer NoEs monoaural NoEs inal\u00e1mbrico NoL\u00ednea VinchaModelo HS-610Con Bluetooth NoCon luz LED NoCon micr\u00f3fono S\u00ed","_links":{"self":[{"href":"https:\/\/rms-enlinea.com.ar\/tienda\/wp-json\/wp\/v2\/product\/18400","targetHints":{"allow":["GET"]}}],"collection":[{"href":"https:\/\/rms-enlinea.com.ar\/tienda\/wp-json\/wp\/v2\/product"}],"about":[{"href":"https:\/\/rms-enlinea.com.ar\/tienda\/wp-json\/wp\/v2\/types\/product"}],"replies":[{"embeddable":true,"href":"https:\/\/rms-enlinea.com.ar\/tienda\/wp-json\/wp\/v2\/comments?post=18400"}],"wp:featuredmedia":[{"embeddable":true,"href":"https:\/\/rms-enlinea.com.ar\/tienda\/wp-json\/wp\/v2\/media\/18401"}],"wp:attachment":[{"href":"https:\/\/rms-enlinea.com.ar\/tienda\/wp-json\/wp\/v2\/media?parent=18400"}],"wp:term":[{"taxonomy":"product_brand","embeddable":true,"href":"https:\/\/rms-enlinea.com.ar\/tienda\/wp-json\/wp\/v2\/product_brand?post=18400"},{"taxonomy":"product_cat","embeddable":true,"href":"https:\/\/rms-enlinea.com.ar\/tienda\/wp-json\/wp\/v2\/product_cat?post=18400"},{"taxonomy":"product_tag","embeddable":true,"href":"https:\/\/rms-enlinea.com.ar\/tienda\/wp-json\/wp\/v2\/product_tag?post=18400"}],"curies":[{"name":"wp","href":"https:\/\/api.w.org\/{rel}","templated":true}]}}