{"id":18432,"date":"2025-06-12T08:09:47","date_gmt":"2025-06-12T11:09:47","guid":{"rendered":"https:\/\/rms-enlinea.com.ar\/tienda\/producto\/mother-asus-proart-b650-creator-amd-am5-ddr5-pci-e-5-0\/"},"modified":"2026-04-21T05:36:39","modified_gmt":"2026-04-21T08:36:39","slug":"mother-asus-proart-b650-creator-amd-am5-ddr5-pci-e-5-0","status":"publish","type":"product","link":"https:\/\/rms-enlinea.com.ar\/tienda\/producto\/mother-asus-proart-b650-creator-amd-am5-ddr5-pci-e-5-0\/","title":{"rendered":"Mother Asus Proart B650-creator Amd Am5 Ddr5 Pci-e 5.0"},"content":{"rendered":"<p>SKU<\/p>\n<p>4711081988090<br \/>Modelo<\/p>\n<p>B650-CREATOR P<br \/>Ranuras de expansi\u00f3n<\/p>\n<p>1 ranura pcie 5.0\/4.0\/3.0 x16,1 x ranura pcie 3.0 x16 (admite modo x4)<br \/>C\u00f3digo universal de producto<\/p>\n<p>4711081988090<br \/>Condici\u00f3n del \u00edtem<\/p>\n<p>Nuevo<br \/>L\u00ednea<\/p>\n<p>ASUS PROART<br \/>Capacidad m\u00e1xima soportada de la memoria RAM<\/p>\n<p>128 GB<br \/>Socket<\/p>\n<p>AM5<br \/>Plataforma<\/p>\n<p>AMD<br \/>Tipo de memoria RAM<\/p>\n<p>DDR5<br \/>Versi\u00f3n<\/p>\n<p>DDR5 AM5<br \/>Con procesador<\/p>\n<p>No<br \/>Marca<\/p>\n<p>Asus<br \/>Chipsets<\/p>\n<p>B650<\/p>\n","protected":false},"excerpt":{"rendered":"<p>SKU 4711081988090Modelo B650-CREATOR PRanuras de expansi\u00f3n 1 ranura pcie 5.0\/4.0\/3.0 x16,1 x ranura pcie 3.0 x16 (admite modo x4)C\u00f3digo universal de producto 4711081988090Condici\u00f3n del \u00edtem NuevoL\u00ednea ASUS PROARTCapacidad m\u00e1xima soportada de la memoria RAM 128 GBSocket AM5Plataforma AMDTipo de memoria RAM DDR5Versi\u00f3n DDR5 AM5Con procesador NoMarca AsusChipsets B650<\/p>\n","protected":false},"featured_media":18433,"comment_status":"open","ping_status":"closed","template":"","meta":{"_uag_custom_page_level_css":""},"product_brand":[586],"product_cat":[115],"product_tag":[],"class_list":{"0":"post-18432","1":"product","2":"type-product","3":"status-publish","4":"has-post-thumbnail","6":"product_brand-asus","7":"product_cat-mother","9":"first","10":"outofstock","11":"sale","12":"taxable","13":"shipping-taxable","14":"purchasable","15":"product-type-simple"},"uagb_featured_image_src":{"full":["https:\/\/rms-enlinea.com.ar\/wp-content\/uploads\/2025\/06\/D_988611-MLA75965294819_042024-F.jpg",906,1200,false],"thumbnail":["https:\/\/rms-enlinea.com.ar\/wp-content\/uploads\/2025\/06\/D_988611-MLA75965294819_042024-F-150x150.jpg",150,150,true],"medium":["https:\/\/rms-enlinea.com.ar\/wp-content\/uploads\/2025\/06\/D_988611-MLA75965294819_042024-F-227x300.jpg",227,300,true],"medium_large":["https:\/\/rms-enlinea.com.ar\/wp-content\/uploads\/2025\/06\/D_988611-MLA75965294819_042024-F-768x1017.jpg",768,1017,true],"large":["https:\/\/rms-enlinea.com.ar\/wp-content\/uploads\/2025\/06\/D_988611-MLA75965294819_042024-F-773x1024.jpg",773,1024,true],"1536x1536":["https:\/\/rms-enlinea.com.ar\/wp-content\/uploads\/2025\/06\/D_988611-MLA75965294819_042024-F.jpg",906,1200,false],"2048x2048":["https:\/\/rms-enlinea.com.ar\/wp-content\/uploads\/2025\/06\/D_988611-MLA75965294819_042024-F.jpg",906,1200,false],"woocommerce_thumbnail":["https:\/\/rms-enlinea.com.ar\/wp-content\/uploads\/2025\/06\/D_988611-MLA75965294819_042024-F-450x450.jpg",450,450,true],"woocommerce_single":["https:\/\/rms-enlinea.com.ar\/wp-content\/uploads\/2025\/06\/D_988611-MLA75965294819_042024-F-600x795.jpg",600,795,true],"woocommerce_gallery_thumbnail":["https:\/\/rms-enlinea.com.ar\/wp-content\/uploads\/2025\/06\/D_988611-MLA75965294819_042024-F-100x100.jpg",100,100,true]},"uagb_author_info":{"display_name":"l0071054","author_link":"https:\/\/rms-enlinea.com.ar\/tienda\/author\/"},"uagb_comment_info":0,"uagb_excerpt":"SKU 4711081988090Modelo B650-CREATOR PRanuras de expansi\u00f3n 1 ranura pcie 5.0\/4.0\/3.0 x16,1 x ranura pcie 3.0 x16 (admite modo x4)C\u00f3digo universal de producto 4711081988090Condici\u00f3n del \u00edtem NuevoL\u00ednea ASUS PROARTCapacidad m\u00e1xima soportada de la memoria RAM 128 GBSocket AM5Plataforma AMDTipo de memoria RAM DDR5Versi\u00f3n DDR5 AM5Con procesador NoMarca AsusChipsets B650","_links":{"self":[{"href":"https:\/\/rms-enlinea.com.ar\/tienda\/wp-json\/wp\/v2\/product\/18432","targetHints":{"allow":["GET"]}}],"collection":[{"href":"https:\/\/rms-enlinea.com.ar\/tienda\/wp-json\/wp\/v2\/product"}],"about":[{"href":"https:\/\/rms-enlinea.com.ar\/tienda\/wp-json\/wp\/v2\/types\/product"}],"replies":[{"embeddable":true,"href":"https:\/\/rms-enlinea.com.ar\/tienda\/wp-json\/wp\/v2\/comments?post=18432"}],"wp:featuredmedia":[{"embeddable":true,"href":"https:\/\/rms-enlinea.com.ar\/tienda\/wp-json\/wp\/v2\/media\/18433"}],"wp:attachment":[{"href":"https:\/\/rms-enlinea.com.ar\/tienda\/wp-json\/wp\/v2\/media?parent=18432"}],"wp:term":[{"taxonomy":"product_brand","embeddable":true,"href":"https:\/\/rms-enlinea.com.ar\/tienda\/wp-json\/wp\/v2\/product_brand?post=18432"},{"taxonomy":"product_cat","embeddable":true,"href":"https:\/\/rms-enlinea.com.ar\/tienda\/wp-json\/wp\/v2\/product_cat?post=18432"},{"taxonomy":"product_tag","embeddable":true,"href":"https:\/\/rms-enlinea.com.ar\/tienda\/wp-json\/wp\/v2\/product_tag?post=18432"}],"curies":[{"name":"wp","href":"https:\/\/api.w.org\/{rel}","templated":true}]}}