{"id":18500,"date":"2025-06-12T08:11:31","date_gmt":"2025-06-12T11:11:31","guid":{"rendered":"https:\/\/rms-enlinea.com.ar\/tienda\/producto\/mouse-gamer-inalambrico-logitech-g705-aurora-white-bt-usb\/"},"modified":"2026-03-31T20:47:54","modified_gmt":"2026-03-31T23:47:54","slug":"mouse-gamer-inalambrico-logitech-g705-aurora-white-bt-usb","status":"publish","type":"product","link":"https:\/\/rms-enlinea.com.ar\/tienda\/producto\/mouse-gamer-inalambrico-logitech-g705-aurora-white-bt-usb\/","title":{"rendered":"Mouse Gamer Inalambrico Logitech G705 Aurora White Bt Usb"},"content":{"rendered":"<p>ESPECIFICACIONES F\u00cdSICAS<\/p>\n<p>Altura: 39,4 mm<\/p>\n<p>Ancho: 68,1 mm<\/p>\n<p>Profundidad: 105,8 mm<\/p>\n<p>Peso: 85 g (s\u00f3lo mouse)<\/p>\n<p>40 HORAS DE DURACI\u00d3N DE BATER\u00cdA PARA JUEGOS<\/p>\n<p>Con iluminaci\u00f3n RGB encendida<br \/>SEIS BOTONES<\/p>\n<p>Totalmente programables<br \/>ESPECIFICACIONES T\u00c9CNICAS<br \/>Iluminaci\u00f3n RGB LIGHTSYNC (tres zonas)<\/p>\n<p>Seis botones programables<\/p>\n<p>Resoluci\u00f3n: 100 \u2013 8.200 dpi<\/p>\n","protected":false},"excerpt":{"rendered":"<p>ESPECIFICACIONES F\u00cdSICAS Altura: 39,4 mm Ancho: 68,1 mm Profundidad: 105,8 mm Peso: 85 g (s\u00f3lo mouse) 40 HORAS DE DURACI\u00d3N DE BATER\u00cdA PARA JUEGOS Con iluminaci\u00f3n RGB encendidaSEIS BOTONES Totalmente programablesESPECIFICACIONES T\u00c9CNICASIluminaci\u00f3n RGB LIGHTSYNC (tres zonas) Seis botones programables Resoluci\u00f3n: 100 \u2013 8.200 dpi<\/p>\n","protected":false},"featured_media":18501,"comment_status":"open","ping_status":"closed","template":"","meta":{"_uag_custom_page_level_css":""},"product_brand":[549],"product_cat":[125],"product_tag":[],"class_list":{"0":"post-18500","1":"product","2":"type-product","3":"status-publish","4":"has-post-thumbnail","6":"product_brand-logitech","7":"product_cat-teclados-y-mouses","9":"first","10":"outofstock","11":"sale","12":"taxable","13":"shipping-taxable","14":"purchasable","15":"product-type-simple"},"uagb_featured_image_src":{"full":["https:\/\/rms-enlinea.com.ar\/wp-content\/uploads\/2025\/06\/D_803324-MLA74869451630_032024-F.jpg",846,1119,false],"thumbnail":["https:\/\/rms-enlinea.com.ar\/wp-content\/uploads\/2025\/06\/D_803324-MLA74869451630_032024-F-150x150.jpg",150,150,true],"medium":["https:\/\/rms-enlinea.com.ar\/wp-content\/uploads\/2025\/06\/D_803324-MLA74869451630_032024-F-227x300.jpg",227,300,true],"medium_large":["https:\/\/rms-enlinea.com.ar\/wp-content\/uploads\/2025\/06\/D_803324-MLA74869451630_032024-F-768x1016.jpg",768,1016,true],"large":["https:\/\/rms-enlinea.com.ar\/wp-content\/uploads\/2025\/06\/D_803324-MLA74869451630_032024-F-774x1024.jpg",774,1024,true],"1536x1536":["https:\/\/rms-enlinea.com.ar\/wp-content\/uploads\/2025\/06\/D_803324-MLA74869451630_032024-F.jpg",846,1119,false],"2048x2048":["https:\/\/rms-enlinea.com.ar\/wp-content\/uploads\/2025\/06\/D_803324-MLA74869451630_032024-F.jpg",846,1119,false],"woocommerce_thumbnail":["https:\/\/rms-enlinea.com.ar\/wp-content\/uploads\/2025\/06\/D_803324-MLA74869451630_032024-F-450x450.jpg",450,450,true],"woocommerce_single":["https:\/\/rms-enlinea.com.ar\/wp-content\/uploads\/2025\/06\/D_803324-MLA74869451630_032024-F-600x794.jpg",600,794,true],"woocommerce_gallery_thumbnail":["https:\/\/rms-enlinea.com.ar\/wp-content\/uploads\/2025\/06\/D_803324-MLA74869451630_032024-F-100x100.jpg",100,100,true]},"uagb_author_info":{"display_name":"l0071054","author_link":"https:\/\/rms-enlinea.com.ar\/tienda\/author\/"},"uagb_comment_info":0,"uagb_excerpt":"ESPECIFICACIONES F\u00cdSICAS Altura: 39,4 mm Ancho: 68,1 mm Profundidad: 105,8 mm Peso: 85 g (s\u00f3lo mouse) 40 HORAS DE DURACI\u00d3N DE BATER\u00cdA PARA JUEGOS Con iluminaci\u00f3n RGB encendidaSEIS BOTONES Totalmente programablesESPECIFICACIONES T\u00c9CNICASIluminaci\u00f3n RGB LIGHTSYNC (tres zonas) Seis botones programables Resoluci\u00f3n: 100 \u2013 8.200 dpi","_links":{"self":[{"href":"https:\/\/rms-enlinea.com.ar\/tienda\/wp-json\/wp\/v2\/product\/18500","targetHints":{"allow":["GET"]}}],"collection":[{"href":"https:\/\/rms-enlinea.com.ar\/tienda\/wp-json\/wp\/v2\/product"}],"about":[{"href":"https:\/\/rms-enlinea.com.ar\/tienda\/wp-json\/wp\/v2\/types\/product"}],"replies":[{"embeddable":true,"href":"https:\/\/rms-enlinea.com.ar\/tienda\/wp-json\/wp\/v2\/comments?post=18500"}],"wp:featuredmedia":[{"embeddable":true,"href":"https:\/\/rms-enlinea.com.ar\/tienda\/wp-json\/wp\/v2\/media\/18501"}],"wp:attachment":[{"href":"https:\/\/rms-enlinea.com.ar\/tienda\/wp-json\/wp\/v2\/media?parent=18500"}],"wp:term":[{"taxonomy":"product_brand","embeddable":true,"href":"https:\/\/rms-enlinea.com.ar\/tienda\/wp-json\/wp\/v2\/product_brand?post=18500"},{"taxonomy":"product_cat","embeddable":true,"href":"https:\/\/rms-enlinea.com.ar\/tienda\/wp-json\/wp\/v2\/product_cat?post=18500"},{"taxonomy":"product_tag","embeddable":true,"href":"https:\/\/rms-enlinea.com.ar\/tienda\/wp-json\/wp\/v2\/product_tag?post=18500"}],"curies":[{"name":"wp","href":"https:\/\/api.w.org\/{rel}","templated":true}]}}