{"id":18646,"date":"2025-06-12T08:14:33","date_gmt":"2025-06-12T11:14:33","guid":{"rendered":"https:\/\/rms-enlinea.com.ar\/tienda\/producto\/camara-web-webcam-1080p-autofoco-y-microfono-nisuta-nswc500a\/"},"modified":"2026-04-05T19:35:09","modified_gmt":"2026-04-05T22:35:09","slug":"camara-web-webcam-1080p-autofoco-y-microfono-nisuta-nswc500a","status":"publish","type":"product","link":"https:\/\/rms-enlinea.com.ar\/tienda\/producto\/camara-web-webcam-1080p-autofoco-y-microfono-nisuta-nswc500a\/","title":{"rendered":"C\u00e1mara Web Webcam 1080p Autofoco Y Micr\u00f3fono Nisuta Nswc500a"},"content":{"rendered":"<p>RESOLUCI\u00d3N DE IMAGEN: 2M<br \/>\nSALIDA DE VIDEO: 1920*1080P 30FPS<br \/>\nFORMATO DE VIDEO E IMAGEN: MJPEG\/JPEG<br \/>\nBALANCE DE BLANCOS AUTOM\u00c1TICO<br \/>\nSENSOR CMOS<br \/>\nFRECUENCIA 50HZ, 60HZ<br \/>\nPOSEE MICR\u00d3FONO INCLUIDO<br \/>\nENCHUFE Y UTILICE<br \/>\nFOCO AUTOM\u00c1TICO<br \/>\nTAMA\u00d1O DE LENTE 1\/2.7, IRIS: F2.8, FOCO: 3.2MM<br \/>\nCABLE USB 2.0 DE 1.5M<br \/>\nCOMPATIBLE CON WIN XP\/VISTA\/WIN7\/WIN8\/WIN10 \/ LINUX CON UVC(ABOVE LINUX-2.6.26),MAC-OS X 10.4.8 O SUPERIOR \/ANDROID 4.0 O SUPERIOR CON UVC<\/p>\n","protected":false},"excerpt":{"rendered":"<p>RESOLUCI\u00d3N DE IMAGEN: 2M SALIDA DE VIDEO: 1920*1080P 30FPS FORMATO DE VIDEO E IMAGEN: MJPEG\/JPEG BALANCE DE BLANCOS AUTOM\u00c1TICO SENSOR CMOS FRECUENCIA 50HZ, 60HZ POSEE MICR\u00d3FONO INCLUIDO ENCHUFE Y UTILICE FOCO AUTOM\u00c1TICO TAMA\u00d1O DE LENTE 1\/2.7, IRIS: F2.8, FOCO: 3.2MM CABLE USB 2.0 DE 1.5M COMPATIBLE CON WIN XP\/VISTA\/WIN7\/WIN8\/WIN10 \/ LINUX CON UVC(ABOVE LINUX-2.6.26),MAC-OS X [&hellip;]<\/p>\n","protected":false},"featured_media":18647,"comment_status":"open","ping_status":"closed","template":"","meta":{"_uag_custom_page_level_css":""},"product_brand":[516],"product_cat":[102],"product_tag":[],"class_list":{"0":"post-18646","1":"product","2":"type-product","3":"status-publish","4":"has-post-thumbnail","6":"product_brand-nisuta","7":"product_cat-camaras-webcam","9":"first","10":"outofstock","11":"sale","12":"taxable","13":"shipping-taxable","14":"purchasable","15":"product-type-simple"},"uagb_featured_image_src":{"full":["https:\/\/rms-enlinea.com.ar\/wp-content\/uploads\/2025\/06\/D_678749-MLA47985594120_102021-F.jpg",766,748,false],"thumbnail":["https:\/\/rms-enlinea.com.ar\/wp-content\/uploads\/2025\/06\/D_678749-MLA47985594120_102021-F-150x150.jpg",150,150,true],"medium":["https:\/\/rms-enlinea.com.ar\/wp-content\/uploads\/2025\/06\/D_678749-MLA47985594120_102021-F-300x293.jpg",300,293,true],"medium_large":["https:\/\/rms-enlinea.com.ar\/wp-content\/uploads\/2025\/06\/D_678749-MLA47985594120_102021-F.jpg",766,748,false],"large":["https:\/\/rms-enlinea.com.ar\/wp-content\/uploads\/2025\/06\/D_678749-MLA47985594120_102021-F.jpg",766,748,false],"1536x1536":["https:\/\/rms-enlinea.com.ar\/wp-content\/uploads\/2025\/06\/D_678749-MLA47985594120_102021-F.jpg",766,748,false],"2048x2048":["https:\/\/rms-enlinea.com.ar\/wp-content\/uploads\/2025\/06\/D_678749-MLA47985594120_102021-F.jpg",766,748,false],"woocommerce_thumbnail":["https:\/\/rms-enlinea.com.ar\/wp-content\/uploads\/2025\/06\/D_678749-MLA47985594120_102021-F-450x450.jpg",450,450,true],"woocommerce_single":["https:\/\/rms-enlinea.com.ar\/wp-content\/uploads\/2025\/06\/D_678749-MLA47985594120_102021-F-600x586.jpg",600,586,true],"woocommerce_gallery_thumbnail":["https:\/\/rms-enlinea.com.ar\/wp-content\/uploads\/2025\/06\/D_678749-MLA47985594120_102021-F-100x100.jpg",100,100,true]},"uagb_author_info":{"display_name":"l0071054","author_link":"https:\/\/rms-enlinea.com.ar\/tienda\/author\/"},"uagb_comment_info":0,"uagb_excerpt":"RESOLUCI\u00d3N DE IMAGEN: 2M SALIDA DE VIDEO: 1920*1080P 30FPS FORMATO DE VIDEO E IMAGEN: MJPEG\/JPEG BALANCE DE BLANCOS AUTOM\u00c1TICO SENSOR CMOS FRECUENCIA 50HZ, 60HZ POSEE MICR\u00d3FONO INCLUIDO ENCHUFE Y UTILICE FOCO AUTOM\u00c1TICO TAMA\u00d1O DE LENTE 1\/2.7, IRIS: F2.8, FOCO: 3.2MM CABLE USB 2.0 DE 1.5M COMPATIBLE CON WIN XP\/VISTA\/WIN7\/WIN8\/WIN10 \/ LINUX CON UVC(ABOVE LINUX-2.6.26),MAC-OS X&hellip;","_links":{"self":[{"href":"https:\/\/rms-enlinea.com.ar\/tienda\/wp-json\/wp\/v2\/product\/18646","targetHints":{"allow":["GET"]}}],"collection":[{"href":"https:\/\/rms-enlinea.com.ar\/tienda\/wp-json\/wp\/v2\/product"}],"about":[{"href":"https:\/\/rms-enlinea.com.ar\/tienda\/wp-json\/wp\/v2\/types\/product"}],"replies":[{"embeddable":true,"href":"https:\/\/rms-enlinea.com.ar\/tienda\/wp-json\/wp\/v2\/comments?post=18646"}],"wp:featuredmedia":[{"embeddable":true,"href":"https:\/\/rms-enlinea.com.ar\/tienda\/wp-json\/wp\/v2\/media\/18647"}],"wp:attachment":[{"href":"https:\/\/rms-enlinea.com.ar\/tienda\/wp-json\/wp\/v2\/media?parent=18646"}],"wp:term":[{"taxonomy":"product_brand","embeddable":true,"href":"https:\/\/rms-enlinea.com.ar\/tienda\/wp-json\/wp\/v2\/product_brand?post=18646"},{"taxonomy":"product_cat","embeddable":true,"href":"https:\/\/rms-enlinea.com.ar\/tienda\/wp-json\/wp\/v2\/product_cat?post=18646"},{"taxonomy":"product_tag","embeddable":true,"href":"https:\/\/rms-enlinea.com.ar\/tienda\/wp-json\/wp\/v2\/product_tag?post=18646"}],"curies":[{"name":"wp","href":"https:\/\/api.w.org\/{rel}","templated":true}]}}