{"id":18744,"date":"2025-06-12T08:16:50","date_gmt":"2025-06-12T11:16:50","guid":{"rendered":"https:\/\/rms-enlinea.com.ar\/tienda\/producto\/microfono-razer-seiren-mini-condensador-streaming-usb-rosa\/"},"modified":"2026-04-06T11:34:26","modified_gmt":"2026-04-06T14:34:26","slug":"microfono-razer-seiren-mini-condensador-streaming-usb-rosa","status":"publish","type":"product","link":"https:\/\/rms-enlinea.com.ar\/tienda\/producto\/microfono-razer-seiren-mini-condensador-streaming-usb-rosa\/","title":{"rendered":"Micr\u00f3fono Razer Seiren Mini Condensador Streaming Usb Rosa"},"content":{"rendered":"<p>Accesorios incluidos<\/p>\n<p>Base,Soporte,1 cable USB &#8211; USB<br \/>Marca<\/p>\n<p>Razer<br \/>C\u00f3digo universal de producto<\/p>\n<p>811659039873<br \/>Incluye accesorios<\/p>\n<p>S\u00ed<br \/>Es inal\u00e1mbrico<\/p>\n<p>No<br \/>Frecuencia m\u00e1xima<\/p>\n<p>20000 Hz<br \/>Cantidad de micr\u00f3fonos<\/p>\n<p>1<br \/>Formatos<\/p>\n<p>De mesa<br \/>Usos recomendados<\/p>\n<p>Para computadora,Para streaming,Para grabaciones<br \/>Tipos de micr\u00f3fono<\/p>\n<p>Condensador<br \/>Frecuencia m\u00ednima<\/p>\n<p>20 Hz<br \/>Modelo<\/p>\n<p>RZ19-03450200-R3M1<br \/>Conectores de salida<\/p>\n<p>USB<br \/>Patrones polares<\/p>\n<p>Supercardioide<\/p>\n","protected":false},"excerpt":{"rendered":"<p>Accesorios incluidos Base,Soporte,1 cable USB &#8211; USBMarca RazerC\u00f3digo universal de producto 811659039873Incluye accesorios S\u00edEs inal\u00e1mbrico NoFrecuencia m\u00e1xima 20000 HzCantidad de micr\u00f3fonos 1Formatos De mesaUsos recomendados Para computadora,Para streaming,Para grabacionesTipos de micr\u00f3fono CondensadorFrecuencia m\u00ednima 20 HzModelo RZ19-03450200-R3M1Conectores de salida USBPatrones polares Supercardioide<\/p>\n","protected":false},"featured_media":18745,"comment_status":"open","ping_status":"closed","template":"","meta":{"_uag_custom_page_level_css":""},"product_brand":[559],"product_cat":[113],"product_tag":[],"class_list":{"0":"post-18744","1":"product","2":"type-product","3":"status-publish","4":"has-post-thumbnail","6":"product_brand-razer","7":"product_cat-microfonos-computacion","9":"first","10":"instock","11":"sale","12":"taxable","13":"shipping-taxable","14":"purchasable","15":"product-type-simple"},"uagb_featured_image_src":{"full":["https:\/\/rms-enlinea.com.ar\/wp-content\/uploads\/2025\/06\/D_699971-MLA44483909356_012021-F.jpg",585,1038,false],"thumbnail":["https:\/\/rms-enlinea.com.ar\/wp-content\/uploads\/2025\/06\/D_699971-MLA44483909356_012021-F-150x150.jpg",150,150,true],"medium":["https:\/\/rms-enlinea.com.ar\/wp-content\/uploads\/2025\/06\/D_699971-MLA44483909356_012021-F-169x300.jpg",169,300,true],"medium_large":["https:\/\/rms-enlinea.com.ar\/wp-content\/uploads\/2025\/06\/D_699971-MLA44483909356_012021-F.jpg",585,1038,false],"large":["https:\/\/rms-enlinea.com.ar\/wp-content\/uploads\/2025\/06\/D_699971-MLA44483909356_012021-F-577x1024.jpg",577,1024,true],"1536x1536":["https:\/\/rms-enlinea.com.ar\/wp-content\/uploads\/2025\/06\/D_699971-MLA44483909356_012021-F.jpg",585,1038,false],"2048x2048":["https:\/\/rms-enlinea.com.ar\/wp-content\/uploads\/2025\/06\/D_699971-MLA44483909356_012021-F.jpg",585,1038,false],"woocommerce_thumbnail":["https:\/\/rms-enlinea.com.ar\/wp-content\/uploads\/2025\/06\/D_699971-MLA44483909356_012021-F-450x450.jpg",450,450,true],"woocommerce_single":["https:\/\/rms-enlinea.com.ar\/wp-content\/uploads\/2025\/06\/D_699971-MLA44483909356_012021-F.jpg",585,1038,false],"woocommerce_gallery_thumbnail":["https:\/\/rms-enlinea.com.ar\/wp-content\/uploads\/2025\/06\/D_699971-MLA44483909356_012021-F-100x100.jpg",100,100,true]},"uagb_author_info":{"display_name":"l0071054","author_link":"https:\/\/rms-enlinea.com.ar\/tienda\/author\/"},"uagb_comment_info":0,"uagb_excerpt":"Accesorios incluidos Base,Soporte,1 cable USB &#8211; USBMarca RazerC\u00f3digo universal de producto 811659039873Incluye accesorios S\u00edEs inal\u00e1mbrico NoFrecuencia m\u00e1xima 20000 HzCantidad de micr\u00f3fonos 1Formatos De mesaUsos recomendados Para computadora,Para streaming,Para grabacionesTipos de micr\u00f3fono CondensadorFrecuencia m\u00ednima 20 HzModelo RZ19-03450200-R3M1Conectores de salida USBPatrones polares Supercardioide","_links":{"self":[{"href":"https:\/\/rms-enlinea.com.ar\/tienda\/wp-json\/wp\/v2\/product\/18744","targetHints":{"allow":["GET"]}}],"collection":[{"href":"https:\/\/rms-enlinea.com.ar\/tienda\/wp-json\/wp\/v2\/product"}],"about":[{"href":"https:\/\/rms-enlinea.com.ar\/tienda\/wp-json\/wp\/v2\/types\/product"}],"replies":[{"embeddable":true,"href":"https:\/\/rms-enlinea.com.ar\/tienda\/wp-json\/wp\/v2\/comments?post=18744"}],"wp:featuredmedia":[{"embeddable":true,"href":"https:\/\/rms-enlinea.com.ar\/tienda\/wp-json\/wp\/v2\/media\/18745"}],"wp:attachment":[{"href":"https:\/\/rms-enlinea.com.ar\/tienda\/wp-json\/wp\/v2\/media?parent=18744"}],"wp:term":[{"taxonomy":"product_brand","embeddable":true,"href":"https:\/\/rms-enlinea.com.ar\/tienda\/wp-json\/wp\/v2\/product_brand?post=18744"},{"taxonomy":"product_cat","embeddable":true,"href":"https:\/\/rms-enlinea.com.ar\/tienda\/wp-json\/wp\/v2\/product_cat?post=18744"},{"taxonomy":"product_tag","embeddable":true,"href":"https:\/\/rms-enlinea.com.ar\/tienda\/wp-json\/wp\/v2\/product_tag?post=18744"}],"curies":[{"name":"wp","href":"https:\/\/api.w.org\/{rel}","templated":true}]}}