{"id":18756,"date":"2025-06-12T08:17:05","date_gmt":"2025-06-12T11:17:05","guid":{"rendered":"https:\/\/rms-enlinea.com.ar\/tienda\/producto\/microfono-streaming-movil-razer-seiren-bt-rz19-04150100-r3u1\/"},"modified":"2026-04-13T10:00:23","modified_gmt":"2026-04-13T13:00:23","slug":"microfono-streaming-movil-razer-seiren-bt-rz19-04150100-r3u1","status":"publish","type":"product","link":"https:\/\/rms-enlinea.com.ar\/tienda\/producto\/microfono-streaming-movil-razer-seiren-bt-rz19-04150100-r3u1\/","title":{"rendered":"Micr\u00f3fono Streaming M\u00f3vil Razer Seiren Bt Rz19-04150100-r3u1"},"content":{"rendered":"<p>RAZER SEIREN BT<br \/>\nCLARIDAD VOCAL. DONDE QUIERAS.<br \/>\nCon el Razer Seiren BT, disfrutar\u00e1s de la m\u00e1xima claridad donde quieras que est\u00e9 tu contenido. Ya sea en interiores o al aire libre, disfruta de la libertad de entretener desde cualquier parte con la claridad vocal perfecta de un micr\u00f3fono Bluetooth compacto con clip, ideal para hacer streaming y vlogs IRL.<\/p>\n<p>VOZ N\u00cdTIDA Y NATURAL DESDE CUALQUIER \u00c1NGULO<br \/>\nMicr\u00f3fono Omnidireccional<br \/>\nCon la capacidad de capturar tu voz con claridad desde cualquier direcci\u00f3n, no tendr\u00e1s que hablar hacia el micr\u00f3fono Bluetooth continuamente, lo que te ofrecer\u00e1 m\u00e1s flexibilidad, especialmente cuando te desplaces.<\/p>\n<p>POTENTE SUPRESI\u00d3N DEL RUIDO Y PERSONALIZACI\u00d3N<br \/>\nAplicaci\u00f3n Razer Streaming<br \/>\nDisfruta de un control c\u00f3modo est\u00e9s donde est\u00e9s y consulta y personaliza los ajustes del micr\u00f3fono directamente desde tu tel\u00e9fono m\u00f3vil: desde funciones esenciales (como configurar la ganancia del micr\u00f3fono y monitorizar la duraci\u00f3n de la bater\u00eda) hasta opciones avanzadas (como la supresi\u00f3n del ruido y la monitorizaci\u00f3n del audio).<\/p>\n","protected":false},"excerpt":{"rendered":"<p>RAZER SEIREN BT CLARIDAD VOCAL. DONDE QUIERAS. Con el Razer Seiren BT, disfrutar\u00e1s de la m\u00e1xima claridad donde quieras que est\u00e9 tu contenido. Ya sea en interiores o al aire libre, disfruta de la libertad de entretener desde cualquier parte con la claridad vocal perfecta de un micr\u00f3fono Bluetooth compacto con clip, ideal para hacer [&hellip;]<\/p>\n","protected":false},"featured_media":18757,"comment_status":"open","ping_status":"closed","template":"","meta":{"_uag_custom_page_level_css":""},"product_brand":[559],"product_cat":[75],"product_tag":[],"class_list":{"0":"post-18756","1":"product","2":"type-product","3":"status-publish","4":"has-post-thumbnail","6":"product_brand-razer","7":"product_cat-microfonos","9":"first","10":"outofstock","11":"sale","12":"taxable","13":"shipping-taxable","14":"purchasable","15":"product-type-simple"},"uagb_featured_image_src":{"full":["https:\/\/rms-enlinea.com.ar\/wp-content\/uploads\/2025\/06\/D_666155-MLU73578742298_122023-F.jpg",341,1200,false],"thumbnail":["https:\/\/rms-enlinea.com.ar\/wp-content\/uploads\/2025\/06\/D_666155-MLU73578742298_122023-F-150x150.jpg",150,150,true],"medium":["https:\/\/rms-enlinea.com.ar\/wp-content\/uploads\/2025\/06\/D_666155-MLU73578742298_122023-F-85x300.jpg",85,300,true],"medium_large":["https:\/\/rms-enlinea.com.ar\/wp-content\/uploads\/2025\/06\/D_666155-MLU73578742298_122023-F.jpg",341,1200,false],"large":["https:\/\/rms-enlinea.com.ar\/wp-content\/uploads\/2025\/06\/D_666155-MLU73578742298_122023-F-291x1024.jpg",291,1024,true],"1536x1536":["https:\/\/rms-enlinea.com.ar\/wp-content\/uploads\/2025\/06\/D_666155-MLU73578742298_122023-F.jpg",341,1200,false],"2048x2048":["https:\/\/rms-enlinea.com.ar\/wp-content\/uploads\/2025\/06\/D_666155-MLU73578742298_122023-F.jpg",341,1200,false],"woocommerce_thumbnail":["https:\/\/rms-enlinea.com.ar\/wp-content\/uploads\/2025\/06\/D_666155-MLU73578742298_122023-F-341x450.jpg",341,450,true],"woocommerce_single":["https:\/\/rms-enlinea.com.ar\/wp-content\/uploads\/2025\/06\/D_666155-MLU73578742298_122023-F.jpg",341,1200,false],"woocommerce_gallery_thumbnail":["https:\/\/rms-enlinea.com.ar\/wp-content\/uploads\/2025\/06\/D_666155-MLU73578742298_122023-F-100x100.jpg",100,100,true]},"uagb_author_info":{"display_name":"l0071054","author_link":"https:\/\/rms-enlinea.com.ar\/tienda\/author\/"},"uagb_comment_info":0,"uagb_excerpt":"RAZER SEIREN BT CLARIDAD VOCAL. DONDE QUIERAS. Con el Razer Seiren BT, disfrutar\u00e1s de la m\u00e1xima claridad donde quieras que est\u00e9 tu contenido. Ya sea en interiores o al aire libre, disfruta de la libertad de entretener desde cualquier parte con la claridad vocal perfecta de un micr\u00f3fono Bluetooth compacto con clip, ideal para hacer&hellip;","_links":{"self":[{"href":"https:\/\/rms-enlinea.com.ar\/tienda\/wp-json\/wp\/v2\/product\/18756","targetHints":{"allow":["GET"]}}],"collection":[{"href":"https:\/\/rms-enlinea.com.ar\/tienda\/wp-json\/wp\/v2\/product"}],"about":[{"href":"https:\/\/rms-enlinea.com.ar\/tienda\/wp-json\/wp\/v2\/types\/product"}],"replies":[{"embeddable":true,"href":"https:\/\/rms-enlinea.com.ar\/tienda\/wp-json\/wp\/v2\/comments?post=18756"}],"wp:featuredmedia":[{"embeddable":true,"href":"https:\/\/rms-enlinea.com.ar\/tienda\/wp-json\/wp\/v2\/media\/18757"}],"wp:attachment":[{"href":"https:\/\/rms-enlinea.com.ar\/tienda\/wp-json\/wp\/v2\/media?parent=18756"}],"wp:term":[{"taxonomy":"product_brand","embeddable":true,"href":"https:\/\/rms-enlinea.com.ar\/tienda\/wp-json\/wp\/v2\/product_brand?post=18756"},{"taxonomy":"product_cat","embeddable":true,"href":"https:\/\/rms-enlinea.com.ar\/tienda\/wp-json\/wp\/v2\/product_cat?post=18756"},{"taxonomy":"product_tag","embeddable":true,"href":"https:\/\/rms-enlinea.com.ar\/tienda\/wp-json\/wp\/v2\/product_tag?post=18756"}],"curies":[{"name":"wp","href":"https:\/\/api.w.org\/{rel}","templated":true}]}}