{"id":18790,"date":"2025-06-12T08:17:55","date_gmt":"2025-06-12T11:17:55","guid":{"rendered":"https:\/\/rms-enlinea.com.ar\/tienda\/producto\/auricular-con-microfono-gamer-pc-xtech-ominous-xth510\/"},"modified":"2026-04-11T06:30:14","modified_gmt":"2026-04-11T09:30:14","slug":"auricular-con-microfono-gamer-pc-xtech-ominous-xth510","status":"publish","type":"product","link":"https:\/\/rms-enlinea.com.ar\/tienda\/producto\/auricular-con-microfono-gamer-pc-xtech-ominous-xth510\/","title":{"rendered":"Auricular Con Microfono Gamer Pc Xtech Ominous Xth510"},"content":{"rendered":"<p>\u00a1Experiment\u00e1 la adrenalina de sumergirte en la escena de otra manera! Tener auriculares espec\u00edficos para jugar cambia completamente tu experiencia en cada partida. Con los Xtech XTH-510 no te perd\u00e9s ning\u00fan detalle y escuch\u00e1s el audio tal y como fue dise\u00f1ado por los creadores.<\/p>\n<p>El formato perfecto para vos<br \/>El dise\u00f1o over-ear brinda una comodidad insuperable gracias a sus suaves almohadillas. Al mismo tiempo, su sonido envolvente del m\u00e1s alto nivel se convierte en el protagonista de la escena.<\/p>\n<p>DESTACAR<br \/>AURICULARES EST\u00c9REO PARA JUEGOS INTERACTIVOS<br \/>ALMOHADILLA DE PIEL SINT\u00c9TICA PARA UNA COMODIDAD SUPERIOR<br \/>DIADEMA AJUSTABLE PARA UN AJUSTE PERSONALIZADO<br \/>MICR\u00d3FONO OMNIDIRECCIONAL GIRATORIO<br \/>ESPECIFICACIONES<br \/>AURICULAR<\/p>\n<p>FACTOR DE FORMA: EN LA OREJA<br \/>UNIDAD DE CONTROLADOR: 40 MM<br \/>POTENCIA M\u00c1XIMA DE SALIDA: 30 MW<br \/>FRECUENCIA: 20 HZ  20 KHZ<br \/>IMPEDANCIA: 32 <br \/>SENSIBILIDAD: 96  3DB<br \/>MICR\u00d3FONO<\/p>\n<p>FACTOR DE FORMA: EN AURICULARES<br \/>DIRECTIVIDAD: OMNIDIRECCIONAL<br \/>FRECUENCIA: 20 HZ  20 KHZ<br \/>IMPEDANCIA: 2,2 K<br \/>SENSIBILIDAD: -43DB \u00b1 3DB<br \/>CONTROL DE VOLUMEN: INCORPORADO<br \/>INFORMACI\u00d3N ADICIONAL <\/p>\n<p>TIPO DE CONEXI\u00d3N: DOS ENCHUFES DE 3,5 MM PARA MICR\u00d3FONO Y AUDIO<br \/>PLATAFORMAS COMPATIBLES: PC<br \/>BOTONES: CONTROL DE VOLUMEN, MICR\u00d3FONO (ENCENDIDO \/ APAGADO)<br \/>LONGITUD DEL CABLE: 6,5 PIES<br \/>PESO: 8,6 OZ<\/p>\n","protected":false},"excerpt":{"rendered":"<p>\u00a1Experiment\u00e1 la adrenalina de sumergirte en la escena de otra manera! Tener auriculares espec\u00edficos para jugar cambia completamente tu experiencia en cada partida. Con los Xtech XTH-510 no te perd\u00e9s ning\u00fan detalle y escuch\u00e1s el audio tal y como fue dise\u00f1ado por los creadores. El formato perfecto para vosEl dise\u00f1o over-ear brinda una comodidad insuperable [&hellip;]<\/p>\n","protected":false},"featured_media":18791,"comment_status":"open","ping_status":"closed","template":"","meta":{"_uag_custom_page_level_css":""},"product_brand":[590],"product_cat":[99],"product_tag":[],"class_list":{"0":"post-18790","1":"product","2":"type-product","3":"status-publish","4":"has-post-thumbnail","6":"product_brand-xtech","7":"product_cat-auriculares-computacion","9":"first","10":"instock","11":"sale","12":"taxable","13":"shipping-taxable","14":"purchasable","15":"product-type-simple"},"uagb_featured_image_src":{"full":["https:\/\/rms-enlinea.com.ar\/wp-content\/uploads\/2025\/06\/D_904976-MLA32173204439_092019-F.jpg",624,919,false],"thumbnail":["https:\/\/rms-enlinea.com.ar\/wp-content\/uploads\/2025\/06\/D_904976-MLA32173204439_092019-F-150x150.jpg",150,150,true],"medium":["https:\/\/rms-enlinea.com.ar\/wp-content\/uploads\/2025\/06\/D_904976-MLA32173204439_092019-F-204x300.jpg",204,300,true],"medium_large":["https:\/\/rms-enlinea.com.ar\/wp-content\/uploads\/2025\/06\/D_904976-MLA32173204439_092019-F.jpg",624,919,false],"large":["https:\/\/rms-enlinea.com.ar\/wp-content\/uploads\/2025\/06\/D_904976-MLA32173204439_092019-F.jpg",624,919,false],"1536x1536":["https:\/\/rms-enlinea.com.ar\/wp-content\/uploads\/2025\/06\/D_904976-MLA32173204439_092019-F.jpg",624,919,false],"2048x2048":["https:\/\/rms-enlinea.com.ar\/wp-content\/uploads\/2025\/06\/D_904976-MLA32173204439_092019-F.jpg",624,919,false],"woocommerce_thumbnail":["https:\/\/rms-enlinea.com.ar\/wp-content\/uploads\/2025\/06\/D_904976-MLA32173204439_092019-F-450x450.jpg",450,450,true],"woocommerce_single":["https:\/\/rms-enlinea.com.ar\/wp-content\/uploads\/2025\/06\/D_904976-MLA32173204439_092019-F-600x884.jpg",600,884,true],"woocommerce_gallery_thumbnail":["https:\/\/rms-enlinea.com.ar\/wp-content\/uploads\/2025\/06\/D_904976-MLA32173204439_092019-F-100x100.jpg",100,100,true]},"uagb_author_info":{"display_name":"l0071054","author_link":"https:\/\/rms-enlinea.com.ar\/tienda\/author\/"},"uagb_comment_info":0,"uagb_excerpt":"\u00a1Experiment\u00e1 la adrenalina de sumergirte en la escena de otra manera! Tener auriculares espec\u00edficos para jugar cambia completamente tu experiencia en cada partida. Con los Xtech XTH-510 no te perd\u00e9s ning\u00fan detalle y escuch\u00e1s el audio tal y como fue dise\u00f1ado por los creadores. El formato perfecto para vosEl dise\u00f1o over-ear brinda una comodidad insuperable&hellip;","_links":{"self":[{"href":"https:\/\/rms-enlinea.com.ar\/tienda\/wp-json\/wp\/v2\/product\/18790","targetHints":{"allow":["GET"]}}],"collection":[{"href":"https:\/\/rms-enlinea.com.ar\/tienda\/wp-json\/wp\/v2\/product"}],"about":[{"href":"https:\/\/rms-enlinea.com.ar\/tienda\/wp-json\/wp\/v2\/types\/product"}],"replies":[{"embeddable":true,"href":"https:\/\/rms-enlinea.com.ar\/tienda\/wp-json\/wp\/v2\/comments?post=18790"}],"wp:featuredmedia":[{"embeddable":true,"href":"https:\/\/rms-enlinea.com.ar\/tienda\/wp-json\/wp\/v2\/media\/18791"}],"wp:attachment":[{"href":"https:\/\/rms-enlinea.com.ar\/tienda\/wp-json\/wp\/v2\/media?parent=18790"}],"wp:term":[{"taxonomy":"product_brand","embeddable":true,"href":"https:\/\/rms-enlinea.com.ar\/tienda\/wp-json\/wp\/v2\/product_brand?post=18790"},{"taxonomy":"product_cat","embeddable":true,"href":"https:\/\/rms-enlinea.com.ar\/tienda\/wp-json\/wp\/v2\/product_cat?post=18790"},{"taxonomy":"product_tag","embeddable":true,"href":"https:\/\/rms-enlinea.com.ar\/tienda\/wp-json\/wp\/v2\/product_tag?post=18790"}],"curies":[{"name":"wp","href":"https:\/\/api.w.org\/{rel}","templated":true}]}}