{"id":18794,"date":"2025-06-12T08:18:00","date_gmt":"2025-06-12T11:18:00","guid":{"rendered":"https:\/\/rms-enlinea.com.ar\/tienda\/producto\/ficha-rca-hembra-cable-amarillo-amphenol-acjr-yel\/"},"modified":"2026-04-03T03:42:21","modified_gmt":"2026-04-03T06:42:21","slug":"ficha-rca-hembra-cable-amarillo-amphenol-acjr-yel","status":"publish","type":"product","link":"https:\/\/rms-enlinea.com.ar\/tienda\/producto\/ficha-rca-hembra-cable-amarillo-amphenol-acjr-yel\/","title":{"rendered":"Ficha Rca Hembra Cable Amarillo Amphenol Acjr-yel"},"content":{"rendered":"<p>TIPO DE PRODUCTO: CONECTORES <br \/>TIPO: RCA HEMBRA<br \/>N\u00daMERO DE PINES: 2<br \/>DI\u00c1METRO DEL CABLE: 4 A 6 MM<br \/>CARCASA METALICA<br \/>ALIVIADOR DE TENSI\u00d3N <br \/>CONTACTOS ENCHAPADOS EN ORO<br \/>BUENA SOLDABILIDAD<br \/>NORMA RoHS<\/p>\n","protected":false},"excerpt":{"rendered":"<p>TIPO DE PRODUCTO: CONECTORES TIPO: RCA HEMBRAN\u00daMERO DE PINES: 2DI\u00c1METRO DEL CABLE: 4 A 6 MMCARCASA METALICAALIVIADOR DE TENSI\u00d3N CONTACTOS ENCHAPADOS EN OROBUENA SOLDABILIDADNORMA RoHS<\/p>\n","protected":false},"featured_media":18795,"comment_status":"open","ping_status":"closed","template":"","meta":{"_uag_custom_page_level_css":""},"product_brand":[487],"product_cat":[58,86],"product_tag":[],"class_list":{"0":"post-18794","1":"product","2":"type-product","3":"status-publish","4":"has-post-thumbnail","6":"product_brand-amphenol","7":"product_cat-conectores-fichas-y-adaptadores","8":"product_cat-onectores-fichas-y-adaptadores","10":"first","11":"instock","12":"sale","13":"taxable","14":"shipping-taxable","15":"purchasable","16":"product-type-simple"},"uagb_featured_image_src":{"full":["https:\/\/rms-enlinea.com.ar\/wp-content\/uploads\/2025\/06\/D_744032-MLA31578032529_072019-F.jpg",828,544,false],"thumbnail":["https:\/\/rms-enlinea.com.ar\/wp-content\/uploads\/2025\/06\/D_744032-MLA31578032529_072019-F-150x150.jpg",150,150,true],"medium":["https:\/\/rms-enlinea.com.ar\/wp-content\/uploads\/2025\/06\/D_744032-MLA31578032529_072019-F-300x197.jpg",300,197,true],"medium_large":["https:\/\/rms-enlinea.com.ar\/wp-content\/uploads\/2025\/06\/D_744032-MLA31578032529_072019-F-768x505.jpg",768,505,true],"large":["https:\/\/rms-enlinea.com.ar\/wp-content\/uploads\/2025\/06\/D_744032-MLA31578032529_072019-F.jpg",828,544,false],"1536x1536":["https:\/\/rms-enlinea.com.ar\/wp-content\/uploads\/2025\/06\/D_744032-MLA31578032529_072019-F.jpg",828,544,false],"2048x2048":["https:\/\/rms-enlinea.com.ar\/wp-content\/uploads\/2025\/06\/D_744032-MLA31578032529_072019-F.jpg",828,544,false],"woocommerce_thumbnail":["https:\/\/rms-enlinea.com.ar\/wp-content\/uploads\/2025\/06\/D_744032-MLA31578032529_072019-F-450x450.jpg",450,450,true],"woocommerce_single":["https:\/\/rms-enlinea.com.ar\/wp-content\/uploads\/2025\/06\/D_744032-MLA31578032529_072019-F-600x394.jpg",600,394,true],"woocommerce_gallery_thumbnail":["https:\/\/rms-enlinea.com.ar\/wp-content\/uploads\/2025\/06\/D_744032-MLA31578032529_072019-F-100x100.jpg",100,100,true]},"uagb_author_info":{"display_name":"l0071054","author_link":"https:\/\/rms-enlinea.com.ar\/tienda\/author\/"},"uagb_comment_info":0,"uagb_excerpt":"TIPO DE PRODUCTO: CONECTORES TIPO: RCA HEMBRAN\u00daMERO DE PINES: 2DI\u00c1METRO DEL CABLE: 4 A 6 MMCARCASA METALICAALIVIADOR DE TENSI\u00d3N CONTACTOS ENCHAPADOS EN OROBUENA SOLDABILIDADNORMA RoHS","_links":{"self":[{"href":"https:\/\/rms-enlinea.com.ar\/tienda\/wp-json\/wp\/v2\/product\/18794","targetHints":{"allow":["GET"]}}],"collection":[{"href":"https:\/\/rms-enlinea.com.ar\/tienda\/wp-json\/wp\/v2\/product"}],"about":[{"href":"https:\/\/rms-enlinea.com.ar\/tienda\/wp-json\/wp\/v2\/types\/product"}],"replies":[{"embeddable":true,"href":"https:\/\/rms-enlinea.com.ar\/tienda\/wp-json\/wp\/v2\/comments?post=18794"}],"wp:featuredmedia":[{"embeddable":true,"href":"https:\/\/rms-enlinea.com.ar\/tienda\/wp-json\/wp\/v2\/media\/18795"}],"wp:attachment":[{"href":"https:\/\/rms-enlinea.com.ar\/tienda\/wp-json\/wp\/v2\/media?parent=18794"}],"wp:term":[{"taxonomy":"product_brand","embeddable":true,"href":"https:\/\/rms-enlinea.com.ar\/tienda\/wp-json\/wp\/v2\/product_brand?post=18794"},{"taxonomy":"product_cat","embeddable":true,"href":"https:\/\/rms-enlinea.com.ar\/tienda\/wp-json\/wp\/v2\/product_cat?post=18794"},{"taxonomy":"product_tag","embeddable":true,"href":"https:\/\/rms-enlinea.com.ar\/tienda\/wp-json\/wp\/v2\/product_tag?post=18794"}],"curies":[{"name":"wp","href":"https:\/\/api.w.org\/{rel}","templated":true}]}}