{"id":18886,"date":"2025-06-12T08:19:55","date_gmt":"2025-06-12T11:19:55","guid":{"rendered":"https:\/\/rms-enlinea.com.ar\/tienda\/producto\/punto-de-acceso-wifi-d-link-dap-2720-ac2200-nuclias-tri-band\/"},"modified":"2026-04-06T13:59:46","modified_gmt":"2026-04-06T16:59:46","slug":"punto-de-acceso-wifi-d-link-dap-2720-ac2200-nuclias-tri-band","status":"publish","type":"product","link":"https:\/\/rms-enlinea.com.ar\/tienda\/producto\/punto-de-acceso-wifi-d-link-dap-2720-ac2200-nuclias-tri-band\/","title":{"rendered":"Punto De Acceso Wifi D-link Dap-2720 Ac2200 Nuclias Tri Band"},"content":{"rendered":"<p>F\u00e1cil de administrar con la soluci\u00f3n de software gratuita de D-Link, Nuclias Connect<br \/>\nRendimiento superior con su sistema tri-band con velocidades de hasta 400 Mbps en la banda de 2.4 GHz y 866 Mbps en la de 5 GHz<br \/>\nWireless IEEE 802.11a\/b\/g\/n\/ac Wave 2<br \/>\n1 puerto Gigabit LAN para high-capacity backhaul a la red al\u00e1mbrica<br \/>\nSoporta Power over Ethernet (802.3at) para una instalaci\u00f3n m\u00e1s simple y economica (menos cables)<br \/>\nSoporta Seguridad WiFi WPA2\u2122 para una mayor protecci\u00f3n<br \/>\nSoporta multiples VLANs y hasta 16 SSID para una mejor administraci\u00f3n de la red<br \/>\nCon Calidad de Servicio (QoS) prioriza el trafico m\u00e1s sensible al tiempo para una experiencia de WiFi m\u00e1s fluida<br \/>\nSoporta m\u00faltiples modos AP para asegurar la optimizaci\u00f3n en funci\u00f3n de las necesidades de su red<\/p>\n","protected":false},"excerpt":{"rendered":"<p>F\u00e1cil de administrar con la soluci\u00f3n de software gratuita de D-Link, Nuclias Connect Rendimiento superior con su sistema tri-band con velocidades de hasta 400 Mbps en la banda de 2.4 GHz y 866 Mbps en la de 5 GHz Wireless IEEE 802.11a\/b\/g\/n\/ac Wave 2 1 puerto Gigabit LAN para high-capacity backhaul a la red al\u00e1mbrica [&hellip;]<\/p>\n","protected":false},"featured_media":18887,"comment_status":"open","ping_status":"closed","template":"","meta":{"_uag_custom_page_level_css":""},"product_brand":[547],"product_cat":[122],"product_tag":[],"class_list":{"0":"post-18886","1":"product","2":"type-product","3":"status-publish","4":"has-post-thumbnail","6":"product_brand-dlink","7":"product_cat-redes-y-conectividad","9":"first","10":"instock","11":"sale","12":"taxable","13":"shipping-taxable","14":"purchasable","15":"product-type-simple"},"uagb_featured_image_src":{"full":["https:\/\/rms-enlinea.com.ar\/wp-content\/uploads\/2025\/06\/D_601326-MLA76977670158_062024-F.jpg",987,1200,false],"thumbnail":["https:\/\/rms-enlinea.com.ar\/wp-content\/uploads\/2025\/06\/D_601326-MLA76977670158_062024-F-150x150.jpg",150,150,true],"medium":["https:\/\/rms-enlinea.com.ar\/wp-content\/uploads\/2025\/06\/D_601326-MLA76977670158_062024-F-247x300.jpg",247,300,true],"medium_large":["https:\/\/rms-enlinea.com.ar\/wp-content\/uploads\/2025\/06\/D_601326-MLA76977670158_062024-F-768x934.jpg",768,934,true],"large":["https:\/\/rms-enlinea.com.ar\/wp-content\/uploads\/2025\/06\/D_601326-MLA76977670158_062024-F-842x1024.jpg",842,1024,true],"1536x1536":["https:\/\/rms-enlinea.com.ar\/wp-content\/uploads\/2025\/06\/D_601326-MLA76977670158_062024-F.jpg",987,1200,false],"2048x2048":["https:\/\/rms-enlinea.com.ar\/wp-content\/uploads\/2025\/06\/D_601326-MLA76977670158_062024-F.jpg",987,1200,false],"woocommerce_thumbnail":["https:\/\/rms-enlinea.com.ar\/wp-content\/uploads\/2025\/06\/D_601326-MLA76977670158_062024-F-450x450.jpg",450,450,true],"woocommerce_single":["https:\/\/rms-enlinea.com.ar\/wp-content\/uploads\/2025\/06\/D_601326-MLA76977670158_062024-F-600x729.jpg",600,729,true],"woocommerce_gallery_thumbnail":["https:\/\/rms-enlinea.com.ar\/wp-content\/uploads\/2025\/06\/D_601326-MLA76977670158_062024-F-100x100.jpg",100,100,true]},"uagb_author_info":{"display_name":"l0071054","author_link":"https:\/\/rms-enlinea.com.ar\/tienda\/author\/"},"uagb_comment_info":0,"uagb_excerpt":"F\u00e1cil de administrar con la soluci\u00f3n de software gratuita de D-Link, Nuclias Connect Rendimiento superior con su sistema tri-band con velocidades de hasta 400 Mbps en la banda de 2.4 GHz y 866 Mbps en la de 5 GHz Wireless IEEE 802.11a\/b\/g\/n\/ac Wave 2 1 puerto Gigabit LAN para high-capacity backhaul a la red al\u00e1mbrica&hellip;","_links":{"self":[{"href":"https:\/\/rms-enlinea.com.ar\/tienda\/wp-json\/wp\/v2\/product\/18886","targetHints":{"allow":["GET"]}}],"collection":[{"href":"https:\/\/rms-enlinea.com.ar\/tienda\/wp-json\/wp\/v2\/product"}],"about":[{"href":"https:\/\/rms-enlinea.com.ar\/tienda\/wp-json\/wp\/v2\/types\/product"}],"replies":[{"embeddable":true,"href":"https:\/\/rms-enlinea.com.ar\/tienda\/wp-json\/wp\/v2\/comments?post=18886"}],"wp:featuredmedia":[{"embeddable":true,"href":"https:\/\/rms-enlinea.com.ar\/tienda\/wp-json\/wp\/v2\/media\/18887"}],"wp:attachment":[{"href":"https:\/\/rms-enlinea.com.ar\/tienda\/wp-json\/wp\/v2\/media?parent=18886"}],"wp:term":[{"taxonomy":"product_brand","embeddable":true,"href":"https:\/\/rms-enlinea.com.ar\/tienda\/wp-json\/wp\/v2\/product_brand?post=18886"},{"taxonomy":"product_cat","embeddable":true,"href":"https:\/\/rms-enlinea.com.ar\/tienda\/wp-json\/wp\/v2\/product_cat?post=18886"},{"taxonomy":"product_tag","embeddable":true,"href":"https:\/\/rms-enlinea.com.ar\/tienda\/wp-json\/wp\/v2\/product_tag?post=18886"}],"curies":[{"name":"wp","href":"https:\/\/api.w.org\/{rel}","templated":true}]}}