{"id":18984,"date":"2025-06-12T08:22:25","date_gmt":"2025-06-12T11:22:25","guid":{"rendered":"https:\/\/rms-enlinea.com.ar\/tienda\/producto\/ficha-conector-plug-recto-amphenol-tm2pn\/"},"modified":"2026-04-06T12:28:57","modified_gmt":"2026-04-06T15:28:57","slug":"ficha-conector-plug-recto-amphenol-tm2pn","status":"publish","type":"product","link":"https:\/\/rms-enlinea.com.ar\/tienda\/producto\/ficha-conector-plug-recto-amphenol-tm2pn\/","title":{"rendered":"Ficha Conector Plug Recto Amphenol Tm2pn"},"content":{"rendered":"<p>TIPO DE PRODUCTO: CONECTOR PLUG MONO<br \/>N\u00daMERO DE PINES 2<br \/>TIPO MACHO<br \/>DI\u00c1METRO DEL CABLE: 4-6 MM<br \/>TIPO DE CONEXI\u00d3N: SOLDADURA<br \/>TIPO DE CONTACTOS: NIQUEL<br \/>COLOR: GRIS<br \/>CARCASA: FUNDICION DE ZINC<br \/>ALIVIADOR DE TENSI\u00d3N <br \/>NORMA ROHS<\/p>\n","protected":false},"excerpt":{"rendered":"<p>TIPO DE PRODUCTO: CONECTOR PLUG MONON\u00daMERO DE PINES 2TIPO MACHODI\u00c1METRO DEL CABLE: 4-6 MMTIPO DE CONEXI\u00d3N: SOLDADURATIPO DE CONTACTOS: NIQUELCOLOR: GRISCARCASA: FUNDICION DE ZINCALIVIADOR DE TENSI\u00d3N NORMA ROHS<\/p>\n","protected":false},"featured_media":18985,"comment_status":"open","ping_status":"closed","template":"","meta":{"_uag_custom_page_level_css":""},"product_brand":[487],"product_cat":[58,86],"product_tag":[],"class_list":{"0":"post-18984","1":"product","2":"type-product","3":"status-publish","4":"has-post-thumbnail","6":"product_brand-amphenol","7":"product_cat-conectores-fichas-y-adaptadores","8":"product_cat-onectores-fichas-y-adaptadores","10":"first","11":"instock","12":"sale","13":"taxable","14":"shipping-taxable","15":"purchasable","16":"product-type-simple"},"uagb_featured_image_src":{"full":["https:\/\/rms-enlinea.com.ar\/wp-content\/uploads\/2025\/06\/D_806499-MLA32892730699_112019-F.jpg",784,433,false],"thumbnail":["https:\/\/rms-enlinea.com.ar\/wp-content\/uploads\/2025\/06\/D_806499-MLA32892730699_112019-F-150x150.jpg",150,150,true],"medium":["https:\/\/rms-enlinea.com.ar\/wp-content\/uploads\/2025\/06\/D_806499-MLA32892730699_112019-F-300x166.jpg",300,166,true],"medium_large":["https:\/\/rms-enlinea.com.ar\/wp-content\/uploads\/2025\/06\/D_806499-MLA32892730699_112019-F-768x424.jpg",768,424,true],"large":["https:\/\/rms-enlinea.com.ar\/wp-content\/uploads\/2025\/06\/D_806499-MLA32892730699_112019-F.jpg",784,433,false],"1536x1536":["https:\/\/rms-enlinea.com.ar\/wp-content\/uploads\/2025\/06\/D_806499-MLA32892730699_112019-F.jpg",784,433,false],"2048x2048":["https:\/\/rms-enlinea.com.ar\/wp-content\/uploads\/2025\/06\/D_806499-MLA32892730699_112019-F.jpg",784,433,false],"woocommerce_thumbnail":["https:\/\/rms-enlinea.com.ar\/wp-content\/uploads\/2025\/06\/D_806499-MLA32892730699_112019-F-450x433.jpg",450,433,true],"woocommerce_single":["https:\/\/rms-enlinea.com.ar\/wp-content\/uploads\/2025\/06\/D_806499-MLA32892730699_112019-F-600x331.jpg",600,331,true],"woocommerce_gallery_thumbnail":["https:\/\/rms-enlinea.com.ar\/wp-content\/uploads\/2025\/06\/D_806499-MLA32892730699_112019-F-100x100.jpg",100,100,true]},"uagb_author_info":{"display_name":"l0071054","author_link":"https:\/\/rms-enlinea.com.ar\/tienda\/author\/"},"uagb_comment_info":0,"uagb_excerpt":"TIPO DE PRODUCTO: CONECTOR PLUG MONON\u00daMERO DE PINES 2TIPO MACHODI\u00c1METRO DEL CABLE: 4-6 MMTIPO DE CONEXI\u00d3N: SOLDADURATIPO DE CONTACTOS: NIQUELCOLOR: GRISCARCASA: FUNDICION DE ZINCALIVIADOR DE TENSI\u00d3N NORMA ROHS","_links":{"self":[{"href":"https:\/\/rms-enlinea.com.ar\/tienda\/wp-json\/wp\/v2\/product\/18984","targetHints":{"allow":["GET"]}}],"collection":[{"href":"https:\/\/rms-enlinea.com.ar\/tienda\/wp-json\/wp\/v2\/product"}],"about":[{"href":"https:\/\/rms-enlinea.com.ar\/tienda\/wp-json\/wp\/v2\/types\/product"}],"replies":[{"embeddable":true,"href":"https:\/\/rms-enlinea.com.ar\/tienda\/wp-json\/wp\/v2\/comments?post=18984"}],"wp:featuredmedia":[{"embeddable":true,"href":"https:\/\/rms-enlinea.com.ar\/tienda\/wp-json\/wp\/v2\/media\/18985"}],"wp:attachment":[{"href":"https:\/\/rms-enlinea.com.ar\/tienda\/wp-json\/wp\/v2\/media?parent=18984"}],"wp:term":[{"taxonomy":"product_brand","embeddable":true,"href":"https:\/\/rms-enlinea.com.ar\/tienda\/wp-json\/wp\/v2\/product_brand?post=18984"},{"taxonomy":"product_cat","embeddable":true,"href":"https:\/\/rms-enlinea.com.ar\/tienda\/wp-json\/wp\/v2\/product_cat?post=18984"},{"taxonomy":"product_tag","embeddable":true,"href":"https:\/\/rms-enlinea.com.ar\/tienda\/wp-json\/wp\/v2\/product_tag?post=18984"}],"curies":[{"name":"wp","href":"https:\/\/api.w.org\/{rel}","templated":true}]}}