{"id":18986,"date":"2025-06-12T08:22:29","date_gmt":"2025-06-12T11:22:29","guid":{"rendered":"https:\/\/rms-enlinea.com.ar\/tienda\/producto\/ficha-plug-stereo-cable-negro-amphenol-ts3pn\/"},"modified":"2026-04-21T07:14:42","modified_gmt":"2026-04-21T10:14:42","slug":"ficha-plug-stereo-cable-negro-amphenol-ts3pn","status":"publish","type":"product","link":"https:\/\/rms-enlinea.com.ar\/tienda\/producto\/ficha-plug-stereo-cable-negro-amphenol-ts3pn\/","title":{"rendered":"Ficha Plug Stereo Cable Negro Amphenol Ts3pn"},"content":{"rendered":"<p>TIPO DE PRODUCTO: CONECTOR PLUG STEREO <br \/>N\u00daMERO DE PINES 3<br \/>TIPO MACHO<br \/>DI\u00c1METRO DEL CABLE: 4-6 MM<br \/>MATERIAL DE CONTACTOS: NIQUEL<br \/>TIPO DE CONEXI\u00d3N: SOLDADURA<br \/>COLOR: GRIS<br \/>CARCASA: FUNDICION <br \/>ALIVIADOR DE TENSI\u00d3N <br \/>NORMA ROHS<\/p>\n","protected":false},"excerpt":{"rendered":"<p>TIPO DE PRODUCTO: CONECTOR PLUG STEREO N\u00daMERO DE PINES 3TIPO MACHODI\u00c1METRO DEL CABLE: 4-6 MMMATERIAL DE CONTACTOS: NIQUELTIPO DE CONEXI\u00d3N: SOLDADURACOLOR: GRISCARCASA: FUNDICION ALIVIADOR DE TENSI\u00d3N NORMA ROHS<\/p>\n","protected":false},"featured_media":18987,"comment_status":"open","ping_status":"closed","template":"","meta":{"_uag_custom_page_level_css":""},"product_brand":[487],"product_cat":[86,58],"product_tag":[],"class_list":{"0":"post-18986","1":"product","2":"type-product","3":"status-publish","4":"has-post-thumbnail","6":"product_brand-amphenol","7":"product_cat-onectores-fichas-y-adaptadores","8":"product_cat-conectores-fichas-y-adaptadores","10":"first","11":"outofstock","12":"sale","13":"taxable","14":"shipping-taxable","15":"purchasable","16":"product-type-simple"},"uagb_featured_image_src":{"full":["https:\/\/rms-enlinea.com.ar\/wp-content\/uploads\/2025\/06\/D_845763-MLA32892564471_112019-F.jpg",828,616,false],"thumbnail":["https:\/\/rms-enlinea.com.ar\/wp-content\/uploads\/2025\/06\/D_845763-MLA32892564471_112019-F-150x150.jpg",150,150,true],"medium":["https:\/\/rms-enlinea.com.ar\/wp-content\/uploads\/2025\/06\/D_845763-MLA32892564471_112019-F-300x223.jpg",300,223,true],"medium_large":["https:\/\/rms-enlinea.com.ar\/wp-content\/uploads\/2025\/06\/D_845763-MLA32892564471_112019-F-768x571.jpg",768,571,true],"large":["https:\/\/rms-enlinea.com.ar\/wp-content\/uploads\/2025\/06\/D_845763-MLA32892564471_112019-F.jpg",828,616,false],"1536x1536":["https:\/\/rms-enlinea.com.ar\/wp-content\/uploads\/2025\/06\/D_845763-MLA32892564471_112019-F.jpg",828,616,false],"2048x2048":["https:\/\/rms-enlinea.com.ar\/wp-content\/uploads\/2025\/06\/D_845763-MLA32892564471_112019-F.jpg",828,616,false],"woocommerce_thumbnail":["https:\/\/rms-enlinea.com.ar\/wp-content\/uploads\/2025\/06\/D_845763-MLA32892564471_112019-F-450x450.jpg",450,450,true],"woocommerce_single":["https:\/\/rms-enlinea.com.ar\/wp-content\/uploads\/2025\/06\/D_845763-MLA32892564471_112019-F-600x446.jpg",600,446,true],"woocommerce_gallery_thumbnail":["https:\/\/rms-enlinea.com.ar\/wp-content\/uploads\/2025\/06\/D_845763-MLA32892564471_112019-F-100x100.jpg",100,100,true]},"uagb_author_info":{"display_name":"l0071054","author_link":"https:\/\/rms-enlinea.com.ar\/tienda\/author\/"},"uagb_comment_info":0,"uagb_excerpt":"TIPO DE PRODUCTO: CONECTOR PLUG STEREO N\u00daMERO DE PINES 3TIPO MACHODI\u00c1METRO DEL CABLE: 4-6 MMMATERIAL DE CONTACTOS: NIQUELTIPO DE CONEXI\u00d3N: SOLDADURACOLOR: GRISCARCASA: FUNDICION ALIVIADOR DE TENSI\u00d3N NORMA ROHS","_links":{"self":[{"href":"https:\/\/rms-enlinea.com.ar\/tienda\/wp-json\/wp\/v2\/product\/18986","targetHints":{"allow":["GET"]}}],"collection":[{"href":"https:\/\/rms-enlinea.com.ar\/tienda\/wp-json\/wp\/v2\/product"}],"about":[{"href":"https:\/\/rms-enlinea.com.ar\/tienda\/wp-json\/wp\/v2\/types\/product"}],"replies":[{"embeddable":true,"href":"https:\/\/rms-enlinea.com.ar\/tienda\/wp-json\/wp\/v2\/comments?post=18986"}],"wp:featuredmedia":[{"embeddable":true,"href":"https:\/\/rms-enlinea.com.ar\/tienda\/wp-json\/wp\/v2\/media\/18987"}],"wp:attachment":[{"href":"https:\/\/rms-enlinea.com.ar\/tienda\/wp-json\/wp\/v2\/media?parent=18986"}],"wp:term":[{"taxonomy":"product_brand","embeddable":true,"href":"https:\/\/rms-enlinea.com.ar\/tienda\/wp-json\/wp\/v2\/product_brand?post=18986"},{"taxonomy":"product_cat","embeddable":true,"href":"https:\/\/rms-enlinea.com.ar\/tienda\/wp-json\/wp\/v2\/product_cat?post=18986"},{"taxonomy":"product_tag","embeddable":true,"href":"https:\/\/rms-enlinea.com.ar\/tienda\/wp-json\/wp\/v2\/product_tag?post=18986"}],"curies":[{"name":"wp","href":"https:\/\/api.w.org\/{rel}","templated":true}]}}