{"id":18991,"date":"2025-06-12T08:22:39","date_gmt":"2025-06-12T11:22:39","guid":{"rendered":"https:\/\/rms-enlinea.com.ar\/tienda\/producto\/jack-mono-hembra-circuito-impreso-amphenol-acjm-phs\/"},"modified":"2026-04-21T04:42:44","modified_gmt":"2026-04-21T07:42:44","slug":"jack-mono-hembra-circuito-impreso-amphenol-acjm-phs","status":"publish","type":"product","link":"https:\/\/rms-enlinea.com.ar\/tienda\/producto\/jack-mono-hembra-circuito-impreso-amphenol-acjm-phs\/","title":{"rendered":"Jack Mono Hembra Circuito Impreso Amphenol Acjm-phs"},"content":{"rendered":"<p>TIPO: CONECTOR HEMBRA PARA PLAQUETA\/PANEL <br \/>TIPO DE CONECTOR: JACK 6,35MM HEMBRA<br \/>VERSI\u00d3N DE CONEXI\u00d3N: MONO <br \/>EJECUCI\u00d3N: CON DOBLE INTERRUPTOR <br \/>MONTAJE MEC\u00c1NICO: PARA PANEL <br \/>MONTAJE EL\u00c9CTRICO: PARA SOLDAR <br \/>COBERTURA DE CONTACTOR: ESTANEADO<\/p>\n","protected":false},"excerpt":{"rendered":"<p>TIPO: CONECTOR HEMBRA PARA PLAQUETA\/PANEL TIPO DE CONECTOR: JACK 6,35MM HEMBRAVERSI\u00d3N DE CONEXI\u00d3N: MONO EJECUCI\u00d3N: CON DOBLE INTERRUPTOR MONTAJE MEC\u00c1NICO: PARA PANEL MONTAJE EL\u00c9CTRICO: PARA SOLDAR COBERTURA DE CONTACTOR: ESTANEADO<\/p>\n","protected":false},"featured_media":18992,"comment_status":"open","ping_status":"closed","template":"","meta":{"_uag_custom_page_level_css":""},"product_brand":[487],"product_cat":[58,15],"product_tag":[],"class_list":{"0":"post-18991","1":"product","2":"type-product","3":"status-publish","4":"has-post-thumbnail","6":"product_brand-amphenol","7":"product_cat-conectores-fichas-y-adaptadores","8":"product_cat-sin-categorizar","10":"first","11":"outofstock","12":"sale","13":"taxable","14":"shipping-taxable","15":"purchasable","16":"product-type-simple"},"uagb_featured_image_src":{"full":["https:\/\/rms-enlinea.com.ar\/wp-content\/uploads\/2025\/06\/D_863713-MLA32859153033_112019-F.jpg",668,525,false],"thumbnail":["https:\/\/rms-enlinea.com.ar\/wp-content\/uploads\/2025\/06\/D_863713-MLA32859153033_112019-F-150x150.jpg",150,150,true],"medium":["https:\/\/rms-enlinea.com.ar\/wp-content\/uploads\/2025\/06\/D_863713-MLA32859153033_112019-F-300x236.jpg",300,236,true],"medium_large":["https:\/\/rms-enlinea.com.ar\/wp-content\/uploads\/2025\/06\/D_863713-MLA32859153033_112019-F.jpg",668,525,false],"large":["https:\/\/rms-enlinea.com.ar\/wp-content\/uploads\/2025\/06\/D_863713-MLA32859153033_112019-F.jpg",668,525,false],"1536x1536":["https:\/\/rms-enlinea.com.ar\/wp-content\/uploads\/2025\/06\/D_863713-MLA32859153033_112019-F.jpg",668,525,false],"2048x2048":["https:\/\/rms-enlinea.com.ar\/wp-content\/uploads\/2025\/06\/D_863713-MLA32859153033_112019-F.jpg",668,525,false],"woocommerce_thumbnail":["https:\/\/rms-enlinea.com.ar\/wp-content\/uploads\/2025\/06\/D_863713-MLA32859153033_112019-F-450x450.jpg",450,450,true],"woocommerce_single":["https:\/\/rms-enlinea.com.ar\/wp-content\/uploads\/2025\/06\/D_863713-MLA32859153033_112019-F-600x472.jpg",600,472,true],"woocommerce_gallery_thumbnail":["https:\/\/rms-enlinea.com.ar\/wp-content\/uploads\/2025\/06\/D_863713-MLA32859153033_112019-F-100x100.jpg",100,100,true]},"uagb_author_info":{"display_name":"l0071054","author_link":"https:\/\/rms-enlinea.com.ar\/tienda\/author\/"},"uagb_comment_info":0,"uagb_excerpt":"TIPO: CONECTOR HEMBRA PARA PLAQUETA\/PANEL TIPO DE CONECTOR: JACK 6,35MM HEMBRAVERSI\u00d3N DE CONEXI\u00d3N: MONO EJECUCI\u00d3N: CON DOBLE INTERRUPTOR MONTAJE MEC\u00c1NICO: PARA PANEL MONTAJE EL\u00c9CTRICO: PARA SOLDAR COBERTURA DE CONTACTOR: ESTANEADO","_links":{"self":[{"href":"https:\/\/rms-enlinea.com.ar\/tienda\/wp-json\/wp\/v2\/product\/18991","targetHints":{"allow":["GET"]}}],"collection":[{"href":"https:\/\/rms-enlinea.com.ar\/tienda\/wp-json\/wp\/v2\/product"}],"about":[{"href":"https:\/\/rms-enlinea.com.ar\/tienda\/wp-json\/wp\/v2\/types\/product"}],"replies":[{"embeddable":true,"href":"https:\/\/rms-enlinea.com.ar\/tienda\/wp-json\/wp\/v2\/comments?post=18991"}],"wp:featuredmedia":[{"embeddable":true,"href":"https:\/\/rms-enlinea.com.ar\/tienda\/wp-json\/wp\/v2\/media\/18992"}],"wp:attachment":[{"href":"https:\/\/rms-enlinea.com.ar\/tienda\/wp-json\/wp\/v2\/media?parent=18991"}],"wp:term":[{"taxonomy":"product_brand","embeddable":true,"href":"https:\/\/rms-enlinea.com.ar\/tienda\/wp-json\/wp\/v2\/product_brand?post=18991"},{"taxonomy":"product_cat","embeddable":true,"href":"https:\/\/rms-enlinea.com.ar\/tienda\/wp-json\/wp\/v2\/product_cat?post=18991"},{"taxonomy":"product_tag","embeddable":true,"href":"https:\/\/rms-enlinea.com.ar\/tienda\/wp-json\/wp\/v2\/product_tag?post=18991"}],"curies":[{"name":"wp","href":"https:\/\/api.w.org\/{rel}","templated":true}]}}