{"id":19046,"date":"2025-06-12T08:24:10","date_gmt":"2025-06-12T11:24:10","guid":{"rendered":"https:\/\/rms-enlinea.com.ar\/tienda\/producto\/transmisor-inalambrico-audio-uhf-40m-ampro-link-uhf-t\/"},"modified":"2026-04-21T07:07:28","modified_gmt":"2026-04-21T10:07:28","slug":"transmisor-inalambrico-audio-uhf-40m-ampro-link-uhf-t","status":"publish","type":"product","link":"https:\/\/rms-enlinea.com.ar\/tienda\/producto\/transmisor-inalambrico-audio-uhf-40m-ampro-link-uhf-t\/","title":{"rendered":"Transmisor Inalambrico Audio Uhf 40m Ampro Link Uhf-t"},"content":{"rendered":"<p>RECEPTOR DE AUDIO INAL\u00c1MBRICO UHF<br \/>\nLINK UHF-R ES UN COMPACTO RECEPTOR DE AUDIO INAL\u00c1MBRICO UHF QUE, JUNTO AL TRANSMISOR LINK UHF-T PERMITE TRABAJAR EL AUDIO DE UNA MANERA PROFESIONAL SIN ATADURAS. CON UNA DISTANCIA M\u00c1XIMA DE OPERACI\u00d3N DE 40 METROS, ES IDEAL PARA APLICACIONES M\u00d3VILES QUE REQUIEREN FIABILIDAD Y UNA SE\u00d1AL DE BAJA LATENCIA. LINK UHF-R TRABAJA CON HASTA 16 PRESETS DE FRECUENCIAS, EN EL RANGO DE 638-662MHZ (UHF), Y SE ALIMENTA CON UNA CL\u00c1SICA PILA AA.<\/p>\n<p>FICHA TECNICA<br \/>\nDESEMPE\u00d1O<br \/>\nDISTANCIA M\u00c1XIMA DE OPERACI\u00d3N: 40 METROS<br \/>\nSE\u00d1AL UHF DE BAJA LATENCIA<br \/>\nSISTEMA PLUG-AND-PLAY<br \/>\nDISE\u00d1O COMPACTO<\/p>\n<p>CARACTERISTICAS<br \/>\nFRECUENCIA: UHF 638-662 MHZ<br \/>\nMULTI-CANAL: HASTA 16 PRESETS DE FRECUENCIA<br \/>\nSENSIBILIDAD DE RECEPCI\u00d3N: -100DBM \/ 12DB SINAD<br \/>\nNIVEL DE SALIDA: MAX 8DBU\/\u00b150KHZ<br \/>\nRESPUESTA EN FRECUENCIA: 30HZ-17KHZ (\u00b13DB)<br \/>\nRELACI\u00d3N SE\u00d1AL-A-RUDIO: &gt;98DB<br \/>\nDISTORSI\u00d3N POR INTERMODULACI\u00d3N: &lt;0,3% @ 1KHZ<br \/>\nESTABILIDAD DE FRECUENCIA: \u00b10,005% (-10-50)<br \/>\nMODO DE MODULACI\u00d3N: FM (F3E)<br \/>\nDISPLAY DE 1 DIGITO<\/p>\n<p>CONECTORES<br \/>\n1 XLR-3 (MACHO)<\/p>\n<p>F\u00cdSICO<br \/>\nPESO: 0,06 KG. \/ 0,13 LBS.<br \/>\nDIMENSIONES: 114X22X23 MM. \/ 4,4X0,8X0,9 PULG.<\/p>\n","protected":false},"excerpt":{"rendered":"<p>RECEPTOR DE AUDIO INAL\u00c1MBRICO UHF LINK UHF-R ES UN COMPACTO RECEPTOR DE AUDIO INAL\u00c1MBRICO UHF QUE, JUNTO AL TRANSMISOR LINK UHF-T PERMITE TRABAJAR EL AUDIO DE UNA MANERA PROFESIONAL SIN ATADURAS. CON UNA DISTANCIA M\u00c1XIMA DE OPERACI\u00d3N DE 40 METROS, ES IDEAL PARA APLICACIONES M\u00d3VILES QUE REQUIEREN FIABILIDAD Y UNA SE\u00d1AL DE BAJA LATENCIA. LINK [&hellip;]<\/p>\n","protected":false},"featured_media":19047,"comment_status":"open","ping_status":"closed","template":"","meta":{"_uag_custom_page_level_css":""},"product_brand":[477],"product_cat":[86,15],"product_tag":[],"class_list":{"0":"post-19046","1":"product","2":"type-product","3":"status-publish","4":"has-post-thumbnail","6":"product_brand-ampro","7":"product_cat-onectores-fichas-y-adaptadores","8":"product_cat-sin-categorizar","10":"first","11":"outofstock","12":"sale","13":"taxable","14":"shipping-taxable","15":"purchasable","16":"product-type-simple"},"uagb_featured_image_src":{"full":["https:\/\/rms-enlinea.com.ar\/wp-content\/uploads\/2025\/06\/D_754173-MLA32415550476_102019-F.jpg",827,410,false],"thumbnail":["https:\/\/rms-enlinea.com.ar\/wp-content\/uploads\/2025\/06\/D_754173-MLA32415550476_102019-F-150x150.jpg",150,150,true],"medium":["https:\/\/rms-enlinea.com.ar\/wp-content\/uploads\/2025\/06\/D_754173-MLA32415550476_102019-F-300x149.jpg",300,149,true],"medium_large":["https:\/\/rms-enlinea.com.ar\/wp-content\/uploads\/2025\/06\/D_754173-MLA32415550476_102019-F-768x381.jpg",768,381,true],"large":["https:\/\/rms-enlinea.com.ar\/wp-content\/uploads\/2025\/06\/D_754173-MLA32415550476_102019-F.jpg",827,410,false],"1536x1536":["https:\/\/rms-enlinea.com.ar\/wp-content\/uploads\/2025\/06\/D_754173-MLA32415550476_102019-F.jpg",827,410,false],"2048x2048":["https:\/\/rms-enlinea.com.ar\/wp-content\/uploads\/2025\/06\/D_754173-MLA32415550476_102019-F.jpg",827,410,false],"woocommerce_thumbnail":["https:\/\/rms-enlinea.com.ar\/wp-content\/uploads\/2025\/06\/D_754173-MLA32415550476_102019-F-450x410.jpg",450,410,true],"woocommerce_single":["https:\/\/rms-enlinea.com.ar\/wp-content\/uploads\/2025\/06\/D_754173-MLA32415550476_102019-F-600x297.jpg",600,297,true],"woocommerce_gallery_thumbnail":["https:\/\/rms-enlinea.com.ar\/wp-content\/uploads\/2025\/06\/D_754173-MLA32415550476_102019-F-100x100.jpg",100,100,true]},"uagb_author_info":{"display_name":"l0071054","author_link":"https:\/\/rms-enlinea.com.ar\/tienda\/author\/"},"uagb_comment_info":0,"uagb_excerpt":"RECEPTOR DE AUDIO INAL\u00c1MBRICO UHF LINK UHF-R ES UN COMPACTO RECEPTOR DE AUDIO INAL\u00c1MBRICO UHF QUE, JUNTO AL TRANSMISOR LINK UHF-T PERMITE TRABAJAR EL AUDIO DE UNA MANERA PROFESIONAL SIN ATADURAS. CON UNA DISTANCIA M\u00c1XIMA DE OPERACI\u00d3N DE 40 METROS, ES IDEAL PARA APLICACIONES M\u00d3VILES QUE REQUIEREN FIABILIDAD Y UNA SE\u00d1AL DE BAJA LATENCIA. LINK&hellip;","_links":{"self":[{"href":"https:\/\/rms-enlinea.com.ar\/tienda\/wp-json\/wp\/v2\/product\/19046","targetHints":{"allow":["GET"]}}],"collection":[{"href":"https:\/\/rms-enlinea.com.ar\/tienda\/wp-json\/wp\/v2\/product"}],"about":[{"href":"https:\/\/rms-enlinea.com.ar\/tienda\/wp-json\/wp\/v2\/types\/product"}],"replies":[{"embeddable":true,"href":"https:\/\/rms-enlinea.com.ar\/tienda\/wp-json\/wp\/v2\/comments?post=19046"}],"wp:featuredmedia":[{"embeddable":true,"href":"https:\/\/rms-enlinea.com.ar\/tienda\/wp-json\/wp\/v2\/media\/19047"}],"wp:attachment":[{"href":"https:\/\/rms-enlinea.com.ar\/tienda\/wp-json\/wp\/v2\/media?parent=19046"}],"wp:term":[{"taxonomy":"product_brand","embeddable":true,"href":"https:\/\/rms-enlinea.com.ar\/tienda\/wp-json\/wp\/v2\/product_brand?post=19046"},{"taxonomy":"product_cat","embeddable":true,"href":"https:\/\/rms-enlinea.com.ar\/tienda\/wp-json\/wp\/v2\/product_cat?post=19046"},{"taxonomy":"product_tag","embeddable":true,"href":"https:\/\/rms-enlinea.com.ar\/tienda\/wp-json\/wp\/v2\/product_tag?post=19046"}],"curies":[{"name":"wp","href":"https:\/\/api.w.org\/{rel}","templated":true}]}}