{"id":19052,"date":"2025-06-12T08:24:20","date_gmt":"2025-06-12T11:24:20","guid":{"rendered":"https:\/\/rms-enlinea.com.ar\/tienda\/producto\/parled-rgbwa-uv-efecto-wash-tacho-led-ampro-nebula-18\/"},"modified":"2026-04-21T06:12:27","modified_gmt":"2026-04-21T09:12:27","slug":"parled-rgbwa-uv-efecto-wash-tacho-led-ampro-nebula-18","status":"publish","type":"product","link":"https:\/\/rms-enlinea.com.ar\/tienda\/producto\/parled-rgbwa-uv-efecto-wash-tacho-led-ampro-nebula-18\/","title":{"rendered":"Parled Rgbwa + Uv Efecto Wash Tacho Led Ampro Nebula 18"},"content":{"rendered":"<p>BA\u00d1ADOR PROFESIONAL &#8211; 18 LEDS 6-EN-1 RGBWA+UV DE 12W<br \/>\nNEBULA 18 ES UN BA\u00d1ADOR PROFESIONAL QUE CUENTA CON 18 LEDS RGBAW+UV DE 12W, CON UN \u00c1NGULO DE HAZ DE 25\u00ba. SU TECNOLOG\u00cdA LED DE SEIS COLORES PERMITE UNA MEZCLA SUAVE SIN SOMBRAS MULTICOLOR, LOGRANDO INNUMERABLE CANTIDAD DE COLORES PROFUNDAMENTE SATURADOS. NEBULA 18 TIENE DIMMER LINEAL PARA TODOS LOS COLORES, EFECTO UV, FUNCI\u00d3N ESTROBO, 33 MACROS DE COLOR Y UNA FUNCI\u00d3N DE BALANCE DE BLANCO QUE LO CONVIERTE EN UNA OPCI\u00d3N IDEAL PARA APLICACIONES DE TIPO AUDIOVISUAL.<\/p>\n<p>FICHA TECNICA<\/p>\n<p>FUENTE &amp; \u00d3PTICA<br \/>\nFUENTE DE LUZ: 18 LEDS 6-EN-1 RGBWA+UV DE 12W<br \/>\nVIDA \u00daTIL PROMEDIO: 50.000 HORAS<br \/>\n\u00c1NGULO DE HAZ: 25\u00ba<br \/>\nFRECUENCIA DE REFRESCO: 2000HZ<\/p>\n<p>INFORMACI\u00d3N FOTOM\u00c9TRICA<br \/>\nFLUJO LUM\u00cdNICO: 3.060 LUX @ 3M (10 PIES)<\/p>\n<p>EFECTOS Y FUNCIONES<br \/>\nTECNOLOG\u00cdA LED DE SEIS COLORES: MEZCLA RGBWA+UV SUAVE SIN SOMBRAS MULTICOLOR<br \/>\nDIMMER: RANGO COMPLETO 0-100% GENERAL &amp; PARA TODOS LOS COLORES<br \/>\nEFECTO ESTROBO: 0-30 HZ<br \/>\nPROGRAMAS INTEGRADOS<br \/>\n33 MACROS DE COLOR<br \/>\nBALANCE DE BLANCO<br \/>\nMICR\u00d3FONO INCORPORADO<br \/>\nFUNCIONAMIENTO SILENCIOSO<\/p>\n<p>CONTROL<br \/>\nCANALES DMX: 8\/11<br \/>\nMODOS DE OPERACI\u00d3N: DMX, MASTER\/SLAVE, AUTOM\u00c1TICO, EST\u00c1TICO &amp; AUDIOR\u00cdTMICO<\/p>\n<p>F\u00cdSICO<br \/>\nDISPLAY LED<br \/>\nCONECTORES DMX: 2 CONECTORES XLR (XLR-3 ENTRADA Y SALIDA)<br \/>\nCONECTORES DE ALIMENTACI\u00d3N (ENTRADA\/SALIDA)<br \/>\nDIMENSIONES: 310X125X310 MM. \/ 12,2X4,9X12,2 PULG.<br \/>\nPESO: 6 KG. \/ 13,2 LBS.<\/p>\n","protected":false},"excerpt":{"rendered":"<p>BA\u00d1ADOR PROFESIONAL &#8211; 18 LEDS 6-EN-1 RGBWA+UV DE 12W NEBULA 18 ES UN BA\u00d1ADOR PROFESIONAL QUE CUENTA CON 18 LEDS RGBAW+UV DE 12W, CON UN \u00c1NGULO DE HAZ DE 25\u00ba. SU TECNOLOG\u00cdA LED DE SEIS COLORES PERMITE UNA MEZCLA SUAVE SIN SOMBRAS MULTICOLOR, LOGRANDO INNUMERABLE CANTIDAD DE COLORES PROFUNDAMENTE SATURADOS. NEBULA 18 TIENE DIMMER LINEAL [&hellip;]<\/p>\n","protected":false},"featured_media":19053,"comment_status":"open","ping_status":"closed","template":"","meta":{"_uag_custom_page_level_css":""},"product_brand":[477],"product_cat":[97],"product_tag":[],"class_list":{"0":"post-19052","1":"product","2":"type-product","3":"status-publish","4":"has-post-thumbnail","6":"product_brand-ampro","7":"product_cat-wash-y-par","9":"first","10":"outofstock","11":"sale","12":"taxable","13":"shipping-taxable","14":"purchasable","15":"product-type-simple"},"uagb_featured_image_src":{"full":["https:\/\/rms-enlinea.com.ar\/wp-content\/uploads\/2025\/06\/D_653380-MLA32317603475_092019-F.jpg",994,1020,false],"thumbnail":["https:\/\/rms-enlinea.com.ar\/wp-content\/uploads\/2025\/06\/D_653380-MLA32317603475_092019-F-150x150.jpg",150,150,true],"medium":["https:\/\/rms-enlinea.com.ar\/wp-content\/uploads\/2025\/06\/D_653380-MLA32317603475_092019-F-292x300.jpg",292,300,true],"medium_large":["https:\/\/rms-enlinea.com.ar\/wp-content\/uploads\/2025\/06\/D_653380-MLA32317603475_092019-F-768x788.jpg",768,788,true],"large":["https:\/\/rms-enlinea.com.ar\/wp-content\/uploads\/2025\/06\/D_653380-MLA32317603475_092019-F.jpg",994,1020,false],"1536x1536":["https:\/\/rms-enlinea.com.ar\/wp-content\/uploads\/2025\/06\/D_653380-MLA32317603475_092019-F.jpg",994,1020,false],"2048x2048":["https:\/\/rms-enlinea.com.ar\/wp-content\/uploads\/2025\/06\/D_653380-MLA32317603475_092019-F.jpg",994,1020,false],"woocommerce_thumbnail":["https:\/\/rms-enlinea.com.ar\/wp-content\/uploads\/2025\/06\/D_653380-MLA32317603475_092019-F-450x450.jpg",450,450,true],"woocommerce_single":["https:\/\/rms-enlinea.com.ar\/wp-content\/uploads\/2025\/06\/D_653380-MLA32317603475_092019-F-600x616.jpg",600,616,true],"woocommerce_gallery_thumbnail":["https:\/\/rms-enlinea.com.ar\/wp-content\/uploads\/2025\/06\/D_653380-MLA32317603475_092019-F-100x100.jpg",100,100,true]},"uagb_author_info":{"display_name":"l0071054","author_link":"https:\/\/rms-enlinea.com.ar\/tienda\/author\/"},"uagb_comment_info":0,"uagb_excerpt":"BA\u00d1ADOR PROFESIONAL &#8211; 18 LEDS 6-EN-1 RGBWA+UV DE 12W NEBULA 18 ES UN BA\u00d1ADOR PROFESIONAL QUE CUENTA CON 18 LEDS RGBAW+UV DE 12W, CON UN \u00c1NGULO DE HAZ DE 25\u00ba. SU TECNOLOG\u00cdA LED DE SEIS COLORES PERMITE UNA MEZCLA SUAVE SIN SOMBRAS MULTICOLOR, LOGRANDO INNUMERABLE CANTIDAD DE COLORES PROFUNDAMENTE SATURADOS. NEBULA 18 TIENE DIMMER LINEAL&hellip;","_links":{"self":[{"href":"https:\/\/rms-enlinea.com.ar\/tienda\/wp-json\/wp\/v2\/product\/19052","targetHints":{"allow":["GET"]}}],"collection":[{"href":"https:\/\/rms-enlinea.com.ar\/tienda\/wp-json\/wp\/v2\/product"}],"about":[{"href":"https:\/\/rms-enlinea.com.ar\/tienda\/wp-json\/wp\/v2\/types\/product"}],"replies":[{"embeddable":true,"href":"https:\/\/rms-enlinea.com.ar\/tienda\/wp-json\/wp\/v2\/comments?post=19052"}],"wp:featuredmedia":[{"embeddable":true,"href":"https:\/\/rms-enlinea.com.ar\/tienda\/wp-json\/wp\/v2\/media\/19053"}],"wp:attachment":[{"href":"https:\/\/rms-enlinea.com.ar\/tienda\/wp-json\/wp\/v2\/media?parent=19052"}],"wp:term":[{"taxonomy":"product_brand","embeddable":true,"href":"https:\/\/rms-enlinea.com.ar\/tienda\/wp-json\/wp\/v2\/product_brand?post=19052"},{"taxonomy":"product_cat","embeddable":true,"href":"https:\/\/rms-enlinea.com.ar\/tienda\/wp-json\/wp\/v2\/product_cat?post=19052"},{"taxonomy":"product_tag","embeddable":true,"href":"https:\/\/rms-enlinea.com.ar\/tienda\/wp-json\/wp\/v2\/product_tag?post=19052"}],"curies":[{"name":"wp","href":"https:\/\/api.w.org\/{rel}","templated":true}]}}