{"id":19134,"date":"2025-06-12T08:26:25","date_gmt":"2025-06-12T11:26:25","guid":{"rendered":"https:\/\/rms-enlinea.com.ar\/tienda\/producto\/cable-plug-para-microfono-instrumento-adam-hall-6m-k3mmp0600\/"},"modified":"2026-04-06T12:45:50","modified_gmt":"2026-04-06T15:45:50","slug":"cable-plug-para-microfono-instrumento-adam-hall-6m-k3mmp0600","status":"publish","type":"product","link":"https:\/\/rms-enlinea.com.ar\/tienda\/producto\/cable-plug-para-microfono-instrumento-adam-hall-6m-k3mmp0600\/","title":{"rendered":"Cable Plug Para Microfono Instrumento Adam Hall 6m K3mmp0600"},"content":{"rendered":"<p>TIPO DE PRODUCTO: CABLE ARMADO<br \/>\nTIPO: XLR A PLUG MICROFONO \/ SE\u00d1AL<br \/>\nLARGO: 6M<br \/>\nCOLOR: NEGRO<br \/>\nDI\u00c1METRO DEL CABLE: 6MM<br \/>\nSECCI\u00d3N DEL CONDUCTOR INTERIOR: 0,31 MM\u00b2<br \/>\nCARACTER\u00cdSTICA: 64 OHMIOS\/KM<br \/>\nCAPACIDAD &lt;72 PF\/M<br \/>\nCONECTORES: METALICOS<\/p>\n","protected":false},"excerpt":{"rendered":"<p>TIPO DE PRODUCTO: CABLE ARMADO TIPO: XLR A PLUG MICROFONO \/ SE\u00d1AL LARGO: 6M COLOR: NEGRO DI\u00c1METRO DEL CABLE: 6MM SECCI\u00d3N DEL CONDUCTOR INTERIOR: 0,31 MM\u00b2 CARACTER\u00cdSTICA: 64 OHMIOS\/KM CAPACIDAD &lt;72 PF\/M CONECTORES: METALICOS<\/p>\n","protected":false},"featured_media":19135,"comment_status":"open","ping_status":"closed","template":"","meta":{"_uag_custom_page_level_css":""},"product_brand":[674],"product_cat":[57],"product_tag":[],"class_list":{"0":"post-19134","1":"product","2":"type-product","3":"status-publish","4":"has-post-thumbnail","6":"product_brand-adamhall","7":"product_cat-cables","9":"first","10":"instock","11":"sale","12":"taxable","13":"shipping-taxable","14":"purchasable","15":"product-type-simple"},"uagb_featured_image_src":{"full":["https:\/\/rms-enlinea.com.ar\/wp-content\/uploads\/2025\/06\/D_622918-MLA31184016561_062019-F.jpg",1200,1200,false],"thumbnail":["https:\/\/rms-enlinea.com.ar\/wp-content\/uploads\/2025\/06\/D_622918-MLA31184016561_062019-F-150x150.jpg",150,150,true],"medium":["https:\/\/rms-enlinea.com.ar\/wp-content\/uploads\/2025\/06\/D_622918-MLA31184016561_062019-F-300x300.jpg",300,300,true],"medium_large":["https:\/\/rms-enlinea.com.ar\/wp-content\/uploads\/2025\/06\/D_622918-MLA31184016561_062019-F-768x768.jpg",768,768,true],"large":["https:\/\/rms-enlinea.com.ar\/wp-content\/uploads\/2025\/06\/D_622918-MLA31184016561_062019-F-1024x1024.jpg",1024,1024,true],"1536x1536":["https:\/\/rms-enlinea.com.ar\/wp-content\/uploads\/2025\/06\/D_622918-MLA31184016561_062019-F.jpg",1200,1200,false],"2048x2048":["https:\/\/rms-enlinea.com.ar\/wp-content\/uploads\/2025\/06\/D_622918-MLA31184016561_062019-F.jpg",1200,1200,false],"woocommerce_thumbnail":["https:\/\/rms-enlinea.com.ar\/wp-content\/uploads\/2025\/06\/D_622918-MLA31184016561_062019-F-450x450.jpg",450,450,true],"woocommerce_single":["https:\/\/rms-enlinea.com.ar\/wp-content\/uploads\/2025\/06\/D_622918-MLA31184016561_062019-F-600x600.jpg",600,600,true],"woocommerce_gallery_thumbnail":["https:\/\/rms-enlinea.com.ar\/wp-content\/uploads\/2025\/06\/D_622918-MLA31184016561_062019-F-100x100.jpg",100,100,true]},"uagb_author_info":{"display_name":"l0071054","author_link":"https:\/\/rms-enlinea.com.ar\/tienda\/author\/"},"uagb_comment_info":0,"uagb_excerpt":"TIPO DE PRODUCTO: CABLE ARMADO TIPO: XLR A PLUG MICROFONO \/ SE\u00d1AL LARGO: 6M COLOR: NEGRO DI\u00c1METRO DEL CABLE: 6MM SECCI\u00d3N DEL CONDUCTOR INTERIOR: 0,31 MM\u00b2 CARACTER\u00cdSTICA: 64 OHMIOS\/KM CAPACIDAD &lt;72 PF\/M CONECTORES: METALICOS","_links":{"self":[{"href":"https:\/\/rms-enlinea.com.ar\/tienda\/wp-json\/wp\/v2\/product\/19134","targetHints":{"allow":["GET"]}}],"collection":[{"href":"https:\/\/rms-enlinea.com.ar\/tienda\/wp-json\/wp\/v2\/product"}],"about":[{"href":"https:\/\/rms-enlinea.com.ar\/tienda\/wp-json\/wp\/v2\/types\/product"}],"replies":[{"embeddable":true,"href":"https:\/\/rms-enlinea.com.ar\/tienda\/wp-json\/wp\/v2\/comments?post=19134"}],"wp:featuredmedia":[{"embeddable":true,"href":"https:\/\/rms-enlinea.com.ar\/tienda\/wp-json\/wp\/v2\/media\/19135"}],"wp:attachment":[{"href":"https:\/\/rms-enlinea.com.ar\/tienda\/wp-json\/wp\/v2\/media?parent=19134"}],"wp:term":[{"taxonomy":"product_brand","embeddable":true,"href":"https:\/\/rms-enlinea.com.ar\/tienda\/wp-json\/wp\/v2\/product_brand?post=19134"},{"taxonomy":"product_cat","embeddable":true,"href":"https:\/\/rms-enlinea.com.ar\/tienda\/wp-json\/wp\/v2\/product_cat?post=19134"},{"taxonomy":"product_tag","embeddable":true,"href":"https:\/\/rms-enlinea.com.ar\/tienda\/wp-json\/wp\/v2\/product_tag?post=19134"}],"curies":[{"name":"wp","href":"https:\/\/api.w.org\/{rel}","templated":true}]}}