{"id":19139,"date":"2025-06-12T08:26:33","date_gmt":"2025-06-12T11:26:33","guid":{"rendered":"https:\/\/rms-enlinea.com.ar\/tienda\/producto\/conector-ficha-plug-recto-stereo-pchs\/"},"modified":"2026-04-11T07:30:48","modified_gmt":"2026-04-11T10:30:48","slug":"conector-ficha-plug-recto-stereo-pchs","status":"publish","type":"product","link":"https:\/\/rms-enlinea.com.ar\/tienda\/producto\/conector-ficha-plug-recto-stereo-pchs\/","title":{"rendered":"Conector Ficha Plug Recto Stereo Pchs"},"content":{"rendered":"<p>TIPO DE PRODUCTO: CONECTOR PLUG STEREO<br \/>\nN\u00daMERO DE PINES 3<br \/>\nTIPO MACHO<br \/>\nDI\u00c1METRO DEL CABLE: 4-6 MM<br \/>\nTIPO DE CONEXI\u00d3N: SOLDADURA<br \/>\nCARCASA: FUNDICION<br \/>\nALIVIADOR DE TENSI\u00d3N TIPO RESORTE<\/p>\n","protected":false},"excerpt":{"rendered":"<p>TIPO DE PRODUCTO: CONECTOR PLUG STEREO N\u00daMERO DE PINES 3 TIPO MACHO DI\u00c1METRO DEL CABLE: 4-6 MM TIPO DE CONEXI\u00d3N: SOLDADURA CARCASA: FUNDICION ALIVIADOR DE TENSI\u00d3N TIPO RESORTE<\/p>\n","protected":false},"featured_media":19140,"comment_status":"open","ping_status":"closed","template":"","meta":{"_uag_custom_page_level_css":""},"product_brand":[663],"product_cat":[86,58],"product_tag":[],"class_list":{"0":"post-19139","1":"product","2":"type-product","3":"status-publish","4":"has-post-thumbnail","6":"product_brand-rms-enlinea","7":"product_cat-onectores-fichas-y-adaptadores","8":"product_cat-conectores-fichas-y-adaptadores","10":"first","11":"instock","12":"sale","13":"taxable","14":"shipping-taxable","15":"purchasable","16":"product-type-simple"},"uagb_featured_image_src":{"full":["https:\/\/rms-enlinea.com.ar\/wp-content\/uploads\/2025\/06\/D_606232-MLA32229819407_092019-F.jpg",705,823,false],"thumbnail":["https:\/\/rms-enlinea.com.ar\/wp-content\/uploads\/2025\/06\/D_606232-MLA32229819407_092019-F-150x150.jpg",150,150,true],"medium":["https:\/\/rms-enlinea.com.ar\/wp-content\/uploads\/2025\/06\/D_606232-MLA32229819407_092019-F-257x300.jpg",257,300,true],"medium_large":["https:\/\/rms-enlinea.com.ar\/wp-content\/uploads\/2025\/06\/D_606232-MLA32229819407_092019-F.jpg",705,823,false],"large":["https:\/\/rms-enlinea.com.ar\/wp-content\/uploads\/2025\/06\/D_606232-MLA32229819407_092019-F.jpg",705,823,false],"1536x1536":["https:\/\/rms-enlinea.com.ar\/wp-content\/uploads\/2025\/06\/D_606232-MLA32229819407_092019-F.jpg",705,823,false],"2048x2048":["https:\/\/rms-enlinea.com.ar\/wp-content\/uploads\/2025\/06\/D_606232-MLA32229819407_092019-F.jpg",705,823,false],"woocommerce_thumbnail":["https:\/\/rms-enlinea.com.ar\/wp-content\/uploads\/2025\/06\/D_606232-MLA32229819407_092019-F-450x450.jpg",450,450,true],"woocommerce_single":["https:\/\/rms-enlinea.com.ar\/wp-content\/uploads\/2025\/06\/D_606232-MLA32229819407_092019-F-600x700.jpg",600,700,true],"woocommerce_gallery_thumbnail":["https:\/\/rms-enlinea.com.ar\/wp-content\/uploads\/2025\/06\/D_606232-MLA32229819407_092019-F-100x100.jpg",100,100,true]},"uagb_author_info":{"display_name":"l0071054","author_link":"https:\/\/rms-enlinea.com.ar\/tienda\/author\/"},"uagb_comment_info":0,"uagb_excerpt":"TIPO DE PRODUCTO: CONECTOR PLUG STEREO N\u00daMERO DE PINES 3 TIPO MACHO DI\u00c1METRO DEL CABLE: 4-6 MM TIPO DE CONEXI\u00d3N: SOLDADURA CARCASA: FUNDICION ALIVIADOR DE TENSI\u00d3N TIPO RESORTE","_links":{"self":[{"href":"https:\/\/rms-enlinea.com.ar\/tienda\/wp-json\/wp\/v2\/product\/19139","targetHints":{"allow":["GET"]}}],"collection":[{"href":"https:\/\/rms-enlinea.com.ar\/tienda\/wp-json\/wp\/v2\/product"}],"about":[{"href":"https:\/\/rms-enlinea.com.ar\/tienda\/wp-json\/wp\/v2\/types\/product"}],"replies":[{"embeddable":true,"href":"https:\/\/rms-enlinea.com.ar\/tienda\/wp-json\/wp\/v2\/comments?post=19139"}],"wp:featuredmedia":[{"embeddable":true,"href":"https:\/\/rms-enlinea.com.ar\/tienda\/wp-json\/wp\/v2\/media\/19140"}],"wp:attachment":[{"href":"https:\/\/rms-enlinea.com.ar\/tienda\/wp-json\/wp\/v2\/media?parent=19139"}],"wp:term":[{"taxonomy":"product_brand","embeddable":true,"href":"https:\/\/rms-enlinea.com.ar\/tienda\/wp-json\/wp\/v2\/product_brand?post=19139"},{"taxonomy":"product_cat","embeddable":true,"href":"https:\/\/rms-enlinea.com.ar\/tienda\/wp-json\/wp\/v2\/product_cat?post=19139"},{"taxonomy":"product_tag","embeddable":true,"href":"https:\/\/rms-enlinea.com.ar\/tienda\/wp-json\/wp\/v2\/product_tag?post=19139"}],"curies":[{"name":"wp","href":"https:\/\/api.w.org\/{rel}","templated":true}]}}