{"id":19160,"date":"2025-06-12T08:27:02","date_gmt":"2025-06-12T11:27:02","guid":{"rendered":"https:\/\/rms-enlinea.com.ar\/tienda\/producto\/atril-para-partituras-con-funda-warwick-rs10010\/"},"modified":"2026-04-06T12:32:11","modified_gmt":"2026-04-06T15:32:11","slug":"atril-para-partituras-con-funda-warwick-rs10010","status":"publish","type":"product","link":"https:\/\/rms-enlinea.com.ar\/tienda\/producto\/atril-para-partituras-con-funda-warwick-rs10010\/","title":{"rendered":"Atril Para Partituras Con Funda Warwick Rs10010"},"content":{"rendered":"<p>TIPO DE PRODUCTO: ATRIL<br \/>\n3 PIEZAS DE TUBO TELESC\u00d3PICO, AJUSTABLE<br \/>\nALTURA 500 MM &#8211; 1250 MM<br \/>\nLA ZONA EN LA NOTAS W X H: 490 MM X 250 MM<br \/>\n2 SOPORTES DE RESORTE A LA M\u00daSICA<br \/>\n\u00c1REA DEMURRAGE: 340 MM X 340 MM X 340 MM<br \/>\nCOLOR: NEGRO, CON RECUBRIMIENTO DE POLVO<br \/>\nTOTALMENTE PLEGABLE<br \/>\nTAMA\u00d1O ENVUELTA EN UNA BOLSA DE CORDURA, QUE SE INCLUYE EN EL PAQUETE:<br \/>\nW X D X V CA. 120 MM X 570 MM X 70 MM<br \/>\nBOLSA CON UNA CORREA PARA LLEVAR<br \/>\nPESO: 830 G<\/p>\n","protected":false},"excerpt":{"rendered":"<p>TIPO DE PRODUCTO: ATRIL 3 PIEZAS DE TUBO TELESC\u00d3PICO, AJUSTABLE ALTURA 500 MM &#8211; 1250 MM LA ZONA EN LA NOTAS W X H: 490 MM X 250 MM 2 SOPORTES DE RESORTE A LA M\u00daSICA \u00c1REA DEMURRAGE: 340 MM X 340 MM X 340 MM COLOR: NEGRO, CON RECUBRIMIENTO DE POLVO TOTALMENTE PLEGABLE TAMA\u00d1O [&hellip;]<\/p>\n","protected":false},"featured_media":19161,"comment_status":"open","ping_status":"closed","template":"","meta":{"_uag_custom_page_level_css":""},"product_brand":[510],"product_cat":[77,15],"product_tag":[],"class_list":{"0":"post-19160","1":"product","2":"type-product","3":"status-publish","4":"has-post-thumbnail","6":"product_brand-warwick","7":"product_cat-pies-de-microfono-y-soportes","8":"product_cat-sin-categorizar","10":"first","11":"instock","12":"sale","13":"taxable","14":"shipping-taxable","15":"purchasable","16":"product-type-simple"},"uagb_featured_image_src":{"full":["https:\/\/rms-enlinea.com.ar\/wp-content\/uploads\/2025\/06\/D_783337-MLA29909939195_042019-F.jpg",800,800,false],"thumbnail":["https:\/\/rms-enlinea.com.ar\/wp-content\/uploads\/2025\/06\/D_783337-MLA29909939195_042019-F-150x150.jpg",150,150,true],"medium":["https:\/\/rms-enlinea.com.ar\/wp-content\/uploads\/2025\/06\/D_783337-MLA29909939195_042019-F-300x300.jpg",300,300,true],"medium_large":["https:\/\/rms-enlinea.com.ar\/wp-content\/uploads\/2025\/06\/D_783337-MLA29909939195_042019-F-768x768.jpg",768,768,true],"large":["https:\/\/rms-enlinea.com.ar\/wp-content\/uploads\/2025\/06\/D_783337-MLA29909939195_042019-F.jpg",800,800,false],"1536x1536":["https:\/\/rms-enlinea.com.ar\/wp-content\/uploads\/2025\/06\/D_783337-MLA29909939195_042019-F.jpg",800,800,false],"2048x2048":["https:\/\/rms-enlinea.com.ar\/wp-content\/uploads\/2025\/06\/D_783337-MLA29909939195_042019-F.jpg",800,800,false],"woocommerce_thumbnail":["https:\/\/rms-enlinea.com.ar\/wp-content\/uploads\/2025\/06\/D_783337-MLA29909939195_042019-F-450x450.jpg",450,450,true],"woocommerce_single":["https:\/\/rms-enlinea.com.ar\/wp-content\/uploads\/2025\/06\/D_783337-MLA29909939195_042019-F-600x600.jpg",600,600,true],"woocommerce_gallery_thumbnail":["https:\/\/rms-enlinea.com.ar\/wp-content\/uploads\/2025\/06\/D_783337-MLA29909939195_042019-F-100x100.jpg",100,100,true]},"uagb_author_info":{"display_name":"l0071054","author_link":"https:\/\/rms-enlinea.com.ar\/tienda\/author\/"},"uagb_comment_info":0,"uagb_excerpt":"TIPO DE PRODUCTO: ATRIL 3 PIEZAS DE TUBO TELESC\u00d3PICO, AJUSTABLE ALTURA 500 MM &#8211; 1250 MM LA ZONA EN LA NOTAS W X H: 490 MM X 250 MM 2 SOPORTES DE RESORTE A LA M\u00daSICA \u00c1REA DEMURRAGE: 340 MM X 340 MM X 340 MM COLOR: NEGRO, CON RECUBRIMIENTO DE POLVO TOTALMENTE PLEGABLE TAMA\u00d1O&hellip;","_links":{"self":[{"href":"https:\/\/rms-enlinea.com.ar\/tienda\/wp-json\/wp\/v2\/product\/19160","targetHints":{"allow":["GET"]}}],"collection":[{"href":"https:\/\/rms-enlinea.com.ar\/tienda\/wp-json\/wp\/v2\/product"}],"about":[{"href":"https:\/\/rms-enlinea.com.ar\/tienda\/wp-json\/wp\/v2\/types\/product"}],"replies":[{"embeddable":true,"href":"https:\/\/rms-enlinea.com.ar\/tienda\/wp-json\/wp\/v2\/comments?post=19160"}],"wp:featuredmedia":[{"embeddable":true,"href":"https:\/\/rms-enlinea.com.ar\/tienda\/wp-json\/wp\/v2\/media\/19161"}],"wp:attachment":[{"href":"https:\/\/rms-enlinea.com.ar\/tienda\/wp-json\/wp\/v2\/media?parent=19160"}],"wp:term":[{"taxonomy":"product_brand","embeddable":true,"href":"https:\/\/rms-enlinea.com.ar\/tienda\/wp-json\/wp\/v2\/product_brand?post=19160"},{"taxonomy":"product_cat","embeddable":true,"href":"https:\/\/rms-enlinea.com.ar\/tienda\/wp-json\/wp\/v2\/product_cat?post=19160"},{"taxonomy":"product_tag","embeddable":true,"href":"https:\/\/rms-enlinea.com.ar\/tienda\/wp-json\/wp\/v2\/product_tag?post=19160"}],"curies":[{"name":"wp","href":"https:\/\/api.w.org\/{rel}","templated":true}]}}