{"id":19174,"date":"2025-06-12T08:27:34","date_gmt":"2025-06-12T11:27:34","guid":{"rendered":"https:\/\/rms-enlinea.com.ar\/tienda\/producto\/cable-para-instrumento-senal-x-metro-warwick-rcl10200d6blk\/"},"modified":"2026-04-11T07:20:40","modified_gmt":"2026-04-11T10:20:40","slug":"cable-para-instrumento-senal-x-metro-warwick-rcl10200d6blk","status":"publish","type":"product","link":"https:\/\/rms-enlinea.com.ar\/tienda\/producto\/cable-para-instrumento-senal-x-metro-warwick-rcl10200d6blk\/","title":{"rendered":"Cable Para Instrumento Se\u00f1al X Metro Warwick Rcl10200d6blk"},"content":{"rendered":"<p>TIPO DE PRODUCTO: CABLE POR METRO<br \/>TIPO DE CABLE: DE MICR\u00d3FONO<br \/>COLOR NEGRO<br \/>DI\u00c1METRO TOTAL: 6 MM <br \/>SECCI\u00d3N DEL CONDUCTOR INTERIOR 0,22 MM\u00b2<br \/>MATERIAL DE LOS CONDUCTORES: COBRE<br \/>MATERIAL DE CUBIERTA: PVC<\/p>\n","protected":false},"excerpt":{"rendered":"<p>TIPO DE PRODUCTO: CABLE POR METROTIPO DE CABLE: DE MICR\u00d3FONOCOLOR NEGRODI\u00c1METRO TOTAL: 6 MM SECCI\u00d3N DEL CONDUCTOR INTERIOR 0,22 MM\u00b2MATERIAL DE LOS CONDUCTORES: COBREMATERIAL DE CUBIERTA: PVC<\/p>\n","protected":false},"featured_media":19175,"comment_status":"open","ping_status":"closed","template":"","meta":{"_uag_custom_page_level_css":""},"product_brand":[510],"product_cat":[57],"product_tag":[],"class_list":{"0":"post-19174","1":"product","2":"type-product","3":"status-publish","4":"has-post-thumbnail","6":"product_brand-warwick","7":"product_cat-cables","9":"first","10":"instock","11":"sale","12":"taxable","13":"shipping-taxable","14":"purchasable","15":"product-type-simple"},"uagb_featured_image_src":{"full":["https:\/\/rms-enlinea.com.ar\/wp-content\/uploads\/2025\/06\/D_861794-MLA46792793999_072021-F.jpg",936,888,false],"thumbnail":["https:\/\/rms-enlinea.com.ar\/wp-content\/uploads\/2025\/06\/D_861794-MLA46792793999_072021-F-150x150.jpg",150,150,true],"medium":["https:\/\/rms-enlinea.com.ar\/wp-content\/uploads\/2025\/06\/D_861794-MLA46792793999_072021-F-300x285.jpg",300,285,true],"medium_large":["https:\/\/rms-enlinea.com.ar\/wp-content\/uploads\/2025\/06\/D_861794-MLA46792793999_072021-F-768x729.jpg",768,729,true],"large":["https:\/\/rms-enlinea.com.ar\/wp-content\/uploads\/2025\/06\/D_861794-MLA46792793999_072021-F.jpg",936,888,false],"1536x1536":["https:\/\/rms-enlinea.com.ar\/wp-content\/uploads\/2025\/06\/D_861794-MLA46792793999_072021-F.jpg",936,888,false],"2048x2048":["https:\/\/rms-enlinea.com.ar\/wp-content\/uploads\/2025\/06\/D_861794-MLA46792793999_072021-F.jpg",936,888,false],"woocommerce_thumbnail":["https:\/\/rms-enlinea.com.ar\/wp-content\/uploads\/2025\/06\/D_861794-MLA46792793999_072021-F-450x450.jpg",450,450,true],"woocommerce_single":["https:\/\/rms-enlinea.com.ar\/wp-content\/uploads\/2025\/06\/D_861794-MLA46792793999_072021-F-600x569.jpg",600,569,true],"woocommerce_gallery_thumbnail":["https:\/\/rms-enlinea.com.ar\/wp-content\/uploads\/2025\/06\/D_861794-MLA46792793999_072021-F-100x100.jpg",100,100,true]},"uagb_author_info":{"display_name":"l0071054","author_link":"https:\/\/rms-enlinea.com.ar\/tienda\/author\/"},"uagb_comment_info":0,"uagb_excerpt":"TIPO DE PRODUCTO: CABLE POR METROTIPO DE CABLE: DE MICR\u00d3FONOCOLOR NEGRODI\u00c1METRO TOTAL: 6 MM SECCI\u00d3N DEL CONDUCTOR INTERIOR 0,22 MM\u00b2MATERIAL DE LOS CONDUCTORES: COBREMATERIAL DE CUBIERTA: PVC","_links":{"self":[{"href":"https:\/\/rms-enlinea.com.ar\/tienda\/wp-json\/wp\/v2\/product\/19174","targetHints":{"allow":["GET"]}}],"collection":[{"href":"https:\/\/rms-enlinea.com.ar\/tienda\/wp-json\/wp\/v2\/product"}],"about":[{"href":"https:\/\/rms-enlinea.com.ar\/tienda\/wp-json\/wp\/v2\/types\/product"}],"replies":[{"embeddable":true,"href":"https:\/\/rms-enlinea.com.ar\/tienda\/wp-json\/wp\/v2\/comments?post=19174"}],"wp:featuredmedia":[{"embeddable":true,"href":"https:\/\/rms-enlinea.com.ar\/tienda\/wp-json\/wp\/v2\/media\/19175"}],"wp:attachment":[{"href":"https:\/\/rms-enlinea.com.ar\/tienda\/wp-json\/wp\/v2\/media?parent=19174"}],"wp:term":[{"taxonomy":"product_brand","embeddable":true,"href":"https:\/\/rms-enlinea.com.ar\/tienda\/wp-json\/wp\/v2\/product_brand?post=19174"},{"taxonomy":"product_cat","embeddable":true,"href":"https:\/\/rms-enlinea.com.ar\/tienda\/wp-json\/wp\/v2\/product_cat?post=19174"},{"taxonomy":"product_tag","embeddable":true,"href":"https:\/\/rms-enlinea.com.ar\/tienda\/wp-json\/wp\/v2\/product_tag?post=19174"}],"curies":[{"name":"wp","href":"https:\/\/api.w.org\/{rel}","templated":true}]}}