{"id":19294,"date":"2025-06-12T08:30:33","date_gmt":"2025-06-12T11:30:33","guid":{"rendered":"https:\/\/rms-enlinea.com.ar\/tienda\/producto\/ficha-plug-mono-cable-color-negro-xpro-cxp-pm\/"},"modified":"2026-04-05T18:44:02","modified_gmt":"2026-04-05T21:44:02","slug":"ficha-plug-mono-cable-color-negro-xpro-cxp-pm","status":"publish","type":"product","link":"https:\/\/rms-enlinea.com.ar\/tienda\/producto\/ficha-plug-mono-cable-color-negro-xpro-cxp-pm\/","title":{"rendered":"Ficha Plug Mono Cable Color Negro Xpro Cxp-pm"},"content":{"rendered":"<p>TIPO DE PRODUCTO: CONECTOR PLUG MONO<br \/>N\u00daMERO DE PINES 2<br \/>TIPO MACHO<br \/>DI\u00c1METRO DEL CABLE: 4-6 MM<br \/>TIPO DE CONEXI\u00d3N: SOLDADURA<br \/>TIPO DE CONTACTOS: NIQUEL<br \/>CARCASA: FUNDICION DE ZINC<br \/>ALIVIADOR DE TENSI\u00d3N<\/p>\n","protected":false},"excerpt":{"rendered":"<p>TIPO DE PRODUCTO: CONECTOR PLUG MONON\u00daMERO DE PINES 2TIPO MACHODI\u00c1METRO DEL CABLE: 4-6 MMTIPO DE CONEXI\u00d3N: SOLDADURATIPO DE CONTACTOS: NIQUELCARCASA: FUNDICION DE ZINCALIVIADOR DE TENSI\u00d3N<\/p>\n","protected":false},"featured_media":19295,"comment_status":"open","ping_status":"closed","template":"","meta":{"_uag_custom_page_level_css":""},"product_brand":[472],"product_cat":[58,86],"product_tag":[],"class_list":{"0":"post-19294","1":"product","2":"type-product","3":"status-publish","4":"has-post-thumbnail","6":"product_brand-xpro","7":"product_cat-conectores-fichas-y-adaptadores","8":"product_cat-onectores-fichas-y-adaptadores","10":"first","11":"outofstock","12":"sale","13":"taxable","14":"shipping-taxable","15":"purchasable","16":"product-type-simple"},"uagb_featured_image_src":{"full":["https:\/\/rms-enlinea.com.ar\/wp-content\/uploads\/2025\/06\/D_708933-MLA31596164387_072019-F.jpg",875,899,false],"thumbnail":["https:\/\/rms-enlinea.com.ar\/wp-content\/uploads\/2025\/06\/D_708933-MLA31596164387_072019-F-150x150.jpg",150,150,true],"medium":["https:\/\/rms-enlinea.com.ar\/wp-content\/uploads\/2025\/06\/D_708933-MLA31596164387_072019-F-292x300.jpg",292,300,true],"medium_large":["https:\/\/rms-enlinea.com.ar\/wp-content\/uploads\/2025\/06\/D_708933-MLA31596164387_072019-F-768x789.jpg",768,789,true],"large":["https:\/\/rms-enlinea.com.ar\/wp-content\/uploads\/2025\/06\/D_708933-MLA31596164387_072019-F.jpg",875,899,false],"1536x1536":["https:\/\/rms-enlinea.com.ar\/wp-content\/uploads\/2025\/06\/D_708933-MLA31596164387_072019-F.jpg",875,899,false],"2048x2048":["https:\/\/rms-enlinea.com.ar\/wp-content\/uploads\/2025\/06\/D_708933-MLA31596164387_072019-F.jpg",875,899,false],"woocommerce_thumbnail":["https:\/\/rms-enlinea.com.ar\/wp-content\/uploads\/2025\/06\/D_708933-MLA31596164387_072019-F-450x450.jpg",450,450,true],"woocommerce_single":["https:\/\/rms-enlinea.com.ar\/wp-content\/uploads\/2025\/06\/D_708933-MLA31596164387_072019-F-600x616.jpg",600,616,true],"woocommerce_gallery_thumbnail":["https:\/\/rms-enlinea.com.ar\/wp-content\/uploads\/2025\/06\/D_708933-MLA31596164387_072019-F-100x100.jpg",100,100,true]},"uagb_author_info":{"display_name":"l0071054","author_link":"https:\/\/rms-enlinea.com.ar\/tienda\/author\/"},"uagb_comment_info":0,"uagb_excerpt":"TIPO DE PRODUCTO: CONECTOR PLUG MONON\u00daMERO DE PINES 2TIPO MACHODI\u00c1METRO DEL CABLE: 4-6 MMTIPO DE CONEXI\u00d3N: SOLDADURATIPO DE CONTACTOS: NIQUELCARCASA: FUNDICION DE ZINCALIVIADOR DE TENSI\u00d3N","_links":{"self":[{"href":"https:\/\/rms-enlinea.com.ar\/tienda\/wp-json\/wp\/v2\/product\/19294","targetHints":{"allow":["GET"]}}],"collection":[{"href":"https:\/\/rms-enlinea.com.ar\/tienda\/wp-json\/wp\/v2\/product"}],"about":[{"href":"https:\/\/rms-enlinea.com.ar\/tienda\/wp-json\/wp\/v2\/types\/product"}],"replies":[{"embeddable":true,"href":"https:\/\/rms-enlinea.com.ar\/tienda\/wp-json\/wp\/v2\/comments?post=19294"}],"wp:featuredmedia":[{"embeddable":true,"href":"https:\/\/rms-enlinea.com.ar\/tienda\/wp-json\/wp\/v2\/media\/19295"}],"wp:attachment":[{"href":"https:\/\/rms-enlinea.com.ar\/tienda\/wp-json\/wp\/v2\/media?parent=19294"}],"wp:term":[{"taxonomy":"product_brand","embeddable":true,"href":"https:\/\/rms-enlinea.com.ar\/tienda\/wp-json\/wp\/v2\/product_brand?post=19294"},{"taxonomy":"product_cat","embeddable":true,"href":"https:\/\/rms-enlinea.com.ar\/tienda\/wp-json\/wp\/v2\/product_cat?post=19294"},{"taxonomy":"product_tag","embeddable":true,"href":"https:\/\/rms-enlinea.com.ar\/tienda\/wp-json\/wp\/v2\/product_tag?post=19294"}],"curies":[{"name":"wp","href":"https:\/\/api.w.org\/{rel}","templated":true}]}}