{"id":19313,"date":"2025-06-12T08:31:06","date_gmt":"2025-06-12T11:31:06","guid":{"rendered":"https:\/\/rms-enlinea.com.ar\/tienda\/producto\/ficha-xlr-hembra-para-cable-xpro-cxp-x3h\/"},"modified":"2026-04-06T12:28:45","modified_gmt":"2026-04-06T15:28:45","slug":"ficha-xlr-hembra-para-cable-xpro-cxp-x3h","status":"publish","type":"product","link":"https:\/\/rms-enlinea.com.ar\/tienda\/producto\/ficha-xlr-hembra-para-cable-xpro-cxp-x3h\/","title":{"rendered":"Ficha Xlr Hembra Para Cable Xpro Cxp-x3h"},"content":{"rendered":"<p>TIPO DE PRODUCTO: CONECTOR XLR CABLE<br \/>TIPO DE CONECTOR: HEMBRA<br \/>N\u00daMERO DE PINES 3<br \/>DI\u00c1METRO DEL CABLE 5 &#8211; 7 MM<br \/>CONTACTOS PLATEADO<br \/>TIPO DE CONEXI\u00d3N SOLDADURAS<br \/>COLOR NEGRO<br \/>CARCASA ZINC DE FUNDICI\u00d3N<\/p>\n","protected":false},"excerpt":{"rendered":"<p>TIPO DE PRODUCTO: CONECTOR XLR CABLETIPO DE CONECTOR: HEMBRAN\u00daMERO DE PINES 3DI\u00c1METRO DEL CABLE 5 &#8211; 7 MMCONTACTOS PLATEADOTIPO DE CONEXI\u00d3N SOLDADURASCOLOR NEGROCARCASA ZINC DE FUNDICI\u00d3N<\/p>\n","protected":false},"featured_media":19314,"comment_status":"open","ping_status":"closed","template":"","meta":{"_uag_custom_page_level_css":""},"product_brand":[472],"product_cat":[58,86],"product_tag":[],"class_list":{"0":"post-19313","1":"product","2":"type-product","3":"status-publish","4":"has-post-thumbnail","6":"product_brand-xpro","7":"product_cat-conectores-fichas-y-adaptadores","8":"product_cat-onectores-fichas-y-adaptadores","10":"first","11":"instock","12":"sale","13":"taxable","14":"shipping-taxable","15":"purchasable","16":"product-type-simple"},"uagb_featured_image_src":{"full":["https:\/\/rms-enlinea.com.ar\/wp-content\/uploads\/2025\/06\/D_781552-MLA31437848658_072019-F.jpg",820,740,false],"thumbnail":["https:\/\/rms-enlinea.com.ar\/wp-content\/uploads\/2025\/06\/D_781552-MLA31437848658_072019-F-150x150.jpg",150,150,true],"medium":["https:\/\/rms-enlinea.com.ar\/wp-content\/uploads\/2025\/06\/D_781552-MLA31437848658_072019-F-300x271.jpg",300,271,true],"medium_large":["https:\/\/rms-enlinea.com.ar\/wp-content\/uploads\/2025\/06\/D_781552-MLA31437848658_072019-F-768x693.jpg",768,693,true],"large":["https:\/\/rms-enlinea.com.ar\/wp-content\/uploads\/2025\/06\/D_781552-MLA31437848658_072019-F.jpg",820,740,false],"1536x1536":["https:\/\/rms-enlinea.com.ar\/wp-content\/uploads\/2025\/06\/D_781552-MLA31437848658_072019-F.jpg",820,740,false],"2048x2048":["https:\/\/rms-enlinea.com.ar\/wp-content\/uploads\/2025\/06\/D_781552-MLA31437848658_072019-F.jpg",820,740,false],"woocommerce_thumbnail":["https:\/\/rms-enlinea.com.ar\/wp-content\/uploads\/2025\/06\/D_781552-MLA31437848658_072019-F-450x450.jpg",450,450,true],"woocommerce_single":["https:\/\/rms-enlinea.com.ar\/wp-content\/uploads\/2025\/06\/D_781552-MLA31437848658_072019-F-600x541.jpg",600,541,true],"woocommerce_gallery_thumbnail":["https:\/\/rms-enlinea.com.ar\/wp-content\/uploads\/2025\/06\/D_781552-MLA31437848658_072019-F-100x100.jpg",100,100,true]},"uagb_author_info":{"display_name":"l0071054","author_link":"https:\/\/rms-enlinea.com.ar\/tienda\/author\/"},"uagb_comment_info":0,"uagb_excerpt":"TIPO DE PRODUCTO: CONECTOR XLR CABLETIPO DE CONECTOR: HEMBRAN\u00daMERO DE PINES 3DI\u00c1METRO DEL CABLE 5 &#8211; 7 MMCONTACTOS PLATEADOTIPO DE CONEXI\u00d3N SOLDADURASCOLOR NEGROCARCASA ZINC DE FUNDICI\u00d3N","_links":{"self":[{"href":"https:\/\/rms-enlinea.com.ar\/tienda\/wp-json\/wp\/v2\/product\/19313","targetHints":{"allow":["GET"]}}],"collection":[{"href":"https:\/\/rms-enlinea.com.ar\/tienda\/wp-json\/wp\/v2\/product"}],"about":[{"href":"https:\/\/rms-enlinea.com.ar\/tienda\/wp-json\/wp\/v2\/types\/product"}],"replies":[{"embeddable":true,"href":"https:\/\/rms-enlinea.com.ar\/tienda\/wp-json\/wp\/v2\/comments?post=19313"}],"wp:featuredmedia":[{"embeddable":true,"href":"https:\/\/rms-enlinea.com.ar\/tienda\/wp-json\/wp\/v2\/media\/19314"}],"wp:attachment":[{"href":"https:\/\/rms-enlinea.com.ar\/tienda\/wp-json\/wp\/v2\/media?parent=19313"}],"wp:term":[{"taxonomy":"product_brand","embeddable":true,"href":"https:\/\/rms-enlinea.com.ar\/tienda\/wp-json\/wp\/v2\/product_brand?post=19313"},{"taxonomy":"product_cat","embeddable":true,"href":"https:\/\/rms-enlinea.com.ar\/tienda\/wp-json\/wp\/v2\/product_cat?post=19313"},{"taxonomy":"product_tag","embeddable":true,"href":"https:\/\/rms-enlinea.com.ar\/tienda\/wp-json\/wp\/v2\/product_tag?post=19313"}],"curies":[{"name":"wp","href":"https:\/\/api.w.org\/{rel}","templated":true}]}}