{"id":19362,"date":"2025-06-12T08:32:15","date_gmt":"2025-06-12T11:32:15","guid":{"rendered":"https:\/\/rms-enlinea.com.ar\/tienda\/producto\/microfono-inalambrico-mano-vincha-uhf-skp-uhf-282\/"},"modified":"2026-04-05T18:41:47","modified_gmt":"2026-04-05T21:41:47","slug":"microfono-inalambrico-mano-vincha-uhf-skp-uhf-282","status":"publish","type":"product","link":"https:\/\/rms-enlinea.com.ar\/tienda\/producto\/microfono-inalambrico-mano-vincha-uhf-skp-uhf-282\/","title":{"rendered":"Microfono Inalambrico Mano Vincha Uhf Skp Uhf-282"},"content":{"rendered":"<p>DESCRIPCI\u00d3N<br \/>SISTEMA: INAL\u00c1MBRICO UHF DE DOBLE CANAL<br \/>TIPO: HANDHELD \/ AURICULARES \/ LAVALIERE \/ GUITARRA<\/p>\n<p>MICR\u00d3FONOS INAL\u00c1MBRICOS UHF<br \/>3 EN UNO, PODES USAR DOS DE MANERA SIMULTANEA!<\/p>\n<p>RECEPTOR<br \/>RELACI\u00d3N SE\u00d1AL RUIDO : M\u00c1S DE 80DB<br \/>IMAGEN Y RECHAZO DE ESPURIAS : MAS DE 80DB<br \/>SENSIBILIDAD DE RECEPCI\u00d3N : 10DBUV<br \/>DE-ENFASYS 50US<\/p>\n<p>MICR\u00d3FONO<br \/>POTENCIA DEL TRANSMISOR : 8.5MW<br \/>TIPO DE MODULACI\u00d3N : FM, F3F<br \/>DESVIACI\u00d3N M\u00c1XIMA : +-25KHZ<br \/>EMISI\u00d3N DE ESPURIAS : MAS DE 40DB (CON PORTADORA)<br \/>ALIMENTACI\u00d3N : 1.5V X2<br \/>USO CONTINUO : 8 HORAS<\/p>\n<p>SISTEMA<br \/>FRECUENCIA DE TRABAJO 470-558 MHZ (DEPENDE DE LA REGI\u00d3N)<br \/>ESTABILIDAD DE FRECUENCIA +-30PPM<br \/>RANGO DIN\u00c1MICO MAS DE 90DB<br \/>DISTORSI\u00d3N ARM\u00d3NICA MENOS DE 0.5%<br \/>REPUESTA DE FRECUENCIA 40 HZ \u2013 15KHZZ3DB<br \/>NIVEL DE SALIDA +-400MV (MEZCLADA +-200MV)<\/p>\n","protected":false},"excerpt":{"rendered":"<p>DESCRIPCI\u00d3NSISTEMA: INAL\u00c1MBRICO UHF DE DOBLE CANALTIPO: HANDHELD \/ AURICULARES \/ LAVALIERE \/ GUITARRA MICR\u00d3FONOS INAL\u00c1MBRICOS UHF3 EN UNO, PODES USAR DOS DE MANERA SIMULTANEA! RECEPTORRELACI\u00d3N SE\u00d1AL RUIDO : M\u00c1S DE 80DBIMAGEN Y RECHAZO DE ESPURIAS : MAS DE 80DBSENSIBILIDAD DE RECEPCI\u00d3N : 10DBUVDE-ENFASYS 50US MICR\u00d3FONOPOTENCIA DEL TRANSMISOR : 8.5MWTIPO DE MODULACI\u00d3N : FM, F3FDESVIACI\u00d3N M\u00c1XIMA [&hellip;]<\/p>\n","protected":false},"featured_media":19363,"comment_status":"open","ping_status":"closed","template":"","meta":{"_uag_custom_page_level_css":""},"product_brand":[490],"product_cat":[75],"product_tag":[],"class_list":{"0":"post-19362","1":"product","2":"type-product","3":"status-publish","4":"has-post-thumbnail","6":"product_brand-skp","7":"product_cat-microfonos","9":"first","10":"outofstock","11":"sale","12":"taxable","13":"shipping-taxable","14":"purchasable","15":"product-type-simple"},"uagb_featured_image_src":{"full":["https:\/\/rms-enlinea.com.ar\/wp-content\/uploads\/2025\/06\/D_796728-MLA31020379765_062019-F.jpg",1200,774,false],"thumbnail":["https:\/\/rms-enlinea.com.ar\/wp-content\/uploads\/2025\/06\/D_796728-MLA31020379765_062019-F-150x150.jpg",150,150,true],"medium":["https:\/\/rms-enlinea.com.ar\/wp-content\/uploads\/2025\/06\/D_796728-MLA31020379765_062019-F-300x194.jpg",300,194,true],"medium_large":["https:\/\/rms-enlinea.com.ar\/wp-content\/uploads\/2025\/06\/D_796728-MLA31020379765_062019-F-768x495.jpg",768,495,true],"large":["https:\/\/rms-enlinea.com.ar\/wp-content\/uploads\/2025\/06\/D_796728-MLA31020379765_062019-F-1024x660.jpg",1024,660,true],"1536x1536":["https:\/\/rms-enlinea.com.ar\/wp-content\/uploads\/2025\/06\/D_796728-MLA31020379765_062019-F.jpg",1200,774,false],"2048x2048":["https:\/\/rms-enlinea.com.ar\/wp-content\/uploads\/2025\/06\/D_796728-MLA31020379765_062019-F.jpg",1200,774,false],"woocommerce_thumbnail":["https:\/\/rms-enlinea.com.ar\/wp-content\/uploads\/2025\/06\/D_796728-MLA31020379765_062019-F-450x450.jpg",450,450,true],"woocommerce_single":["https:\/\/rms-enlinea.com.ar\/wp-content\/uploads\/2025\/06\/D_796728-MLA31020379765_062019-F-600x387.jpg",600,387,true],"woocommerce_gallery_thumbnail":["https:\/\/rms-enlinea.com.ar\/wp-content\/uploads\/2025\/06\/D_796728-MLA31020379765_062019-F-100x100.jpg",100,100,true]},"uagb_author_info":{"display_name":"l0071054","author_link":"https:\/\/rms-enlinea.com.ar\/tienda\/author\/"},"uagb_comment_info":0,"uagb_excerpt":"DESCRIPCI\u00d3NSISTEMA: INAL\u00c1MBRICO UHF DE DOBLE CANALTIPO: HANDHELD \/ AURICULARES \/ LAVALIERE \/ GUITARRA MICR\u00d3FONOS INAL\u00c1MBRICOS UHF3 EN UNO, PODES USAR DOS DE MANERA SIMULTANEA! RECEPTORRELACI\u00d3N SE\u00d1AL RUIDO : M\u00c1S DE 80DBIMAGEN Y RECHAZO DE ESPURIAS : MAS DE 80DBSENSIBILIDAD DE RECEPCI\u00d3N : 10DBUVDE-ENFASYS 50US MICR\u00d3FONOPOTENCIA DEL TRANSMISOR : 8.5MWTIPO DE MODULACI\u00d3N : FM, F3FDESVIACI\u00d3N M\u00c1XIMA&hellip;","_links":{"self":[{"href":"https:\/\/rms-enlinea.com.ar\/tienda\/wp-json\/wp\/v2\/product\/19362","targetHints":{"allow":["GET"]}}],"collection":[{"href":"https:\/\/rms-enlinea.com.ar\/tienda\/wp-json\/wp\/v2\/product"}],"about":[{"href":"https:\/\/rms-enlinea.com.ar\/tienda\/wp-json\/wp\/v2\/types\/product"}],"replies":[{"embeddable":true,"href":"https:\/\/rms-enlinea.com.ar\/tienda\/wp-json\/wp\/v2\/comments?post=19362"}],"wp:featuredmedia":[{"embeddable":true,"href":"https:\/\/rms-enlinea.com.ar\/tienda\/wp-json\/wp\/v2\/media\/19363"}],"wp:attachment":[{"href":"https:\/\/rms-enlinea.com.ar\/tienda\/wp-json\/wp\/v2\/media?parent=19362"}],"wp:term":[{"taxonomy":"product_brand","embeddable":true,"href":"https:\/\/rms-enlinea.com.ar\/tienda\/wp-json\/wp\/v2\/product_brand?post=19362"},{"taxonomy":"product_cat","embeddable":true,"href":"https:\/\/rms-enlinea.com.ar\/tienda\/wp-json\/wp\/v2\/product_cat?post=19362"},{"taxonomy":"product_tag","embeddable":true,"href":"https:\/\/rms-enlinea.com.ar\/tienda\/wp-json\/wp\/v2\/product_tag?post=19362"}],"curies":[{"name":"wp","href":"https:\/\/api.w.org\/{rel}","templated":true}]}}