{"id":19560,"date":"2025-06-12T08:37:11","date_gmt":"2025-06-12T11:37:11","guid":{"rendered":"https:\/\/rms-enlinea.com.ar\/tienda\/producto\/pie-de-microfono-con-embrage-gator-gfw-mic-2120\/"},"modified":"2026-04-11T05:10:54","modified_gmt":"2026-04-11T08:10:54","slug":"pie-de-microfono-con-embrage-gator-gfw-mic-2120","status":"publish","type":"product","link":"https:\/\/rms-enlinea.com.ar\/tienda\/producto\/pie-de-microfono-con-embrage-gator-gfw-mic-2120\/","title":{"rendered":"Pie De Microfono Con Embrage Gator Gfw-mic-2120"},"content":{"rendered":"<p>TIPO DE PRODUCTO: PIE DE MICROFONO<br \/>\nMICR\u00d3FONO DELUXE CON BRAZO TELESC\u00d3PICO<br \/>\nTR\u00cdPODE PLEGABLE<br \/>\nMIN \/ MAX ALTURA: 10\/99 PULGADAS (254 MM 2.515 MM)<br \/>\nGESTI\u00d3N DE CABLE INCLUIDO<br \/>\nACERO DE CONSTRUCCI\u00d3N HEAVY DUTY<br \/>\nRECORTE DE SEGURIDAD ROJO EN LOS PIES (EXTRA\u00cdBLE<\/p>\n","protected":false},"excerpt":{"rendered":"<p>TIPO DE PRODUCTO: PIE DE MICROFONO MICR\u00d3FONO DELUXE CON BRAZO TELESC\u00d3PICO TR\u00cdPODE PLEGABLE MIN \/ MAX ALTURA: 10\/99 PULGADAS (254 MM 2.515 MM) GESTI\u00d3N DE CABLE INCLUIDO ACERO DE CONSTRUCCI\u00d3N HEAVY DUTY RECORTE DE SEGURIDAD ROJO EN LOS PIES (EXTRA\u00cdBLE<\/p>\n","protected":false},"featured_media":19561,"comment_status":"open","ping_status":"closed","template":"","meta":{"_uag_custom_page_level_css":""},"product_brand":[525],"product_cat":[77],"product_tag":[],"class_list":{"0":"post-19560","1":"product","2":"type-product","3":"status-publish","4":"has-post-thumbnail","6":"product_brand-gator","7":"product_cat-pies-de-microfono-y-soportes","9":"first","10":"outofstock","11":"sale","12":"taxable","13":"shipping-taxable","14":"purchasable","15":"product-type-simple"},"uagb_featured_image_src":{"full":["https:\/\/rms-enlinea.com.ar\/wp-content\/uploads\/2025\/06\/D_727396-MLA29963274644_042019-F.jpg",1100,800,false],"thumbnail":["https:\/\/rms-enlinea.com.ar\/wp-content\/uploads\/2025\/06\/D_727396-MLA29963274644_042019-F-150x150.jpg",150,150,true],"medium":["https:\/\/rms-enlinea.com.ar\/wp-content\/uploads\/2025\/06\/D_727396-MLA29963274644_042019-F-300x218.jpg",300,218,true],"medium_large":["https:\/\/rms-enlinea.com.ar\/wp-content\/uploads\/2025\/06\/D_727396-MLA29963274644_042019-F-768x559.jpg",768,559,true],"large":["https:\/\/rms-enlinea.com.ar\/wp-content\/uploads\/2025\/06\/D_727396-MLA29963274644_042019-F-1024x745.jpg",1024,745,true],"1536x1536":["https:\/\/rms-enlinea.com.ar\/wp-content\/uploads\/2025\/06\/D_727396-MLA29963274644_042019-F.jpg",1100,800,false],"2048x2048":["https:\/\/rms-enlinea.com.ar\/wp-content\/uploads\/2025\/06\/D_727396-MLA29963274644_042019-F.jpg",1100,800,false],"woocommerce_thumbnail":["https:\/\/rms-enlinea.com.ar\/wp-content\/uploads\/2025\/06\/D_727396-MLA29963274644_042019-F-450x450.jpg",450,450,true],"woocommerce_single":["https:\/\/rms-enlinea.com.ar\/wp-content\/uploads\/2025\/06\/D_727396-MLA29963274644_042019-F-600x436.jpg",600,436,true],"woocommerce_gallery_thumbnail":["https:\/\/rms-enlinea.com.ar\/wp-content\/uploads\/2025\/06\/D_727396-MLA29963274644_042019-F-100x100.jpg",100,100,true]},"uagb_author_info":{"display_name":"l0071054","author_link":"https:\/\/rms-enlinea.com.ar\/tienda\/author\/"},"uagb_comment_info":0,"uagb_excerpt":"TIPO DE PRODUCTO: PIE DE MICROFONO MICR\u00d3FONO DELUXE CON BRAZO TELESC\u00d3PICO TR\u00cdPODE PLEGABLE MIN \/ MAX ALTURA: 10\/99 PULGADAS (254 MM 2.515 MM) GESTI\u00d3N DE CABLE INCLUIDO ACERO DE CONSTRUCCI\u00d3N HEAVY DUTY RECORTE DE SEGURIDAD ROJO EN LOS PIES (EXTRA\u00cdBLE","_links":{"self":[{"href":"https:\/\/rms-enlinea.com.ar\/tienda\/wp-json\/wp\/v2\/product\/19560","targetHints":{"allow":["GET"]}}],"collection":[{"href":"https:\/\/rms-enlinea.com.ar\/tienda\/wp-json\/wp\/v2\/product"}],"about":[{"href":"https:\/\/rms-enlinea.com.ar\/tienda\/wp-json\/wp\/v2\/types\/product"}],"replies":[{"embeddable":true,"href":"https:\/\/rms-enlinea.com.ar\/tienda\/wp-json\/wp\/v2\/comments?post=19560"}],"wp:featuredmedia":[{"embeddable":true,"href":"https:\/\/rms-enlinea.com.ar\/tienda\/wp-json\/wp\/v2\/media\/19561"}],"wp:attachment":[{"href":"https:\/\/rms-enlinea.com.ar\/tienda\/wp-json\/wp\/v2\/media?parent=19560"}],"wp:term":[{"taxonomy":"product_brand","embeddable":true,"href":"https:\/\/rms-enlinea.com.ar\/tienda\/wp-json\/wp\/v2\/product_brand?post=19560"},{"taxonomy":"product_cat","embeddable":true,"href":"https:\/\/rms-enlinea.com.ar\/tienda\/wp-json\/wp\/v2\/product_cat?post=19560"},{"taxonomy":"product_tag","embeddable":true,"href":"https:\/\/rms-enlinea.com.ar\/tienda\/wp-json\/wp\/v2\/product_tag?post=19560"}],"curies":[{"name":"wp","href":"https:\/\/api.w.org\/{rel}","templated":true}]}}