{"id":19622,"date":"2025-06-12T08:38:50","date_gmt":"2025-06-12T11:38:50","guid":{"rendered":"https:\/\/rms-enlinea.com.ar\/tienda\/producto\/esquinero-bolita-apilable-rack-anvil-penn-elcom-c1353z\/"},"modified":"2026-04-08T01:30:12","modified_gmt":"2026-04-08T04:30:12","slug":"esquinero-bolita-apilable-rack-anvil-penn-elcom-c1353z","status":"publish","type":"product","link":"https:\/\/rms-enlinea.com.ar\/tienda\/producto\/esquinero-bolita-apilable-rack-anvil-penn-elcom-c1353z\/","title":{"rendered":"Esquinero Bolita Apilable Rack Anvil Penn Elcom C1353z"},"content":{"rendered":"<p>TIPO DE PRODUCTO: ESQUINERO<br \/>TIPO: BOLITA MEDIANO<br \/>MATERIAL ACERO<br \/>SUPERFICIE GALVANIZADO<br \/>COLOR PLATEADO<br \/>ESPESOR 1,2 MM<br \/>ORIFICIOS DE MONTAJE 5 MM<br \/>N\u00daMERO DE PATAS 3<br \/>N\u00daMERO DE ORIFICIOS DE MONTAJE 3<br \/>ESCUADRA INTEGRADA NO<br \/>PASO PERFIL NO<br \/>APILABLE S\u00cd<\/p>\n","protected":false},"excerpt":{"rendered":"<p>TIPO DE PRODUCTO: ESQUINEROTIPO: BOLITA MEDIANOMATERIAL ACEROSUPERFICIE GALVANIZADOCOLOR PLATEADOESPESOR 1,2 MMORIFICIOS DE MONTAJE 5 MMN\u00daMERO DE PATAS 3N\u00daMERO DE ORIFICIOS DE MONTAJE 3ESCUADRA INTEGRADA NOPASO PERFIL NOAPILABLE S\u00cd<\/p>\n","protected":false},"featured_media":19623,"comment_status":"open","ping_status":"closed","template":"","meta":{"_uag_custom_page_level_css":""},"product_brand":[471],"product_cat":[40],"product_tag":[562],"class_list":{"0":"post-19622","1":"product","2":"type-product","3":"status-publish","4":"has-post-thumbnail","6":"product_brand-penn-elcom","7":"product_cat-esquineros","8":"product_tag-metalico","10":"first","11":"instock","12":"sale","13":"taxable","14":"shipping-taxable","15":"purchasable","16":"product-type-simple"},"uagb_featured_image_src":{"full":["https:\/\/rms-enlinea.com.ar\/wp-content\/uploads\/2025\/06\/D_904914-MLA27020830393_032018-F.jpg",785,743,false],"thumbnail":["https:\/\/rms-enlinea.com.ar\/wp-content\/uploads\/2025\/06\/D_904914-MLA27020830393_032018-F-150x150.jpg",150,150,true],"medium":["https:\/\/rms-enlinea.com.ar\/wp-content\/uploads\/2025\/06\/D_904914-MLA27020830393_032018-F-300x284.jpg",300,284,true],"medium_large":["https:\/\/rms-enlinea.com.ar\/wp-content\/uploads\/2025\/06\/D_904914-MLA27020830393_032018-F-768x727.jpg",768,727,true],"large":["https:\/\/rms-enlinea.com.ar\/wp-content\/uploads\/2025\/06\/D_904914-MLA27020830393_032018-F.jpg",785,743,false],"1536x1536":["https:\/\/rms-enlinea.com.ar\/wp-content\/uploads\/2025\/06\/D_904914-MLA27020830393_032018-F.jpg",785,743,false],"2048x2048":["https:\/\/rms-enlinea.com.ar\/wp-content\/uploads\/2025\/06\/D_904914-MLA27020830393_032018-F.jpg",785,743,false],"woocommerce_thumbnail":["https:\/\/rms-enlinea.com.ar\/wp-content\/uploads\/2025\/06\/D_904914-MLA27020830393_032018-F-450x450.jpg",450,450,true],"woocommerce_single":["https:\/\/rms-enlinea.com.ar\/wp-content\/uploads\/2025\/06\/D_904914-MLA27020830393_032018-F-600x568.jpg",600,568,true],"woocommerce_gallery_thumbnail":["https:\/\/rms-enlinea.com.ar\/wp-content\/uploads\/2025\/06\/D_904914-MLA27020830393_032018-F-100x100.jpg",100,100,true]},"uagb_author_info":{"display_name":"l0071054","author_link":"https:\/\/rms-enlinea.com.ar\/tienda\/author\/"},"uagb_comment_info":0,"uagb_excerpt":"TIPO DE PRODUCTO: ESQUINEROTIPO: BOLITA MEDIANOMATERIAL ACEROSUPERFICIE GALVANIZADOCOLOR PLATEADOESPESOR 1,2 MMORIFICIOS DE MONTAJE 5 MMN\u00daMERO DE PATAS 3N\u00daMERO DE ORIFICIOS DE MONTAJE 3ESCUADRA INTEGRADA NOPASO PERFIL NOAPILABLE S\u00cd","_links":{"self":[{"href":"https:\/\/rms-enlinea.com.ar\/tienda\/wp-json\/wp\/v2\/product\/19622","targetHints":{"allow":["GET"]}}],"collection":[{"href":"https:\/\/rms-enlinea.com.ar\/tienda\/wp-json\/wp\/v2\/product"}],"about":[{"href":"https:\/\/rms-enlinea.com.ar\/tienda\/wp-json\/wp\/v2\/types\/product"}],"replies":[{"embeddable":true,"href":"https:\/\/rms-enlinea.com.ar\/tienda\/wp-json\/wp\/v2\/comments?post=19622"}],"wp:featuredmedia":[{"embeddable":true,"href":"https:\/\/rms-enlinea.com.ar\/tienda\/wp-json\/wp\/v2\/media\/19623"}],"wp:attachment":[{"href":"https:\/\/rms-enlinea.com.ar\/tienda\/wp-json\/wp\/v2\/media?parent=19622"}],"wp:term":[{"taxonomy":"product_brand","embeddable":true,"href":"https:\/\/rms-enlinea.com.ar\/tienda\/wp-json\/wp\/v2\/product_brand?post=19622"},{"taxonomy":"product_cat","embeddable":true,"href":"https:\/\/rms-enlinea.com.ar\/tienda\/wp-json\/wp\/v2\/product_cat?post=19622"},{"taxonomy":"product_tag","embeddable":true,"href":"https:\/\/rms-enlinea.com.ar\/tienda\/wp-json\/wp\/v2\/product_tag?post=19622"}],"curies":[{"name":"wp","href":"https:\/\/api.w.org\/{rel}","templated":true}]}}