{"id":19766,"date":"2025-06-12T08:42:22","date_gmt":"2025-06-12T11:42:22","guid":{"rendered":"https:\/\/rms-enlinea.com.ar\/tienda\/producto\/ficha-speakon-4-contactos-cable-amphenol-sp-4-fnl\/"},"modified":"2026-04-02T19:17:30","modified_gmt":"2026-04-02T22:17:30","slug":"ficha-speakon-4-contactos-cable-amphenol-sp-4-fnl","status":"publish","type":"product","link":"https:\/\/rms-enlinea.com.ar\/tienda\/producto\/ficha-speakon-4-contactos-cable-amphenol-sp-4-fnl\/","title":{"rendered":"Ficha Speakon 4 Contactos Cable Amphenol Sp-4-fnl"},"content":{"rendered":"<p>TIPO DE PRODUCTO: CONECTORES<br \/>TIPO: SPEAKON CABLE<br \/>N\u00daMERO DE PINES: 4<br \/>DI\u00c1METRO DEL CABLE: 6 A 10 MM<br \/>CONTACTOS: PLATEADOS<br \/>TIPO DE CONEXI\u00d3N CONTACTO ATORNILLADO<br \/>CARCASA: METALICA<br \/>ALIVIADOR DE TENSION<br \/>TRABA METALICA<\/p>\n","protected":false},"excerpt":{"rendered":"<p>TIPO DE PRODUCTO: CONECTORESTIPO: SPEAKON CABLEN\u00daMERO DE PINES: 4DI\u00c1METRO DEL CABLE: 6 A 10 MMCONTACTOS: PLATEADOSTIPO DE CONEXI\u00d3N CONTACTO ATORNILLADOCARCASA: METALICAALIVIADOR DE TENSIONTRABA METALICA<\/p>\n","protected":false},"featured_media":19767,"comment_status":"open","ping_status":"closed","template":"","meta":{"_uag_custom_page_level_css":""},"product_brand":[487],"product_cat":[58,86],"product_tag":[],"class_list":{"0":"post-19766","1":"product","2":"type-product","3":"status-publish","4":"has-post-thumbnail","6":"product_brand-amphenol","7":"product_cat-conectores-fichas-y-adaptadores","8":"product_cat-onectores-fichas-y-adaptadores","10":"first","11":"instock","12":"sale","13":"taxable","14":"shipping-taxable","15":"purchasable","16":"product-type-simple"},"uagb_featured_image_src":{"full":["https:\/\/rms-enlinea.com.ar\/wp-content\/uploads\/2025\/06\/D_938249-MLA27571966760_062018-F.jpg",1200,830,false],"thumbnail":["https:\/\/rms-enlinea.com.ar\/wp-content\/uploads\/2025\/06\/D_938249-MLA27571966760_062018-F-150x150.jpg",150,150,true],"medium":["https:\/\/rms-enlinea.com.ar\/wp-content\/uploads\/2025\/06\/D_938249-MLA27571966760_062018-F-300x208.jpg",300,208,true],"medium_large":["https:\/\/rms-enlinea.com.ar\/wp-content\/uploads\/2025\/06\/D_938249-MLA27571966760_062018-F-768x531.jpg",768,531,true],"large":["https:\/\/rms-enlinea.com.ar\/wp-content\/uploads\/2025\/06\/D_938249-MLA27571966760_062018-F-1024x708.jpg",1024,708,true],"1536x1536":["https:\/\/rms-enlinea.com.ar\/wp-content\/uploads\/2025\/06\/D_938249-MLA27571966760_062018-F.jpg",1200,830,false],"2048x2048":["https:\/\/rms-enlinea.com.ar\/wp-content\/uploads\/2025\/06\/D_938249-MLA27571966760_062018-F.jpg",1200,830,false],"woocommerce_thumbnail":["https:\/\/rms-enlinea.com.ar\/wp-content\/uploads\/2025\/06\/D_938249-MLA27571966760_062018-F-450x450.jpg",450,450,true],"woocommerce_single":["https:\/\/rms-enlinea.com.ar\/wp-content\/uploads\/2025\/06\/D_938249-MLA27571966760_062018-F-600x415.jpg",600,415,true],"woocommerce_gallery_thumbnail":["https:\/\/rms-enlinea.com.ar\/wp-content\/uploads\/2025\/06\/D_938249-MLA27571966760_062018-F-100x100.jpg",100,100,true]},"uagb_author_info":{"display_name":"l0071054","author_link":"https:\/\/rms-enlinea.com.ar\/tienda\/author\/"},"uagb_comment_info":0,"uagb_excerpt":"TIPO DE PRODUCTO: CONECTORESTIPO: SPEAKON CABLEN\u00daMERO DE PINES: 4DI\u00c1METRO DEL CABLE: 6 A 10 MMCONTACTOS: PLATEADOSTIPO DE CONEXI\u00d3N CONTACTO ATORNILLADOCARCASA: METALICAALIVIADOR DE TENSIONTRABA METALICA","_links":{"self":[{"href":"https:\/\/rms-enlinea.com.ar\/tienda\/wp-json\/wp\/v2\/product\/19766","targetHints":{"allow":["GET"]}}],"collection":[{"href":"https:\/\/rms-enlinea.com.ar\/tienda\/wp-json\/wp\/v2\/product"}],"about":[{"href":"https:\/\/rms-enlinea.com.ar\/tienda\/wp-json\/wp\/v2\/types\/product"}],"replies":[{"embeddable":true,"href":"https:\/\/rms-enlinea.com.ar\/tienda\/wp-json\/wp\/v2\/comments?post=19766"}],"wp:featuredmedia":[{"embeddable":true,"href":"https:\/\/rms-enlinea.com.ar\/tienda\/wp-json\/wp\/v2\/media\/19767"}],"wp:attachment":[{"href":"https:\/\/rms-enlinea.com.ar\/tienda\/wp-json\/wp\/v2\/media?parent=19766"}],"wp:term":[{"taxonomy":"product_brand","embeddable":true,"href":"https:\/\/rms-enlinea.com.ar\/tienda\/wp-json\/wp\/v2\/product_brand?post=19766"},{"taxonomy":"product_cat","embeddable":true,"href":"https:\/\/rms-enlinea.com.ar\/tienda\/wp-json\/wp\/v2\/product_cat?post=19766"},{"taxonomy":"product_tag","embeddable":true,"href":"https:\/\/rms-enlinea.com.ar\/tienda\/wp-json\/wp\/v2\/product_tag?post=19766"}],"curies":[{"name":"wp","href":"https:\/\/api.w.org\/{rel}","templated":true}]}}