{"id":19784,"date":"2025-06-12T08:43:01","date_gmt":"2025-06-12T11:43:01","guid":{"rendered":"https:\/\/rms-enlinea.com.ar\/tienda\/producto\/microfono-de-mano-uso-vocal-dinamico-jts-tx-8\/"},"modified":"2026-04-16T00:11:58","modified_gmt":"2026-04-16T03:11:58","slug":"microfono-de-mano-uso-vocal-dinamico-jts-tx-8","status":"publish","type":"product","link":"https:\/\/rms-enlinea.com.ar\/tienda\/producto\/microfono-de-mano-uso-vocal-dinamico-jts-tx-8\/","title":{"rendered":"Microfono De Mano Uso Vocal Dinamico Jts Tx-8"},"content":{"rendered":"<p>TIPO DE PRODUCTO: MICROFONO<br \/>TIPO: DE MANO<br \/>CARACTERISTICAS: DIN\u00c1MICO<br \/>MATERIAL: METALICO<br \/>COLOR: NEGRO Y GRIS<br \/>POSEE BOTON DE ENCENDIDO Y APAGADO<br \/>RESPUESTA EN FRECUENCIA: 50 ~ 16.000 HZ<br \/>PATR\u00d3N POLAR: CARDIOIDE, SIM\u00c9TRICO RESPECTO AL EJE DEL MICR\u00d3FONO, UNIFORME CON FRECUENCIA<br \/>SENSIBILIDAD: -75DB*(0.18MV)*0DB=1V\/?BAR <br \/>IMPEDANCIA: 600<\/p>\n","protected":false},"excerpt":{"rendered":"<p>TIPO DE PRODUCTO: MICROFONOTIPO: DE MANOCARACTERISTICAS: DIN\u00c1MICOMATERIAL: METALICOCOLOR: NEGRO Y GRISPOSEE BOTON DE ENCENDIDO Y APAGADORESPUESTA EN FRECUENCIA: 50 ~ 16.000 HZPATR\u00d3N POLAR: CARDIOIDE, SIM\u00c9TRICO RESPECTO AL EJE DEL MICR\u00d3FONO, UNIFORME CON FRECUENCIASENSIBILIDAD: -75DB*(0.18MV)*0DB=1V\/?BAR IMPEDANCIA: 600<\/p>\n","protected":false},"featured_media":19785,"comment_status":"open","ping_status":"closed","template":"","meta":{"_uag_custom_page_level_css":""},"product_brand":[488],"product_cat":[75],"product_tag":[],"class_list":{"0":"post-19784","1":"product","2":"type-product","3":"status-publish","4":"has-post-thumbnail","6":"product_brand-jts","7":"product_cat-microfonos","9":"first","10":"instock","11":"sale","12":"taxable","13":"shipping-taxable","14":"purchasable","15":"product-type-simple"},"uagb_featured_image_src":{"full":["https:\/\/rms-enlinea.com.ar\/wp-content\/uploads\/2025\/06\/D_959977-MLA46246058407_062021-F.jpg",403,817,false],"thumbnail":["https:\/\/rms-enlinea.com.ar\/wp-content\/uploads\/2025\/06\/D_959977-MLA46246058407_062021-F-150x150.jpg",150,150,true],"medium":["https:\/\/rms-enlinea.com.ar\/wp-content\/uploads\/2025\/06\/D_959977-MLA46246058407_062021-F-148x300.jpg",148,300,true],"medium_large":["https:\/\/rms-enlinea.com.ar\/wp-content\/uploads\/2025\/06\/D_959977-MLA46246058407_062021-F.jpg",403,817,false],"large":["https:\/\/rms-enlinea.com.ar\/wp-content\/uploads\/2025\/06\/D_959977-MLA46246058407_062021-F.jpg",403,817,false],"1536x1536":["https:\/\/rms-enlinea.com.ar\/wp-content\/uploads\/2025\/06\/D_959977-MLA46246058407_062021-F.jpg",403,817,false],"2048x2048":["https:\/\/rms-enlinea.com.ar\/wp-content\/uploads\/2025\/06\/D_959977-MLA46246058407_062021-F.jpg",403,817,false],"woocommerce_thumbnail":["https:\/\/rms-enlinea.com.ar\/wp-content\/uploads\/2025\/06\/D_959977-MLA46246058407_062021-F-403x450.jpg",403,450,true],"woocommerce_single":["https:\/\/rms-enlinea.com.ar\/wp-content\/uploads\/2025\/06\/D_959977-MLA46246058407_062021-F.jpg",403,817,false],"woocommerce_gallery_thumbnail":["https:\/\/rms-enlinea.com.ar\/wp-content\/uploads\/2025\/06\/D_959977-MLA46246058407_062021-F-100x100.jpg",100,100,true]},"uagb_author_info":{"display_name":"l0071054","author_link":"https:\/\/rms-enlinea.com.ar\/tienda\/author\/"},"uagb_comment_info":0,"uagb_excerpt":"TIPO DE PRODUCTO: MICROFONOTIPO: DE MANOCARACTERISTICAS: DIN\u00c1MICOMATERIAL: METALICOCOLOR: NEGRO Y GRISPOSEE BOTON DE ENCENDIDO Y APAGADORESPUESTA EN FRECUENCIA: 50 ~ 16.000 HZPATR\u00d3N POLAR: CARDIOIDE, SIM\u00c9TRICO RESPECTO AL EJE DEL MICR\u00d3FONO, UNIFORME CON FRECUENCIASENSIBILIDAD: -75DB*(0.18MV)*0DB=1V\/?BAR IMPEDANCIA: 600","_links":{"self":[{"href":"https:\/\/rms-enlinea.com.ar\/tienda\/wp-json\/wp\/v2\/product\/19784","targetHints":{"allow":["GET"]}}],"collection":[{"href":"https:\/\/rms-enlinea.com.ar\/tienda\/wp-json\/wp\/v2\/product"}],"about":[{"href":"https:\/\/rms-enlinea.com.ar\/tienda\/wp-json\/wp\/v2\/types\/product"}],"replies":[{"embeddable":true,"href":"https:\/\/rms-enlinea.com.ar\/tienda\/wp-json\/wp\/v2\/comments?post=19784"}],"wp:featuredmedia":[{"embeddable":true,"href":"https:\/\/rms-enlinea.com.ar\/tienda\/wp-json\/wp\/v2\/media\/19785"}],"wp:attachment":[{"href":"https:\/\/rms-enlinea.com.ar\/tienda\/wp-json\/wp\/v2\/media?parent=19784"}],"wp:term":[{"taxonomy":"product_brand","embeddable":true,"href":"https:\/\/rms-enlinea.com.ar\/tienda\/wp-json\/wp\/v2\/product_brand?post=19784"},{"taxonomy":"product_cat","embeddable":true,"href":"https:\/\/rms-enlinea.com.ar\/tienda\/wp-json\/wp\/v2\/product_cat?post=19784"},{"taxonomy":"product_tag","embeddable":true,"href":"https:\/\/rms-enlinea.com.ar\/tienda\/wp-json\/wp\/v2\/product_tag?post=19784"}],"curies":[{"name":"wp","href":"https:\/\/api.w.org\/{rel}","templated":true}]}}