{"id":19892,"date":"2025-06-12T08:45:42","date_gmt":"2025-06-12T11:45:42","guid":{"rendered":"https:\/\/rms-enlinea.com.ar\/tienda\/producto\/pipeta-soporte-para-microfono-nx9-tx9-o-similar-jts-mh-22\/"},"modified":"2026-04-05T17:48:51","modified_gmt":"2026-04-05T20:48:51","slug":"pipeta-soporte-para-microfono-nx9-tx9-o-similar-jts-mh-22","status":"publish","type":"product","link":"https:\/\/rms-enlinea.com.ar\/tienda\/producto\/pipeta-soporte-para-microfono-nx9-tx9-o-similar-jts-mh-22\/","title":{"rendered":"Pipeta Soporte Para Microfono Nx9 Tx9 O Similar Jts Mh-22"},"content":{"rendered":"<p>TIPO DE PRODUCTO: PIPETA CLAMP PARA MICR\u00d3FONOS<br \/>\nMATERIAL PL\u00c1STICO<br \/>\nROSCA DEL CONECTOR 5\/8&#8243;<br \/>\nDI\u00c1METRO DE LA PINZA DE MICR\u00d3FONO 19 &#8211; 30 MM<br \/>\nARTICULACI\u00d3N AJUSTABLE<\/p>\n","protected":false},"excerpt":{"rendered":"<p>TIPO DE PRODUCTO: PIPETA CLAMP PARA MICR\u00d3FONOS MATERIAL PL\u00c1STICO ROSCA DEL CONECTOR 5\/8&#8243; DI\u00c1METRO DE LA PINZA DE MICR\u00d3FONO 19 &#8211; 30 MM ARTICULACI\u00d3N AJUSTABLE<\/p>\n","protected":false},"featured_media":19893,"comment_status":"open","ping_status":"closed","template":"","meta":{"_uag_custom_page_level_css":""},"product_brand":[488],"product_cat":[77,15],"product_tag":[],"class_list":{"0":"post-19892","1":"product","2":"type-product","3":"status-publish","4":"has-post-thumbnail","6":"product_brand-jts","7":"product_cat-pies-de-microfono-y-soportes","8":"product_cat-sin-categorizar","10":"first","11":"instock","12":"sale","13":"taxable","14":"shipping-taxable","15":"purchasable","16":"product-type-simple"},"uagb_featured_image_src":{"full":["https:\/\/rms-enlinea.com.ar\/wp-content\/uploads\/2025\/06\/D_646294-MLA31085721800_062019-F.jpg",1200,1200,false],"thumbnail":["https:\/\/rms-enlinea.com.ar\/wp-content\/uploads\/2025\/06\/D_646294-MLA31085721800_062019-F-150x150.jpg",150,150,true],"medium":["https:\/\/rms-enlinea.com.ar\/wp-content\/uploads\/2025\/06\/D_646294-MLA31085721800_062019-F-300x300.jpg",300,300,true],"medium_large":["https:\/\/rms-enlinea.com.ar\/wp-content\/uploads\/2025\/06\/D_646294-MLA31085721800_062019-F-768x768.jpg",768,768,true],"large":["https:\/\/rms-enlinea.com.ar\/wp-content\/uploads\/2025\/06\/D_646294-MLA31085721800_062019-F-1024x1024.jpg",1024,1024,true],"1536x1536":["https:\/\/rms-enlinea.com.ar\/wp-content\/uploads\/2025\/06\/D_646294-MLA31085721800_062019-F.jpg",1200,1200,false],"2048x2048":["https:\/\/rms-enlinea.com.ar\/wp-content\/uploads\/2025\/06\/D_646294-MLA31085721800_062019-F.jpg",1200,1200,false],"woocommerce_thumbnail":["https:\/\/rms-enlinea.com.ar\/wp-content\/uploads\/2025\/06\/D_646294-MLA31085721800_062019-F-450x450.jpg",450,450,true],"woocommerce_single":["https:\/\/rms-enlinea.com.ar\/wp-content\/uploads\/2025\/06\/D_646294-MLA31085721800_062019-F-600x600.jpg",600,600,true],"woocommerce_gallery_thumbnail":["https:\/\/rms-enlinea.com.ar\/wp-content\/uploads\/2025\/06\/D_646294-MLA31085721800_062019-F-100x100.jpg",100,100,true]},"uagb_author_info":{"display_name":"l0071054","author_link":"https:\/\/rms-enlinea.com.ar\/tienda\/author\/"},"uagb_comment_info":0,"uagb_excerpt":"TIPO DE PRODUCTO: PIPETA CLAMP PARA MICR\u00d3FONOS MATERIAL PL\u00c1STICO ROSCA DEL CONECTOR 5\/8&#8243; DI\u00c1METRO DE LA PINZA DE MICR\u00d3FONO 19 &#8211; 30 MM ARTICULACI\u00d3N AJUSTABLE","_links":{"self":[{"href":"https:\/\/rms-enlinea.com.ar\/tienda\/wp-json\/wp\/v2\/product\/19892","targetHints":{"allow":["GET"]}}],"collection":[{"href":"https:\/\/rms-enlinea.com.ar\/tienda\/wp-json\/wp\/v2\/product"}],"about":[{"href":"https:\/\/rms-enlinea.com.ar\/tienda\/wp-json\/wp\/v2\/types\/product"}],"replies":[{"embeddable":true,"href":"https:\/\/rms-enlinea.com.ar\/tienda\/wp-json\/wp\/v2\/comments?post=19892"}],"wp:featuredmedia":[{"embeddable":true,"href":"https:\/\/rms-enlinea.com.ar\/tienda\/wp-json\/wp\/v2\/media\/19893"}],"wp:attachment":[{"href":"https:\/\/rms-enlinea.com.ar\/tienda\/wp-json\/wp\/v2\/media?parent=19892"}],"wp:term":[{"taxonomy":"product_brand","embeddable":true,"href":"https:\/\/rms-enlinea.com.ar\/tienda\/wp-json\/wp\/v2\/product_brand?post=19892"},{"taxonomy":"product_cat","embeddable":true,"href":"https:\/\/rms-enlinea.com.ar\/tienda\/wp-json\/wp\/v2\/product_cat?post=19892"},{"taxonomy":"product_tag","embeddable":true,"href":"https:\/\/rms-enlinea.com.ar\/tienda\/wp-json\/wp\/v2\/product_tag?post=19892"}],"curies":[{"name":"wp","href":"https:\/\/api.w.org\/{rel}","templated":true}]}}