{"id":19947,"date":"2025-06-12T08:46:47","date_gmt":"2025-06-12T11:46:47","guid":{"rendered":"https:\/\/rms-enlinea.com.ar\/tienda\/producto\/microfono-de-mano-vocal-dinamico-drums-jts-sx-7\/"},"modified":"2026-04-04T18:28:00","modified_gmt":"2026-04-04T21:28:00","slug":"microfono-de-mano-vocal-dinamico-drums-jts-sx-7","status":"publish","type":"product","link":"https:\/\/rms-enlinea.com.ar\/tienda\/producto\/microfono-de-mano-vocal-dinamico-drums-jts-sx-7\/","title":{"rendered":"Microfono De Mano Vocal Dinamico Drums Jts Sx-7"},"content":{"rendered":"<p>TIPO DE PRODUCTO: MICROFONO<br \/>\nUSO: VOCAL \/ INSTRUMENTO<br \/>\nTIPO: DINAMICO<br \/>\nRESPUESTA FRECUENCIA: 50-16.500 HZ<br \/>\nPATR\u00d3N POLAR: CARDIOIDE, ROTACIONALMENTE SIM\u00c9TRICO SOBRE EL EJE DEL MICR\u00d3FONO, UNIFORME CON FRECUENCIA<br \/>\nSENSIBILIDAD (A 1.000HZ): -77DB * (0.14MV) * 0DB = 1V \/ \u00bfBAR<br \/>\nIMPEDANCIA: 250 OHMS<br \/>\nCONECTOR: XLR MACHO<br \/>\nCUERPO DE METAL FUNDIDO A PRESI\u00d3N PINTADO EN ESMALTE MET\u00c1LICO CON REJILLA DE ACERO MATE Y ACABADO MATE<\/p>\n","protected":false},"excerpt":{"rendered":"<p>TIPO DE PRODUCTO: MICROFONO USO: VOCAL \/ INSTRUMENTO TIPO: DINAMICO RESPUESTA FRECUENCIA: 50-16.500 HZ PATR\u00d3N POLAR: CARDIOIDE, ROTACIONALMENTE SIM\u00c9TRICO SOBRE EL EJE DEL MICR\u00d3FONO, UNIFORME CON FRECUENCIA SENSIBILIDAD (A 1.000HZ): -77DB * (0.14MV) * 0DB = 1V \/ \u00bfBAR IMPEDANCIA: 250 OHMS CONECTOR: XLR MACHO CUERPO DE METAL FUNDIDO A PRESI\u00d3N PINTADO EN ESMALTE MET\u00c1LICO [&hellip;]<\/p>\n","protected":false},"featured_media":19948,"comment_status":"open","ping_status":"closed","template":"","meta":{"_uag_custom_page_level_css":""},"product_brand":[488],"product_cat":[75],"product_tag":[],"class_list":{"0":"post-19947","1":"product","2":"type-product","3":"status-publish","4":"has-post-thumbnail","6":"product_brand-jts","7":"product_cat-microfonos","9":"first","10":"outofstock","11":"sale","12":"taxable","13":"shipping-taxable","14":"purchasable","15":"product-type-simple"},"uagb_featured_image_src":{"full":["https:\/\/rms-enlinea.com.ar\/wp-content\/uploads\/2025\/06\/D_915208-MLA31037239463_062019-F.jpg",262,540,false],"thumbnail":["https:\/\/rms-enlinea.com.ar\/wp-content\/uploads\/2025\/06\/D_915208-MLA31037239463_062019-F-150x150.jpg",150,150,true],"medium":["https:\/\/rms-enlinea.com.ar\/wp-content\/uploads\/2025\/06\/D_915208-MLA31037239463_062019-F-146x300.jpg",146,300,true],"medium_large":["https:\/\/rms-enlinea.com.ar\/wp-content\/uploads\/2025\/06\/D_915208-MLA31037239463_062019-F.jpg",262,540,false],"large":["https:\/\/rms-enlinea.com.ar\/wp-content\/uploads\/2025\/06\/D_915208-MLA31037239463_062019-F.jpg",262,540,false],"1536x1536":["https:\/\/rms-enlinea.com.ar\/wp-content\/uploads\/2025\/06\/D_915208-MLA31037239463_062019-F.jpg",262,540,false],"2048x2048":["https:\/\/rms-enlinea.com.ar\/wp-content\/uploads\/2025\/06\/D_915208-MLA31037239463_062019-F.jpg",262,540,false],"woocommerce_thumbnail":["https:\/\/rms-enlinea.com.ar\/wp-content\/uploads\/2025\/06\/D_915208-MLA31037239463_062019-F-262x450.jpg",262,450,true],"woocommerce_single":["https:\/\/rms-enlinea.com.ar\/wp-content\/uploads\/2025\/06\/D_915208-MLA31037239463_062019-F.jpg",262,540,false],"woocommerce_gallery_thumbnail":["https:\/\/rms-enlinea.com.ar\/wp-content\/uploads\/2025\/06\/D_915208-MLA31037239463_062019-F-100x100.jpg",100,100,true]},"uagb_author_info":{"display_name":"l0071054","author_link":"https:\/\/rms-enlinea.com.ar\/tienda\/author\/"},"uagb_comment_info":0,"uagb_excerpt":"TIPO DE PRODUCTO: MICROFONO USO: VOCAL \/ INSTRUMENTO TIPO: DINAMICO RESPUESTA FRECUENCIA: 50-16.500 HZ PATR\u00d3N POLAR: CARDIOIDE, ROTACIONALMENTE SIM\u00c9TRICO SOBRE EL EJE DEL MICR\u00d3FONO, UNIFORME CON FRECUENCIA SENSIBILIDAD (A 1.000HZ): -77DB * (0.14MV) * 0DB = 1V \/ \u00bfBAR IMPEDANCIA: 250 OHMS CONECTOR: XLR MACHO CUERPO DE METAL FUNDIDO A PRESI\u00d3N PINTADO EN ESMALTE MET\u00c1LICO&hellip;","_links":{"self":[{"href":"https:\/\/rms-enlinea.com.ar\/tienda\/wp-json\/wp\/v2\/product\/19947","targetHints":{"allow":["GET"]}}],"collection":[{"href":"https:\/\/rms-enlinea.com.ar\/tienda\/wp-json\/wp\/v2\/product"}],"about":[{"href":"https:\/\/rms-enlinea.com.ar\/tienda\/wp-json\/wp\/v2\/types\/product"}],"replies":[{"embeddable":true,"href":"https:\/\/rms-enlinea.com.ar\/tienda\/wp-json\/wp\/v2\/comments?post=19947"}],"wp:featuredmedia":[{"embeddable":true,"href":"https:\/\/rms-enlinea.com.ar\/tienda\/wp-json\/wp\/v2\/media\/19948"}],"wp:attachment":[{"href":"https:\/\/rms-enlinea.com.ar\/tienda\/wp-json\/wp\/v2\/media?parent=19947"}],"wp:term":[{"taxonomy":"product_brand","embeddable":true,"href":"https:\/\/rms-enlinea.com.ar\/tienda\/wp-json\/wp\/v2\/product_brand?post=19947"},{"taxonomy":"product_cat","embeddable":true,"href":"https:\/\/rms-enlinea.com.ar\/tienda\/wp-json\/wp\/v2\/product_cat?post=19947"},{"taxonomy":"product_tag","embeddable":true,"href":"https:\/\/rms-enlinea.com.ar\/tienda\/wp-json\/wp\/v2\/product_tag?post=19947"}],"curies":[{"name":"wp","href":"https:\/\/api.w.org\/{rel}","templated":true}]}}