{"id":19970,"date":"2025-06-12T08:47:25","date_gmt":"2025-06-12T11:47:25","guid":{"rendered":"https:\/\/rms-enlinea.com.ar\/tienda\/producto\/divisor-de-frecuencia-edl-1400d1k2-driver-1-2khz-x-800w\/"},"modified":"2026-02-20T20:38:35","modified_gmt":"2026-02-20T23:38:35","slug":"divisor-de-frecuencia-edl-1400d1k2-driver-1-2khz-x-800w","status":"publish","type":"product","link":"https:\/\/rms-enlinea.com.ar\/tienda\/producto\/divisor-de-frecuencia-edl-1400d1k2-driver-1-2khz-x-800w\/","title":{"rendered":"Divisor De Frecuencia Edl 1400d1k2 Driver 1.2khz X 800w"},"content":{"rendered":"<p>TIPO DE PRODUCTO: DIVISOR DE FRECUENCIA<br \/>MODELO: 1400D1K2<br \/>VIAS: 1 VIA<br \/>OHMS: 8 OHMS<br \/>POTENCIA DE ENTRADA MAXIMA: 400W RMS \/ 800W MUSIC PROG<br \/>APLICACION: DRIVER<br \/>CORTE DE FRECUENCIA: 1200 HZ<\/p>\n<p>IMPORTANTE: <\/p>\n<p>1- SE HACEN TRABAJOS ESPECIALES A PEDIDO.<br \/>2- LAS FOTOS SON ILUSTRATIVAS, EL DISE\u00d1O, TAMA\u00d1OS, COLOR DE LAS PLACAS Y COMPONENTES PUEDEN VARIAR, SEG\u00daN CRITERIO DEL FABRICANTE SIN VARIAR LA CALIDAD DEL PRODUCTO.<\/p>\n","protected":false},"excerpt":{"rendered":"<p>TIPO DE PRODUCTO: DIVISOR DE FRECUENCIAMODELO: 1400D1K2VIAS: 1 VIAOHMS: 8 OHMSPOTENCIA DE ENTRADA MAXIMA: 400W RMS \/ 800W MUSIC PROGAPLICACION: DRIVERCORTE DE FRECUENCIA: 1200 HZ IMPORTANTE: 1- SE HACEN TRABAJOS ESPECIALES A PEDIDO.2- LAS FOTOS SON ILUSTRATIVAS, EL DISE\u00d1O, TAMA\u00d1OS, COLOR DE LAS PLACAS Y COMPONENTES PUEDEN VARIAR, SEG\u00daN CRITERIO DEL FABRICANTE SIN VARIAR LA [&hellip;]<\/p>\n","protected":false},"featured_media":19971,"comment_status":"open","ping_status":"closed","template":"","meta":{"_uag_custom_page_level_css":""},"product_brand":[478],"product_cat":[61],"product_tag":[],"class_list":{"0":"post-19970","1":"product","2":"type-product","3":"status-publish","4":"has-post-thumbnail","6":"product_brand-edl","7":"product_cat-divisores-de-frecuencia","9":"first","10":"instock","11":"sale","12":"taxable","13":"shipping-taxable","14":"purchasable","15":"product-type-simple"},"uagb_featured_image_src":{"full":["https:\/\/rms-enlinea.com.ar\/wp-content\/uploads\/2025\/06\/D_655854-MLA31008445900_062019-F.jpg",888,703,false],"thumbnail":["https:\/\/rms-enlinea.com.ar\/wp-content\/uploads\/2025\/06\/D_655854-MLA31008445900_062019-F-150x150.jpg",150,150,true],"medium":["https:\/\/rms-enlinea.com.ar\/wp-content\/uploads\/2025\/06\/D_655854-MLA31008445900_062019-F-300x238.jpg",300,238,true],"medium_large":["https:\/\/rms-enlinea.com.ar\/wp-content\/uploads\/2025\/06\/D_655854-MLA31008445900_062019-F-768x608.jpg",768,608,true],"large":["https:\/\/rms-enlinea.com.ar\/wp-content\/uploads\/2025\/06\/D_655854-MLA31008445900_062019-F.jpg",888,703,false],"1536x1536":["https:\/\/rms-enlinea.com.ar\/wp-content\/uploads\/2025\/06\/D_655854-MLA31008445900_062019-F.jpg",888,703,false],"2048x2048":["https:\/\/rms-enlinea.com.ar\/wp-content\/uploads\/2025\/06\/D_655854-MLA31008445900_062019-F.jpg",888,703,false],"woocommerce_thumbnail":["https:\/\/rms-enlinea.com.ar\/wp-content\/uploads\/2025\/06\/D_655854-MLA31008445900_062019-F-450x450.jpg",450,450,true],"woocommerce_single":["https:\/\/rms-enlinea.com.ar\/wp-content\/uploads\/2025\/06\/D_655854-MLA31008445900_062019-F-600x475.jpg",600,475,true],"woocommerce_gallery_thumbnail":["https:\/\/rms-enlinea.com.ar\/wp-content\/uploads\/2025\/06\/D_655854-MLA31008445900_062019-F-100x100.jpg",100,100,true]},"uagb_author_info":{"display_name":"l0071054","author_link":"https:\/\/rms-enlinea.com.ar\/tienda\/author\/"},"uagb_comment_info":0,"uagb_excerpt":"TIPO DE PRODUCTO: DIVISOR DE FRECUENCIAMODELO: 1400D1K2VIAS: 1 VIAOHMS: 8 OHMSPOTENCIA DE ENTRADA MAXIMA: 400W RMS \/ 800W MUSIC PROGAPLICACION: DRIVERCORTE DE FRECUENCIA: 1200 HZ IMPORTANTE: 1- SE HACEN TRABAJOS ESPECIALES A PEDIDO.2- LAS FOTOS SON ILUSTRATIVAS, EL DISE\u00d1O, TAMA\u00d1OS, COLOR DE LAS PLACAS Y COMPONENTES PUEDEN VARIAR, SEG\u00daN CRITERIO DEL FABRICANTE SIN VARIAR LA&hellip;","_links":{"self":[{"href":"https:\/\/rms-enlinea.com.ar\/tienda\/wp-json\/wp\/v2\/product\/19970","targetHints":{"allow":["GET"]}}],"collection":[{"href":"https:\/\/rms-enlinea.com.ar\/tienda\/wp-json\/wp\/v2\/product"}],"about":[{"href":"https:\/\/rms-enlinea.com.ar\/tienda\/wp-json\/wp\/v2\/types\/product"}],"replies":[{"embeddable":true,"href":"https:\/\/rms-enlinea.com.ar\/tienda\/wp-json\/wp\/v2\/comments?post=19970"}],"wp:featuredmedia":[{"embeddable":true,"href":"https:\/\/rms-enlinea.com.ar\/tienda\/wp-json\/wp\/v2\/media\/19971"}],"wp:attachment":[{"href":"https:\/\/rms-enlinea.com.ar\/tienda\/wp-json\/wp\/v2\/media?parent=19970"}],"wp:term":[{"taxonomy":"product_brand","embeddable":true,"href":"https:\/\/rms-enlinea.com.ar\/tienda\/wp-json\/wp\/v2\/product_brand?post=19970"},{"taxonomy":"product_cat","embeddable":true,"href":"https:\/\/rms-enlinea.com.ar\/tienda\/wp-json\/wp\/v2\/product_cat?post=19970"},{"taxonomy":"product_tag","embeddable":true,"href":"https:\/\/rms-enlinea.com.ar\/tienda\/wp-json\/wp\/v2\/product_tag?post=19970"}],"curies":[{"name":"wp","href":"https:\/\/api.w.org\/{rel}","templated":true}]}}