{"id":19977,"date":"2025-06-12T08:47:37","date_gmt":"2025-06-12T11:47:37","guid":{"rendered":"https:\/\/rms-enlinea.com.ar\/tienda\/producto\/divisor-de-frecuencia-edl-1800th-tweeter-6-8khz-x-800w\/"},"modified":"2026-04-02T17:03:10","modified_gmt":"2026-04-02T20:03:10","slug":"divisor-de-frecuencia-edl-1800th-tweeter-6-8khz-x-800w","status":"publish","type":"product","link":"https:\/\/rms-enlinea.com.ar\/tienda\/producto\/divisor-de-frecuencia-edl-1800th-tweeter-6-8khz-x-800w\/","title":{"rendered":"Divisor De Frecuencia Edl 1800th Tweeter 6.8khz X 800w"},"content":{"rendered":"<p>TIPO DE PRODUCTO: DIVISOR DE FRECUENCIA<br \/>MODELO: 1800TH<br \/>APLICACION: TWEETER BALA<br \/>VIAS: 1 VIA<br \/>OHMS: 8 OHMS<br \/>POTENCIA DE ENTRADA MAXIMA: 800W RMS \/ 1600W MUSIC PROG<br \/>CORTE DE FRECUENCIA: 6800 HZ<\/p>\n<p>IMPORTANTE: <\/p>\n<p>1- SE HACEN TRABAJOS ESPECIALES A PEDIDO.<br \/>2- LAS FOTOS SON ILUSTRATIVAS, EL DISE\u00d1O, TAMA\u00d1OS, COLOR DE LAS PLACAS Y COMPONENTES PUEDEN VARIAR, SEG\u00daN CRITERIO DEL FABRICANTE SIN VARIAR LA CALIDAD DEL PRODUCTO.<\/p>\n","protected":false},"excerpt":{"rendered":"<p>TIPO DE PRODUCTO: DIVISOR DE FRECUENCIAMODELO: 1800THAPLICACION: TWEETER BALAVIAS: 1 VIAOHMS: 8 OHMSPOTENCIA DE ENTRADA MAXIMA: 800W RMS \/ 1600W MUSIC PROGCORTE DE FRECUENCIA: 6800 HZ IMPORTANTE: 1- SE HACEN TRABAJOS ESPECIALES A PEDIDO.2- LAS FOTOS SON ILUSTRATIVAS, EL DISE\u00d1O, TAMA\u00d1OS, COLOR DE LAS PLACAS Y COMPONENTES PUEDEN VARIAR, SEG\u00daN CRITERIO DEL FABRICANTE SIN VARIAR [&hellip;]<\/p>\n","protected":false},"featured_media":19978,"comment_status":"open","ping_status":"closed","template":"","meta":{"_uag_custom_page_level_css":""},"product_brand":[478],"product_cat":[61],"product_tag":[],"class_list":{"0":"post-19977","1":"product","2":"type-product","3":"status-publish","4":"has-post-thumbnail","6":"product_brand-edl","7":"product_cat-divisores-de-frecuencia","9":"first","10":"instock","11":"sale","12":"taxable","13":"shipping-taxable","14":"purchasable","15":"product-type-simple"},"uagb_featured_image_src":{"full":["https:\/\/rms-enlinea.com.ar\/wp-content\/uploads\/2025\/06\/D_790984-MLA31036954386_062019-F.jpg",1200,1190,false],"thumbnail":["https:\/\/rms-enlinea.com.ar\/wp-content\/uploads\/2025\/06\/D_790984-MLA31036954386_062019-F-150x150.jpg",150,150,true],"medium":["https:\/\/rms-enlinea.com.ar\/wp-content\/uploads\/2025\/06\/D_790984-MLA31036954386_062019-F-300x298.jpg",300,298,true],"medium_large":["https:\/\/rms-enlinea.com.ar\/wp-content\/uploads\/2025\/06\/D_790984-MLA31036954386_062019-F-768x762.jpg",768,762,true],"large":["https:\/\/rms-enlinea.com.ar\/wp-content\/uploads\/2025\/06\/D_790984-MLA31036954386_062019-F-1024x1015.jpg",1024,1015,true],"1536x1536":["https:\/\/rms-enlinea.com.ar\/wp-content\/uploads\/2025\/06\/D_790984-MLA31036954386_062019-F.jpg",1200,1190,false],"2048x2048":["https:\/\/rms-enlinea.com.ar\/wp-content\/uploads\/2025\/06\/D_790984-MLA31036954386_062019-F.jpg",1200,1190,false],"woocommerce_thumbnail":["https:\/\/rms-enlinea.com.ar\/wp-content\/uploads\/2025\/06\/D_790984-MLA31036954386_062019-F-450x450.jpg",450,450,true],"woocommerce_single":["https:\/\/rms-enlinea.com.ar\/wp-content\/uploads\/2025\/06\/D_790984-MLA31036954386_062019-F-600x595.jpg",600,595,true],"woocommerce_gallery_thumbnail":["https:\/\/rms-enlinea.com.ar\/wp-content\/uploads\/2025\/06\/D_790984-MLA31036954386_062019-F-100x100.jpg",100,100,true]},"uagb_author_info":{"display_name":"l0071054","author_link":"https:\/\/rms-enlinea.com.ar\/tienda\/author\/"},"uagb_comment_info":0,"uagb_excerpt":"TIPO DE PRODUCTO: DIVISOR DE FRECUENCIAMODELO: 1800THAPLICACION: TWEETER BALAVIAS: 1 VIAOHMS: 8 OHMSPOTENCIA DE ENTRADA MAXIMA: 800W RMS \/ 1600W MUSIC PROGCORTE DE FRECUENCIA: 6800 HZ IMPORTANTE: 1- SE HACEN TRABAJOS ESPECIALES A PEDIDO.2- LAS FOTOS SON ILUSTRATIVAS, EL DISE\u00d1O, TAMA\u00d1OS, COLOR DE LAS PLACAS Y COMPONENTES PUEDEN VARIAR, SEG\u00daN CRITERIO DEL FABRICANTE SIN VARIAR&hellip;","_links":{"self":[{"href":"https:\/\/rms-enlinea.com.ar\/tienda\/wp-json\/wp\/v2\/product\/19977","targetHints":{"allow":["GET"]}}],"collection":[{"href":"https:\/\/rms-enlinea.com.ar\/tienda\/wp-json\/wp\/v2\/product"}],"about":[{"href":"https:\/\/rms-enlinea.com.ar\/tienda\/wp-json\/wp\/v2\/types\/product"}],"replies":[{"embeddable":true,"href":"https:\/\/rms-enlinea.com.ar\/tienda\/wp-json\/wp\/v2\/comments?post=19977"}],"wp:featuredmedia":[{"embeddable":true,"href":"https:\/\/rms-enlinea.com.ar\/tienda\/wp-json\/wp\/v2\/media\/19978"}],"wp:attachment":[{"href":"https:\/\/rms-enlinea.com.ar\/tienda\/wp-json\/wp\/v2\/media?parent=19977"}],"wp:term":[{"taxonomy":"product_brand","embeddable":true,"href":"https:\/\/rms-enlinea.com.ar\/tienda\/wp-json\/wp\/v2\/product_brand?post=19977"},{"taxonomy":"product_cat","embeddable":true,"href":"https:\/\/rms-enlinea.com.ar\/tienda\/wp-json\/wp\/v2\/product_cat?post=19977"},{"taxonomy":"product_tag","embeddable":true,"href":"https:\/\/rms-enlinea.com.ar\/tienda\/wp-json\/wp\/v2\/product_tag?post=19977"}],"curies":[{"name":"wp","href":"https:\/\/api.w.org\/{rel}","templated":true}]}}