{"id":19990,"date":"2025-06-12T08:48:03","date_gmt":"2025-06-12T11:48:03","guid":{"rendered":"https:\/\/rms-enlinea.com.ar\/tienda\/producto\/jack-stereo-hembra-circuito-impreso-amphenol-acjs-mh\/"},"modified":"2026-04-08T00:11:01","modified_gmt":"2026-04-08T03:11:01","slug":"jack-stereo-hembra-circuito-impreso-amphenol-acjs-mh","status":"publish","type":"product","link":"https:\/\/rms-enlinea.com.ar\/tienda\/producto\/jack-stereo-hembra-circuito-impreso-amphenol-acjs-mh\/","title":{"rendered":"Jack Stereo Hembra Circuito Impreso Amphenol Acjs-mh"},"content":{"rendered":"<p>TIPO DE PRODUCTO: JACK 1\/4&#8243;<br \/>TIPO: HEMBRA CON PINES PARA PCB (PLAQUETA)<br \/>N\u00daMERO DE PINES: 3<br \/>CONTACTOS: PLATEADOS<br \/>TIPO DE CONEXI\u00d3N: SOLDADURA<br \/>CARCASA: PL\u00c1STICA<br \/>PESO 0,010 KG<\/p>\n","protected":false},"excerpt":{"rendered":"<p>TIPO DE PRODUCTO: JACK 1\/4&#8243;TIPO: HEMBRA CON PINES PARA PCB (PLAQUETA)N\u00daMERO DE PINES: 3CONTACTOS: PLATEADOSTIPO DE CONEXI\u00d3N: SOLDADURACARCASA: PL\u00c1STICAPESO 0,010 KG<\/p>\n","protected":false},"featured_media":19991,"comment_status":"open","ping_status":"closed","template":"","meta":{"_uag_custom_page_level_css":""},"product_brand":[487],"product_cat":[15],"product_tag":[],"class_list":{"0":"post-19990","1":"product","2":"type-product","3":"status-publish","4":"has-post-thumbnail","6":"product_brand-amphenol","7":"product_cat-sin-categorizar","9":"first","10":"instock","11":"sale","12":"taxable","13":"shipping-taxable","14":"purchasable","15":"product-type-simple"},"uagb_featured_image_src":{"full":["https:\/\/rms-enlinea.com.ar\/wp-content\/uploads\/2025\/06\/D_831472-MLA50335157216_062022-F.jpg",924,774,false],"thumbnail":["https:\/\/rms-enlinea.com.ar\/wp-content\/uploads\/2025\/06\/D_831472-MLA50335157216_062022-F-150x150.jpg",150,150,true],"medium":["https:\/\/rms-enlinea.com.ar\/wp-content\/uploads\/2025\/06\/D_831472-MLA50335157216_062022-F-300x251.jpg",300,251,true],"medium_large":["https:\/\/rms-enlinea.com.ar\/wp-content\/uploads\/2025\/06\/D_831472-MLA50335157216_062022-F-768x643.jpg",768,643,true],"large":["https:\/\/rms-enlinea.com.ar\/wp-content\/uploads\/2025\/06\/D_831472-MLA50335157216_062022-F.jpg",924,774,false],"1536x1536":["https:\/\/rms-enlinea.com.ar\/wp-content\/uploads\/2025\/06\/D_831472-MLA50335157216_062022-F.jpg",924,774,false],"2048x2048":["https:\/\/rms-enlinea.com.ar\/wp-content\/uploads\/2025\/06\/D_831472-MLA50335157216_062022-F.jpg",924,774,false],"woocommerce_thumbnail":["https:\/\/rms-enlinea.com.ar\/wp-content\/uploads\/2025\/06\/D_831472-MLA50335157216_062022-F-450x450.jpg",450,450,true],"woocommerce_single":["https:\/\/rms-enlinea.com.ar\/wp-content\/uploads\/2025\/06\/D_831472-MLA50335157216_062022-F-600x503.jpg",600,503,true],"woocommerce_gallery_thumbnail":["https:\/\/rms-enlinea.com.ar\/wp-content\/uploads\/2025\/06\/D_831472-MLA50335157216_062022-F-100x100.jpg",100,100,true]},"uagb_author_info":{"display_name":"l0071054","author_link":"https:\/\/rms-enlinea.com.ar\/tienda\/author\/"},"uagb_comment_info":0,"uagb_excerpt":"TIPO DE PRODUCTO: JACK 1\/4&#8243;TIPO: HEMBRA CON PINES PARA PCB (PLAQUETA)N\u00daMERO DE PINES: 3CONTACTOS: PLATEADOSTIPO DE CONEXI\u00d3N: SOLDADURACARCASA: PL\u00c1STICAPESO 0,010 KG","_links":{"self":[{"href":"https:\/\/rms-enlinea.com.ar\/tienda\/wp-json\/wp\/v2\/product\/19990","targetHints":{"allow":["GET"]}}],"collection":[{"href":"https:\/\/rms-enlinea.com.ar\/tienda\/wp-json\/wp\/v2\/product"}],"about":[{"href":"https:\/\/rms-enlinea.com.ar\/tienda\/wp-json\/wp\/v2\/types\/product"}],"replies":[{"embeddable":true,"href":"https:\/\/rms-enlinea.com.ar\/tienda\/wp-json\/wp\/v2\/comments?post=19990"}],"wp:featuredmedia":[{"embeddable":true,"href":"https:\/\/rms-enlinea.com.ar\/tienda\/wp-json\/wp\/v2\/media\/19991"}],"wp:attachment":[{"href":"https:\/\/rms-enlinea.com.ar\/tienda\/wp-json\/wp\/v2\/media?parent=19990"}],"wp:term":[{"taxonomy":"product_brand","embeddable":true,"href":"https:\/\/rms-enlinea.com.ar\/tienda\/wp-json\/wp\/v2\/product_brand?post=19990"},{"taxonomy":"product_cat","embeddable":true,"href":"https:\/\/rms-enlinea.com.ar\/tienda\/wp-json\/wp\/v2\/product_cat?post=19990"},{"taxonomy":"product_tag","embeddable":true,"href":"https:\/\/rms-enlinea.com.ar\/tienda\/wp-json\/wp\/v2\/product_tag?post=19990"}],"curies":[{"name":"wp","href":"https:\/\/api.w.org\/{rel}","templated":true}]}}