{"id":20067,"date":"2025-06-12T08:49:34","date_gmt":"2025-06-12T11:49:34","guid":{"rendered":"https:\/\/rms-enlinea.com.ar\/tienda\/producto\/splitter-dmx-8-canales-consola-mezclador-dmx-pls-dd8u\/"},"modified":"2026-04-04T18:08:11","modified_gmt":"2026-04-04T21:08:11","slug":"splitter-dmx-8-canales-consola-mezclador-dmx-pls-dd8u-2","status":"publish","type":"product","link":"https:\/\/rms-enlinea.com.ar\/tienda\/producto\/splitter-dmx-8-canales-consola-mezclador-dmx-pls-dd8u-2\/","title":{"rendered":"Splitter Dmx 8 Canales Consola Mezclador Dmx Pls Dd8u"},"content":{"rendered":"<p>&#8211; Se\u00f1al DMX-512.<br \/>&#8211; Aislamiento \u00f3ptico.<br \/>&#8211; Indicador de se\u00f1al DMX de entrada y en cada una de las 8 salidas.<br \/>&#8211; Calidad de se\u00f1al optimizada durante transmisiones de larga duraci\u00f3n.<br \/>&#8211; Aislamiento el\u00e9ctrico entre entradas y salidas.<br \/>&#8211; 8 conectores XLR de 3 pines: Salida DMX.<br \/>&#8211; 1 conector XLR de 3 pines: Entrada DMX.<br \/>&#8211; 1 conector XLR de 5 pines: Entrada DMX.<br \/>&#8211; 1 conector XLR de 3 pines: Salida thru DMX.<br \/>&#8211; 1 conector XLR de 5 pines: Salida thru DMX.<br \/>&#8211; 1 entrada de alimentaci\u00f3n.<br \/>&#8211; Dimensiones: 483x136x46 mm. \/ 19&#215;5.3&#215;1.8 pulg.<br \/>&#8211; Peso: 2.6 Kg. \/ 5.7 Lbs.<\/p>\n","protected":false},"excerpt":{"rendered":"<p>&#8211; Se\u00f1al DMX-512.&#8211; Aislamiento \u00f3ptico.&#8211; Indicador de se\u00f1al DMX de entrada y en cada una de las 8 salidas.&#8211; Calidad de se\u00f1al optimizada durante transmisiones de larga duraci\u00f3n.&#8211; Aislamiento el\u00e9ctrico entre entradas y salidas.&#8211; 8 conectores XLR de 3 pines: Salida DMX.&#8211; 1 conector XLR de 3 pines: Entrada DMX.&#8211; 1 conector XLR de 5 [&hellip;]<\/p>\n","protected":false},"featured_media":20070,"comment_status":"open","ping_status":"closed","template":"","meta":{"_uag_custom_page_level_css":""},"product_brand":[509],"product_cat":[87],"product_tag":[],"class_list":{"0":"post-20067","1":"product","2":"type-product","3":"status-publish","4":"has-post-thumbnail","6":"product_brand-pls","7":"product_cat-consolas-y-controladoras-dmx","9":"first","10":"instock","11":"sale","12":"taxable","13":"shipping-taxable","14":"purchasable","15":"product-type-simple"},"uagb_featured_image_src":{"full":["https:\/\/rms-enlinea.com.ar\/wp-content\/uploads\/2025\/06\/D_892448-MLA72000709274_102023-F-1.jpg",1200,500,false],"thumbnail":["https:\/\/rms-enlinea.com.ar\/wp-content\/uploads\/2025\/06\/D_892448-MLA72000709274_102023-F-1-150x150.jpg",150,150,true],"medium":["https:\/\/rms-enlinea.com.ar\/wp-content\/uploads\/2025\/06\/D_892448-MLA72000709274_102023-F-1-300x125.jpg",300,125,true],"medium_large":["https:\/\/rms-enlinea.com.ar\/wp-content\/uploads\/2025\/06\/D_892448-MLA72000709274_102023-F-1-768x320.jpg",768,320,true],"large":["https:\/\/rms-enlinea.com.ar\/wp-content\/uploads\/2025\/06\/D_892448-MLA72000709274_102023-F-1-1024x427.jpg",1024,427,true],"1536x1536":["https:\/\/rms-enlinea.com.ar\/wp-content\/uploads\/2025\/06\/D_892448-MLA72000709274_102023-F-1.jpg",1200,500,false],"2048x2048":["https:\/\/rms-enlinea.com.ar\/wp-content\/uploads\/2025\/06\/D_892448-MLA72000709274_102023-F-1.jpg",1200,500,false],"woocommerce_thumbnail":["https:\/\/rms-enlinea.com.ar\/wp-content\/uploads\/2025\/06\/D_892448-MLA72000709274_102023-F-1-450x450.jpg",450,450,true],"woocommerce_single":["https:\/\/rms-enlinea.com.ar\/wp-content\/uploads\/2025\/06\/D_892448-MLA72000709274_102023-F-1-600x250.jpg",600,250,true],"woocommerce_gallery_thumbnail":["https:\/\/rms-enlinea.com.ar\/wp-content\/uploads\/2025\/06\/D_892448-MLA72000709274_102023-F-1-100x100.jpg",100,100,true]},"uagb_author_info":{"display_name":"l0071054","author_link":"https:\/\/rms-enlinea.com.ar\/tienda\/author\/"},"uagb_comment_info":0,"uagb_excerpt":"&#8211; Se\u00f1al DMX-512.&#8211; Aislamiento \u00f3ptico.&#8211; Indicador de se\u00f1al DMX de entrada y en cada una de las 8 salidas.&#8211; Calidad de se\u00f1al optimizada durante transmisiones de larga duraci\u00f3n.&#8211; Aislamiento el\u00e9ctrico entre entradas y salidas.&#8211; 8 conectores XLR de 3 pines: Salida DMX.&#8211; 1 conector XLR de 3 pines: Entrada DMX.&#8211; 1 conector XLR de 5&hellip;","_links":{"self":[{"href":"https:\/\/rms-enlinea.com.ar\/tienda\/wp-json\/wp\/v2\/product\/20067","targetHints":{"allow":["GET"]}}],"collection":[{"href":"https:\/\/rms-enlinea.com.ar\/tienda\/wp-json\/wp\/v2\/product"}],"about":[{"href":"https:\/\/rms-enlinea.com.ar\/tienda\/wp-json\/wp\/v2\/types\/product"}],"replies":[{"embeddable":true,"href":"https:\/\/rms-enlinea.com.ar\/tienda\/wp-json\/wp\/v2\/comments?post=20067"}],"wp:featuredmedia":[{"embeddable":true,"href":"https:\/\/rms-enlinea.com.ar\/tienda\/wp-json\/wp\/v2\/media\/20070"}],"wp:attachment":[{"href":"https:\/\/rms-enlinea.com.ar\/tienda\/wp-json\/wp\/v2\/media?parent=20067"}],"wp:term":[{"taxonomy":"product_brand","embeddable":true,"href":"https:\/\/rms-enlinea.com.ar\/tienda\/wp-json\/wp\/v2\/product_brand?post=20067"},{"taxonomy":"product_cat","embeddable":true,"href":"https:\/\/rms-enlinea.com.ar\/tienda\/wp-json\/wp\/v2\/product_cat?post=20067"},{"taxonomy":"product_tag","embeddable":true,"href":"https:\/\/rms-enlinea.com.ar\/tienda\/wp-json\/wp\/v2\/product_tag?post=20067"}],"curies":[{"name":"wp","href":"https:\/\/api.w.org\/{rel}","templated":true}]}}