{"id":20096,"date":"2025-06-12T08:50:15","date_gmt":"2025-06-12T11:50:15","guid":{"rendered":"https:\/\/rms-enlinea.com.ar\/tienda\/producto\/par-led-30-led-rgba-uv-de-2w-banador-tecshow-cosmo-max\/"},"modified":"2026-04-11T02:41:09","modified_gmt":"2026-04-11T05:41:09","slug":"par-led-30-led-rgba-uv-de-2w-banador-tecshow-cosmo-max","status":"publish","type":"product","link":"https:\/\/rms-enlinea.com.ar\/tienda\/producto\/par-led-30-led-rgba-uv-de-2w-banador-tecshow-cosmo-max\/","title":{"rendered":"Par Led 30 Led Rgba + Uv De 2w Ba\u00f1ador Tecshow Cosmo Max"},"content":{"rendered":"<p>BA\u00d1ADOR LED DE 30 LEDS RGBA+UV DE 2W<br \/>\nCOSMO MAX ES UN BA\u00d1ADOR PROFESIONAL QUE CUENTA CON 30 LEDS RGBAUV. SU TECNOLOG\u00cdA LED DE CINCO COLORES INDEPENDIENTES ES IDEAL PARA TODO TIPO DE APLICACIONES YA SEA COBERTURA DE ESPACIOS O CREACI\u00d3N DE EFECTOS. COSMO MAX OFRECE DIMMER LINEAL PARA TODOS LOS COLORES, EFECTO UV Y FUNCI\u00d3N ESTROBO.<br \/>\nFICHA<br \/>\nTECNICA<br \/>\nFUENTE &amp; \u00d3PTICA<br \/>\nFUENTE DE LUZ: 30 LEDS RGBAUV<br \/>\nVIDA \u00daTIL PROMEDIO: 50,000 HORAS<\/p>\n<p>EFECTOS Y FUNCIONES<br \/>\nDIMMER: RANGO COMPLETO 0-100% GENERAL &amp; PARA TODOS LOS COLORES<br \/>\nEFECTO ESTROBO<br \/>\nPROGRAMAS INTEGRADOS<\/p>\n<p>CONTROL<br \/>\nCANALES DMX: 9<br \/>\nMODOS DE OPERACI\u00d3N: DMX, MASTER\/SLAVE, AUTO &amp; AUDIOR\u00cdTMICO<br \/>\nINCLUYE CONTROL REMOTO<\/p>\n<p>F\u00cdSICO<br \/>\nCONECTORES DMX: 2 CONECTORES XLR (XLR-3 ENTRADA Y SALIDA)<br \/>\nDIMENSIONES: 190X190X150 MM.\/ 7.4X7.4X5.9 PULG.<br \/>\nPESO: 1 KG.\/ 2.2 LBS.<\/p>\n","protected":false},"excerpt":{"rendered":"<p>BA\u00d1ADOR LED DE 30 LEDS RGBA+UV DE 2W COSMO MAX ES UN BA\u00d1ADOR PROFESIONAL QUE CUENTA CON 30 LEDS RGBAUV. SU TECNOLOG\u00cdA LED DE CINCO COLORES INDEPENDIENTES ES IDEAL PARA TODO TIPO DE APLICACIONES YA SEA COBERTURA DE ESPACIOS O CREACI\u00d3N DE EFECTOS. COSMO MAX OFRECE DIMMER LINEAL PARA TODOS LOS COLORES, EFECTO UV Y [&hellip;]<\/p>\n","protected":false},"featured_media":20097,"comment_status":"open","ping_status":"closed","template":"","meta":{"_uag_custom_page_level_css":""},"product_brand":[477],"product_cat":[15,97],"product_tag":[],"class_list":{"0":"post-20096","1":"product","2":"type-product","3":"status-publish","4":"has-post-thumbnail","6":"product_brand-ampro","7":"product_cat-sin-categorizar","8":"product_cat-wash-y-par","10":"first","11":"outofstock","12":"sale","13":"taxable","14":"shipping-taxable","15":"purchasable","16":"product-type-simple"},"uagb_featured_image_src":{"full":["https:\/\/rms-enlinea.com.ar\/wp-content\/uploads\/2025\/06\/D_965096-MLA71196911809_082023-F.jpg",500,500,false],"thumbnail":["https:\/\/rms-enlinea.com.ar\/wp-content\/uploads\/2025\/06\/D_965096-MLA71196911809_082023-F-150x150.jpg",150,150,true],"medium":["https:\/\/rms-enlinea.com.ar\/wp-content\/uploads\/2025\/06\/D_965096-MLA71196911809_082023-F-300x300.jpg",300,300,true],"medium_large":["https:\/\/rms-enlinea.com.ar\/wp-content\/uploads\/2025\/06\/D_965096-MLA71196911809_082023-F.jpg",500,500,false],"large":["https:\/\/rms-enlinea.com.ar\/wp-content\/uploads\/2025\/06\/D_965096-MLA71196911809_082023-F.jpg",500,500,false],"1536x1536":["https:\/\/rms-enlinea.com.ar\/wp-content\/uploads\/2025\/06\/D_965096-MLA71196911809_082023-F.jpg",500,500,false],"2048x2048":["https:\/\/rms-enlinea.com.ar\/wp-content\/uploads\/2025\/06\/D_965096-MLA71196911809_082023-F.jpg",500,500,false],"woocommerce_thumbnail":["https:\/\/rms-enlinea.com.ar\/wp-content\/uploads\/2025\/06\/D_965096-MLA71196911809_082023-F-450x450.jpg",450,450,true],"woocommerce_single":["https:\/\/rms-enlinea.com.ar\/wp-content\/uploads\/2025\/06\/D_965096-MLA71196911809_082023-F.jpg",500,500,false],"woocommerce_gallery_thumbnail":["https:\/\/rms-enlinea.com.ar\/wp-content\/uploads\/2025\/06\/D_965096-MLA71196911809_082023-F-100x100.jpg",100,100,true]},"uagb_author_info":{"display_name":"l0071054","author_link":"https:\/\/rms-enlinea.com.ar\/tienda\/author\/"},"uagb_comment_info":0,"uagb_excerpt":"BA\u00d1ADOR LED DE 30 LEDS RGBA+UV DE 2W COSMO MAX ES UN BA\u00d1ADOR PROFESIONAL QUE CUENTA CON 30 LEDS RGBAUV. SU TECNOLOG\u00cdA LED DE CINCO COLORES INDEPENDIENTES ES IDEAL PARA TODO TIPO DE APLICACIONES YA SEA COBERTURA DE ESPACIOS O CREACI\u00d3N DE EFECTOS. COSMO MAX OFRECE DIMMER LINEAL PARA TODOS LOS COLORES, EFECTO UV Y&hellip;","_links":{"self":[{"href":"https:\/\/rms-enlinea.com.ar\/tienda\/wp-json\/wp\/v2\/product\/20096","targetHints":{"allow":["GET"]}}],"collection":[{"href":"https:\/\/rms-enlinea.com.ar\/tienda\/wp-json\/wp\/v2\/product"}],"about":[{"href":"https:\/\/rms-enlinea.com.ar\/tienda\/wp-json\/wp\/v2\/types\/product"}],"replies":[{"embeddable":true,"href":"https:\/\/rms-enlinea.com.ar\/tienda\/wp-json\/wp\/v2\/comments?post=20096"}],"wp:featuredmedia":[{"embeddable":true,"href":"https:\/\/rms-enlinea.com.ar\/tienda\/wp-json\/wp\/v2\/media\/20097"}],"wp:attachment":[{"href":"https:\/\/rms-enlinea.com.ar\/tienda\/wp-json\/wp\/v2\/media?parent=20096"}],"wp:term":[{"taxonomy":"product_brand","embeddable":true,"href":"https:\/\/rms-enlinea.com.ar\/tienda\/wp-json\/wp\/v2\/product_brand?post=20096"},{"taxonomy":"product_cat","embeddable":true,"href":"https:\/\/rms-enlinea.com.ar\/tienda\/wp-json\/wp\/v2\/product_cat?post=20096"},{"taxonomy":"product_tag","embeddable":true,"href":"https:\/\/rms-enlinea.com.ar\/tienda\/wp-json\/wp\/v2\/product_tag?post=20096"}],"curies":[{"name":"wp","href":"https:\/\/api.w.org\/{rel}","templated":true}]}}